{"id":378082,"date":"2026-05-09T17:23:02","date_gmt":"2026-05-09T15:23:02","guid":{"rendered":"https:\/\/fincasolmark.com\/?post_type=product&#038;p=378082"},"modified":"2026-05-10T09:13:09","modified_gmt":"2026-05-10T07:13:09","slug":"extra-virgen-olivolja-finca-solmark-mild-500-ml","status":"publish","type":"product","link":"https:\/\/fincasolmark.com\/sv\/producto\/extra-virgen-olivolja-finca-solmark-mild-500-ml\/","title":{"rendered":"Extra Virgen Olivolja Finca Solmark EKO MILD 500 ml"},"content":{"rendered":"<p style=\"font-weight: 400\">Till skillnad fr\u00e5n SELECTED s\u00e5 \u00e4r v\u00e5r mildare olivolja gjord p\u00e5 oliver som plockats senare under s\u00e4songen och olivoljan f\u00e5r d\u00e5 en sn\u00e4llare smak.<\/p>\n<p style=\"font-weight: 400\">Det \u00e4r lite begr\u00e4nsad m\u00e4ngd av dessa flaskor och de har buteljerats hos ett litet kooperativ i grannbyn El Burgo.<\/p>\n<p style=\"font-weight: 400\">Oliverna \u00e4r noggrant plockade och oljan sedan kallpressad (max 27c) med stor omsorg s\u00e5 att egenskaperna beh\u00e5lls f\u00f6r att erh\u00e5lla en h\u00e4lsosam olja med len smak och h\u00f6g kvalitet.<\/p>\n<p style=\"font-weight: 400\">Flaskan har vi givetvis gjort i en m\u00f6rk flaska och med ett vackert serigrafitryck. Den skall f\u00f6rvaras torrt, m\u00f6rkt och svalt (max 15c) f\u00f6r att h\u00e5lla kvar de goda egenskaperna s\u00e5 l\u00e4nge som m\u00f6jligt.<\/p>\n<p style=\"font-weight: 400\">Det \u00e4r en alldeles utm\u00e4rkt g\u00e5va till n\u00e5gon du tycker om och vill ge n\u00e5got nyttigt.<\/p>\n<p style=\"font-weight: 400\">Att ta en sked olivolja till frukosten \u00e4r inget ovanligt i Spanien. Det ger dig en massa nyttigheter och \u00e4r dessutom riktigt gott. Olivolja av god kvalit\u00e9 fungerar dessutom bra utv\u00e4rtes till torr hy osv.<\/p>\n<p style=\"font-weight: 400\">Finns att k\u00f6pa som 1 l\u00f6s flaska (500ml) f\u00f6r 199kr.<\/p>\n","protected":false},"excerpt":{"rendered":"<p><strong>Extra Jungfru Olivolja Finca Solmark MILD 500 ml<\/strong><\/p>\n","protected":false},"featured_media":276279,"comment_status":"open","ping_status":"closed","template":"","meta":{"_et_pb_use_builder":"off","_et_pb_old_content":"V\u00e5r ekologiska extra virgen olivolja framst\u00e4lls av oliver med en mjuk och len smak och den \u00e4r perfekt att anv\u00e4nda i matlagningen p\u00e5 alla m\u00f6jliga s\u00e4tt. Du kan ringla den \u00f6ver en sallad, steka i den, anv\u00e4nda den till br\u00f6d eller varf\u00f6r inte att baka med. Med sin mjuka smak \u00e4r den extra god att anv\u00e4nda till prim\u00f6rer, fisk och gr\u00f6nsaker i stekpannan.\r\n\r\nJag l\u00e4gger stor omsorg och mycket engagemang i produkterna \u2013 f\u00f6r att kunna tillfredsst\u00e4lla \u00e4ven den mest kr\u00e4sne gastronomen.\r\n\r\nJag kallar den f\u00f6r SELECTED och jag hoppas verkligen att du uppskattar olivoljans arom och goda smak.\r\n\r\nOljan finns i f\u00f6rpackning om 6 glasflaskor a\u00b4 500ml eller 1 flaska a\u00b4500ml. Den kan ocks\u00e5 k\u00f6pas i flera olika kombinationsl\u00e5dor med t ex honung.","_et_gb_content_width":""},"product_brand":[],"product_cat":[381,57],"product_tag":[],"class_list":{"0":"post-378082","1":"product","2":"type-product","3":"status-publish","4":"has-post-thumbnail","6":"product_cat-nyhet","7":"product_cat-olivolja","9":"first","10":"instock","11":"taxable","12":"shipping-taxable","13":"purchasable","14":"product-type-simple"},"_links":{"self":[{"href":"https:\/\/fincasolmark.com\/sv\/wp-json\/wp\/v2\/product\/378082","targetHints":{"allow":["GET"]}}],"collection":[{"href":"https:\/\/fincasolmark.com\/sv\/wp-json\/wp\/v2\/product"}],"about":[{"href":"https:\/\/fincasolmark.com\/sv\/wp-json\/wp\/v2\/types\/product"}],"replies":[{"embeddable":true,"href":"https:\/\/fincasolmark.com\/sv\/wp-json\/wp\/v2\/comments?post=378082"}],"wp:featuredmedia":[{"embeddable":true,"href":"https:\/\/fincasolmark.com\/sv\/wp-json\/wp\/v2\/media\/276279"}],"wp:attachment":[{"href":"https:\/\/fincasolmark.com\/sv\/wp-json\/wp\/v2\/media?parent=378082"}],"wp:term":[{"taxonomy":"product_brand","embeddable":true,"href":"https:\/\/fincasolmark.com\/sv\/wp-json\/wp\/v2\/product_brand?post=378082"},{"taxonomy":"product_cat","embeddable":true,"href":"https:\/\/fincasolmark.com\/sv\/wp-json\/wp\/v2\/product_cat?post=378082"},{"taxonomy":"product_tag","embeddable":true,"href":"https:\/\/fincasolmark.com\/sv\/wp-json\/wp\/v2\/product_tag?post=378082"}],"curies":[{"name":"wp","href":"https:\/\/api.w.org\/{rel}","templated":true}]}}