{"id":376928,"date":"2026-04-26T08:45:04","date_gmt":"2026-04-26T06:45:04","guid":{"rendered":"https:\/\/fincasolmark.com\/?post_type=product&#038;p=376928"},"modified":"2026-04-27T22:58:02","modified_gmt":"2026-04-27T20:58:02","slug":"farskpressad-clementinjuice-eko-3-liter-x2","status":"publish","type":"product","link":"https:\/\/fincasolmark.com\/sv\/producto\/farskpressad-clementinjuice-eko-3-liter-x2\/","title":{"rendered":"F\u00e4rskpressad Clementinjuice EKO 3 liter x 2"},"content":{"rendered":"<p><strong>Clementinjuice <b><span lang=\"SV\">\u2013 2 f\u00f6rpackningar om 3 liter = totalt 6 liter h\u00e4rlig juice<\/span><\/b><\/strong><\/p>\n<p style=\"font-weight: 400\">Finca Solmarks F\u00e4rskpressade Ekologiska Clementinjuice \u00e4r gjord till 100% p\u00e5 de absolut b\u00e4sta ekologiska clementinerna av sorten Safor.<\/p>\n<p style=\"font-weight: 400\">Frukten har pressats till juice och l\u00e4ttpast\u00f6riserats och f\u00f6rpackats av V\u00e4rmd\u00f6 Musteri, vilket inneb\u00e4r att den har v\u00e4rmts upp en kort stund och inte s\u00e4rskilt varmt, f\u00f6r att inte tappa en massa nyttigheter, men nog f\u00f6r att juicen ska klara av att f\u00f6rvaras i sex m\u00e5nader i o\u00f6ppnad f\u00f6rpackning.<\/p>\n<p style=\"font-weight: 400\">Juicen finns i en smart 3-liters bag-in-box, som sedan g\u00e5r att \u00e5tervinna.<\/p>\n<p style=\"font-weight: 400\">Ingredienser: Clementinjuice. Utan fruktk\u00f6tt. Ej fr\u00e5n koncentrat. Omskakas.<\/p>\n<p style=\"font-weight: 400\">N\u00e4ringsv\u00e4rde per 100ml:<br \/>\nEnergi 130 kJ\/31 kcal<br \/>\nFett 0 g<br \/>\nvarav m\u00e4ttat fett 0 g<br \/>\nKolhydrater 7,1 g<br \/>\nvarav sockerarter 7 g<br \/>\nProtein 0,6 g<br \/>\nSalt 0 g<br \/>\n<span lang=\"SV\">F\u00f6rvaring: Rumstemperatur. \u00d6ppen f\u00f6rpackning f\u00f6rvaras i kylsk\u00e5p och b\u00f6r konsumeras inom tre veckor.<br \/>\nL\u00e4tt past\u00f6riserad juice uteslutande fr\u00e5n Finca Solmarks ekologiska clementiner. Inneh\u00e5ller 3 liter clementinjuice.<br \/>\n<\/span>F\u00f6rpackning sorteras som plast.<\/p>\n","protected":false},"excerpt":{"rendered":"<p>Finca Solmarks F\u00e4rskpressade Ekologiska Clementinjuice \u00e4r gjord till 100% p\u00e5 de absolut b\u00e4sta ekologiska clementinerna av sorten Ortanique och helt utan fruktk\u00f6tt.<\/p>\n","protected":false},"featured_media":292540,"comment_status":"open","ping_status":"closed","template":"","meta":{"_et_pb_use_builder":"off","_et_pb_old_content":"<strong>Apelsinjuice<\/strong>\r\n\r\nFinca Solmarks F\u00e4rskpressade Ekologiska Apelsinjuice \u00e4r gjord till 100% p\u00e5 de absolut b\u00e4sta ekologiska apelsinerna av sorten salustianas.\r\n\r\nFrukten har pressats till juice av v\u00e5ra v\u00e4nner p\u00e5 V\u00e4rmd\u00f6 Musteri och \u00e4r l\u00e4tt past\u00f6riserad, vilket inneb\u00e4r att den har v\u00e4rmts upp en kort stund och inte s\u00e4rskilt varmt, f\u00f6r att inte tappa en massa nyttigheter, men nog f\u00f6r att juicen ska klara av att f\u00f6rvaras i sex m\u00e5nader i o\u00f6ppnad f\u00f6rpackning.\r\n\r\nJuicen finns i 3-liters bag-in-box, som sedan g\u00e5r att \u00e5tervinna (plasten f\u00f6r sig och kartongen f\u00f6r sig).\r\n<h6>Ingredienser: Apelsinjuice. Utan fruktk\u00f6tt. Ej fr\u00e5n koncentrat. Omskakas.\r\nN\u00e4ringsv\u00e4rde per 100ml:\r\nEnergi 130 kJ\/31 kcal\r\nFett\u00a0 \u00a0 \u00a0 \u00a0 \u00a0 \u00a0 \u00a0 \u00a0 \u00a0 \u00a0 \u00a0 \u00a0 \u00a0 \u00a0 0 g\r\nvarav m\u00e4ttat fett\u00a0 \u00a0 \u00a00 g\r\nKolhydrater\u00a0 \u00a0 \u00a0 \u00a0 \u00a0 \u00a0 \u00a0 \u00a07,1 g\r\nvarav sockerarter\u00a0 \u00a07 g\r\nProtein\u00a0 \u00a0 \u00a0 \u00a0 \u00a0 \u00a0 \u00a0 \u00a0 \u00a0 \u00a0 \u00a0 0,6 g\r\nSalt\u00a0 \u00a0 \u00a0 \u00a0 \u00a0 \u00a0 \u00a0 \u00a0 \u00a0 \u00a0 \u00a0 \u00a0 \u00a0 \u00a00 g\r\nF\u00f6rvaring: Rumstemperatur. \u00d6ppen f\u00f6rpackning f\u00f6rvaras i kylsk\u00e5p och b\u00f6r konsumeras inom tre veckor.\r\nL\u00e4tt past\u00f6riserad juice uteslutande fr\u00e5n Finca Solmarks ekologiska apelsiner. Inneh\u00e5ller 3 liter apelsinjuice.\r\nYtterf\u00f6rpackning sorteras som papper. Innerf\u00f6rpackning sorteras som plast.<\/h6>\r\n<blockquote>Hela familjen eniga: Den absolut godaste apelsinjuicen vi n\u00e5gonsin smakat!\r\n\r\n<strong class=\"woocommerce-review__author\">Katarina<\/strong><\/blockquote>","_et_gb_content_width":""},"product_brand":[],"product_cat":[170],"product_tag":[],"class_list":{"0":"post-376928","1":"product","2":"type-product","3":"status-publish","4":"has-post-thumbnail","6":"product_cat-juice","8":"first","9":"instock","10":"taxable","11":"shipping-taxable","12":"purchasable","13":"product-type-simple"},"_links":{"self":[{"href":"https:\/\/fincasolmark.com\/sv\/wp-json\/wp\/v2\/product\/376928","targetHints":{"allow":["GET"]}}],"collection":[{"href":"https:\/\/fincasolmark.com\/sv\/wp-json\/wp\/v2\/product"}],"about":[{"href":"https:\/\/fincasolmark.com\/sv\/wp-json\/wp\/v2\/types\/product"}],"replies":[{"embeddable":true,"href":"https:\/\/fincasolmark.com\/sv\/wp-json\/wp\/v2\/comments?post=376928"}],"wp:featuredmedia":[{"embeddable":true,"href":"https:\/\/fincasolmark.com\/sv\/wp-json\/wp\/v2\/media\/292540"}],"wp:attachment":[{"href":"https:\/\/fincasolmark.com\/sv\/wp-json\/wp\/v2\/media?parent=376928"}],"wp:term":[{"taxonomy":"product_brand","embeddable":true,"href":"https:\/\/fincasolmark.com\/sv\/wp-json\/wp\/v2\/product_brand?post=376928"},{"taxonomy":"product_cat","embeddable":true,"href":"https:\/\/fincasolmark.com\/sv\/wp-json\/wp\/v2\/product_cat?post=376928"},{"taxonomy":"product_tag","embeddable":true,"href":"https:\/\/fincasolmark.com\/sv\/wp-json\/wp\/v2\/product_tag?post=376928"}],"curies":[{"name":"wp","href":"https:\/\/api.w.org\/{rel}","templated":true}]}}