{"id":376086,"date":"2026-04-11T17:20:12","date_gmt":"2026-04-11T15:20:12","guid":{"rendered":"https:\/\/fincasolmark.com\/?post_type=product&#038;p=376086"},"modified":"2026-04-13T08:55:07","modified_gmt":"2026-04-13T06:55:07","slug":"apple-golden-eko-4kg","status":"publish","type":"product","link":"https:\/\/fincasolmark.com\/sv\/producto\/apple-golden-eko-4kg\/","title":{"rendered":"\u00c4pple Golden EKO 4kg"},"content":{"rendered":"<p style=\"font-weight: 400;\">Precis som i Sverige s\u00e5 odlas det en hel del \u00e4pplen i Spanien och g\u00f6rs framf\u00f6rallt cider i norra Spanien.<\/p>\n<p style=\"font-weight: 400;\">\n<p style=\"font-weight: 400;\">Givetvis \u00e4ts det ocks\u00e5 \u00e4pplen h\u00e4r och tv\u00e5 av de vanligaste sorterna \u00e4r Golden Delicious (har sitt ursprung i USA) och Fuji (som har ursprung i Fujisaki i Japan).<\/p>\n<p style=\"font-weight: 400;\">\n<p style=\"font-weight: 400;\">Golden \u00e4r lite mjukare och v\u00e4ldigt saftig, bra till juice, bakverk osv, medan Fuji \u00e4r lite krispigare att bita i (men ocks\u00e5 s\u00f6t och perfekt i t ex sallader).<\/p>\n<p style=\"font-weight: 400;\">\n<p style=\"font-weight: 400;\">Av n\u00e5gon anledning verkar det vara d\u00e5ligt med ekologiska \u00e4pplen d\u00e4rhemma av annat \u00e4n Royal Gala eller Granny Smith, s\u00e5 jag tog kontakt med en \u00e4ppelodlare och bad att f\u00e5 handla lite av hans sk\u00f6rd i \u00e5r.<\/p>\n<p style=\"font-weight: 400;\">\n<p style=\"font-weight: 400;\">Det g\u00e5r bra att k\u00f6pa 4kg-l\u00e5dor med antingen Golden Delicious eller Fuji, eller en blandning av b\u00e5da (ungef\u00e4r 2+2kg d\u00e5).<\/p>\n<p style=\"font-weight: 400;\">\n<p style=\"font-weight: 400;\">De finns under en kortare tid nu under v\u00e5ren.<\/p>\n","protected":false},"excerpt":{"rendered":"<p>\u00c4pple Golden EKO 4kg<\/p>\n","protected":false},"featured_media":376087,"comment_status":"open","ping_status":"closed","template":"","meta":{"_et_pb_use_builder":"","_et_pb_old_content":"","_et_gb_content_width":""},"product_brand":[],"product_cat":[371,381],"product_tag":[],"class_list":{"0":"post-376086","1":"product","2":"type-product","3":"status-publish","4":"has-post-thumbnail","6":"product_cat-apple","7":"product_cat-nyhet","9":"first","10":"instock","11":"taxable","12":"shipping-taxable","13":"purchasable","14":"product-type-simple"},"_links":{"self":[{"href":"https:\/\/fincasolmark.com\/sv\/wp-json\/wp\/v2\/product\/376086","targetHints":{"allow":["GET"]}}],"collection":[{"href":"https:\/\/fincasolmark.com\/sv\/wp-json\/wp\/v2\/product"}],"about":[{"href":"https:\/\/fincasolmark.com\/sv\/wp-json\/wp\/v2\/types\/product"}],"replies":[{"embeddable":true,"href":"https:\/\/fincasolmark.com\/sv\/wp-json\/wp\/v2\/comments?post=376086"}],"wp:featuredmedia":[{"embeddable":true,"href":"https:\/\/fincasolmark.com\/sv\/wp-json\/wp\/v2\/media\/376087"}],"wp:attachment":[{"href":"https:\/\/fincasolmark.com\/sv\/wp-json\/wp\/v2\/media?parent=376086"}],"wp:term":[{"taxonomy":"product_brand","embeddable":true,"href":"https:\/\/fincasolmark.com\/sv\/wp-json\/wp\/v2\/product_brand?post=376086"},{"taxonomy":"product_cat","embeddable":true,"href":"https:\/\/fincasolmark.com\/sv\/wp-json\/wp\/v2\/product_cat?post=376086"},{"taxonomy":"product_tag","embeddable":true,"href":"https:\/\/fincasolmark.com\/sv\/wp-json\/wp\/v2\/product_tag?post=376086"}],"curies":[{"name":"wp","href":"https:\/\/api.w.org\/{rel}","templated":true}]}}