{"id":369824,"date":"2026-01-23T17:48:50","date_gmt":"2026-01-23T16:48:50","guid":{"rendered":"https:\/\/fincasolmark.com\/?post_type=product&#038;p=369824"},"modified":"2026-04-12T09:40:13","modified_gmt":"2026-04-12T07:40:13","slug":"keramikfat-avokado-3-pack","status":"publish","type":"product","link":"https:\/\/fincasolmark.com\/sv\/producto\/keramikfat-avokado-3-pack\/","title":{"rendered":"Keramikfat Avokado 3-pack"},"content":{"rendered":"<p style=\"font-weight: 400;\">Nu kan du \u00e4ntligen \u00e4ta Finca Solmarks ekologiska avokado med lite stil!<\/p>\n<p style=\"font-weight: 400;\">V\u00e5ra fina avokadofat finns i tre storlekar:<\/p>\n<p style=\"font-weight: 400;\">Det lilla fatet \u00e4r lagom till en avokado eller kanske en bra krydda som du vill doppa dina avokadoskivor i?<\/p>\n<p style=\"font-weight: 400;\">Det djupa fatet \u00e4r perfekt till guacamolen!<\/p>\n<p style=\"font-weight: 400;\">Det stora fatet \u00e4r utm\u00e4rkt till alla typer av matr\u00e4tter som inneh\u00e5ller avokado. Givetvis f\u00e5r man \u00e4ven \u00e4ta andra saker ocks\u00e5 fr\u00e5n dessa fina fat<img loading=\"lazy\" decoding=\"async\" class=\"an1\" draggable=\"false\" src=\"https:\/\/fonts.gstatic.com\/s\/e\/notoemoji\/16.0\/1f60a\/72.png\" alt=\"\ud83d\ude0a\" width=\"16\" height=\"16\" data-emoji=\"\ud83d\ude0a\" aria-label=\"\ud83d\ude0a\" \/><\/p>\n<p style=\"font-weight: 400;\">Kan k\u00f6pas separata eller i ett pack med alla tre faten.<\/p>\n","protected":false},"excerpt":{"rendered":"<p>Nu kan du \u00e4ntligen \u00e4ta Finca Solmarks ekologiska avokado med lite stil! V\u00e5ra fina avokadofat finns i tre storlekar: Det lilla fatet \u00e4r lagom till en avokado eller kanske en bra krydda som du vill doppa dina avokadoskivor i? Det djupa fatet \u00e4r perfekt till guacamolen! Det stora fatet \u00e4r utm\u00e4rkt till alla typer av [&hellip;]<\/p>\n","protected":false},"featured_media":369825,"comment_status":"open","ping_status":"closed","template":"","meta":{"_et_pb_use_builder":"","_et_pb_old_content":"","_et_gb_content_width":""},"product_brand":[],"product_cat":[130,381],"product_tag":[],"class_list":{"0":"post-369824","1":"product","2":"type-product","3":"status-publish","4":"has-post-thumbnail","6":"product_cat-merchandising","7":"product_cat-nyhet","9":"first","10":"instock","11":"taxable","12":"shipping-taxable","13":"purchasable","14":"product-type-simple"},"_links":{"self":[{"href":"https:\/\/fincasolmark.com\/sv\/wp-json\/wp\/v2\/product\/369824","targetHints":{"allow":["GET"]}}],"collection":[{"href":"https:\/\/fincasolmark.com\/sv\/wp-json\/wp\/v2\/product"}],"about":[{"href":"https:\/\/fincasolmark.com\/sv\/wp-json\/wp\/v2\/types\/product"}],"replies":[{"embeddable":true,"href":"https:\/\/fincasolmark.com\/sv\/wp-json\/wp\/v2\/comments?post=369824"}],"wp:featuredmedia":[{"embeddable":true,"href":"https:\/\/fincasolmark.com\/sv\/wp-json\/wp\/v2\/media\/369825"}],"wp:attachment":[{"href":"https:\/\/fincasolmark.com\/sv\/wp-json\/wp\/v2\/media?parent=369824"}],"wp:term":[{"taxonomy":"product_brand","embeddable":true,"href":"https:\/\/fincasolmark.com\/sv\/wp-json\/wp\/v2\/product_brand?post=369824"},{"taxonomy":"product_cat","embeddable":true,"href":"https:\/\/fincasolmark.com\/sv\/wp-json\/wp\/v2\/product_cat?post=369824"},{"taxonomy":"product_tag","embeddable":true,"href":"https:\/\/fincasolmark.com\/sv\/wp-json\/wp\/v2\/product_tag?post=369824"}],"curies":[{"name":"wp","href":"https:\/\/api.w.org\/{rel}","templated":true}]}}