{"id":365297,"date":"2025-11-30T09:47:38","date_gmt":"2025-11-30T08:47:38","guid":{"rendered":"https:\/\/fincasolmark.com\/?post_type=product&#038;p=365297"},"modified":"2025-12-25T09:52:04","modified_gmt":"2025-12-25T08:52:04","slug":"apelsin-choklad-eko-4kg","status":"publish","type":"product","link":"https:\/\/fincasolmark.com\/sv\/producto\/apelsin-choklad-eko-4kg\/","title":{"rendered":"Apelsin Choklad EKO 4KG"},"content":{"rendered":"<p style=\"font-weight: 400\">F\u00f6r knappt 20 \u00e5r sen uppt\u00e4cktes denna udda mutation av en navelapelsin p\u00e5 en g\u00e5rd i Valencia. Skalet har f\u00e5tt en m\u00f6rkare f\u00e4rg och d\u00e4rav namnet chokladapelsin.<\/p>\n<p style=\"font-weight: 400\">\n<p style=\"font-weight: 400\">Den har ett h\u00f6gt brixv\u00e4rde (12) och \u00e4r rej\u00e4lt s\u00f6t och aromatisk, med l\u00e5g niv\u00e5 av syrlighet och f\u00e5r d\u00e4rf\u00f6r en mild och s\u00f6t smak.<\/p>\n<p style=\"font-weight: 400\">\n<p style=\"font-weight: 400\">Apelsinen odlas av ett f\u00e5tal odlare i Valencia och s\u00e5 lite h\u00e4r och d\u00e4r hos odlare som vill ha n\u00e5got udda, de producerar dock inte s\u00e4rskilt mycket frukt per tr\u00e4d och blir d\u00e4rf\u00f6r lite dyra att h\u00e5lla p\u00e5 med (det \u00e4r lika mycket jobb med tr\u00e4den som vilket annat apelsintr\u00e4d som helst).<\/p>\n<p style=\"font-weight: 400\">\n<p style=\"font-weight: 400\">Finns under en begr\u00e4nsad tid i december och kanske i januari.<\/p>\n","protected":false},"excerpt":{"rendered":"<p>L\u00e5da med 4kg apelsiner Choklad<\/p>\n","protected":false},"featured_media":365298,"comment_status":"open","ping_status":"closed","template":"","meta":{"_et_pb_use_builder":"off","_et_pb_old_content":"<p dir=\"ltr\"><strong>Ekologisk apelsin fr\u00e5n M\u00e1laga<\/strong><\/p>\r\nL\u00e5dan inneh\u00e5ller 4kg ekologisk apelsin av absolut h\u00f6gsta kvalit\u00e9. Mellan november och januari \u00e4r det Navelina, en apelsin som \u00e4r kraftig och s\u00f6t i smaken och v\u00e4ldigt god tycker vi.\r\n\r\nNu har den s\u00e5 pass mycket juice och s\u00f6tma att den \u00e4r perfekt att g\u00f6ra juice p\u00e5, liksom de senare Lane late och Salustianas m fl.","_et_gb_content_width":""},"product_brand":[],"product_cat":[267,129],"product_tag":[],"class_list":{"0":"post-365297","1":"product","2":"type-product","3":"status-publish","4":"has-post-thumbnail","6":"product_cat-aloe","7":"product_cat-citrusfrukt","9":"first","10":"outofstock","11":"taxable","12":"shipping-taxable","13":"purchasable","14":"product-type-simple"},"_links":{"self":[{"href":"https:\/\/fincasolmark.com\/sv\/wp-json\/wp\/v2\/product\/365297","targetHints":{"allow":["GET"]}}],"collection":[{"href":"https:\/\/fincasolmark.com\/sv\/wp-json\/wp\/v2\/product"}],"about":[{"href":"https:\/\/fincasolmark.com\/sv\/wp-json\/wp\/v2\/types\/product"}],"replies":[{"embeddable":true,"href":"https:\/\/fincasolmark.com\/sv\/wp-json\/wp\/v2\/comments?post=365297"}],"wp:featuredmedia":[{"embeddable":true,"href":"https:\/\/fincasolmark.com\/sv\/wp-json\/wp\/v2\/media\/365298"}],"wp:attachment":[{"href":"https:\/\/fincasolmark.com\/sv\/wp-json\/wp\/v2\/media?parent=365297"}],"wp:term":[{"taxonomy":"product_brand","embeddable":true,"href":"https:\/\/fincasolmark.com\/sv\/wp-json\/wp\/v2\/product_brand?post=365297"},{"taxonomy":"product_cat","embeddable":true,"href":"https:\/\/fincasolmark.com\/sv\/wp-json\/wp\/v2\/product_cat?post=365297"},{"taxonomy":"product_tag","embeddable":true,"href":"https:\/\/fincasolmark.com\/sv\/wp-json\/wp\/v2\/product_tag?post=365297"}],"curies":[{"name":"wp","href":"https:\/\/api.w.org\/{rel}","templated":true}]}}