{"id":362347,"date":"2025-10-26T09:12:35","date_gmt":"2025-10-26T08:12:35","guid":{"rendered":"https:\/\/fincasolmark.com\/?post_type=product&#038;p=362347"},"modified":"2025-12-04T22:47:20","modified_gmt":"2025-12-04T21:47:20","slug":"clementiner-eko-5-pack","status":"publish","type":"product","link":"https:\/\/fincasolmark.com\/sv\/producto\/clementiner-eko-5-pack\/","title":{"rendered":"Clementin EKO 5-pack"},"content":{"rendered":"<p dir=\"ltr\"><strong>Ekologisk Clementiner<\/strong><\/p>\n<p style=\"font-weight: 400\">Nu kan du k\u00f6pa clementiner i ett lite mindre pack om 5 st. Beroende p\u00e5 sort s\u00e5 v\u00e4ger de lite olika, men mellan 200 och 400gram \u00e4r normalt och i b\u00f6rjan av s\u00e4songen \u00e4r de normalt sett lite mindre.<\/p>\n","protected":false},"excerpt":{"rendered":"<p>L\u00e5da med 4kg clementiner<\/p>\n","protected":false},"featured_media":279067,"comment_status":"open","ping_status":"closed","template":"","meta":{"_et_pb_use_builder":"off","_et_pb_old_content":"<p dir=\"ltr\"><strong>Ekologisk clementin fr\u00e5n M\u00e1laga<\/strong><\/p>\r\nL\u00e5dan inneh\u00e5ller 4kg ekologiska clementiner av absolut h\u00f6gsta kvalit\u00e9.\r\n\r\nJust nu skeppar vi sorten CLEMENVILLA \u2013 s\u00f6ta och goda!","_et_gb_content_width":""},"product_brand":[],"product_cat":[129],"product_tag":[],"class_list":{"0":"post-362347","1":"product","2":"type-product","3":"status-publish","4":"has-post-thumbnail","6":"product_cat-citrusfrukt","8":"first","9":"outofstock","10":"taxable","11":"shipping-taxable","12":"purchasable","13":"product-type-simple"},"_links":{"self":[{"href":"https:\/\/fincasolmark.com\/sv\/wp-json\/wp\/v2\/product\/362347","targetHints":{"allow":["GET"]}}],"collection":[{"href":"https:\/\/fincasolmark.com\/sv\/wp-json\/wp\/v2\/product"}],"about":[{"href":"https:\/\/fincasolmark.com\/sv\/wp-json\/wp\/v2\/types\/product"}],"replies":[{"embeddable":true,"href":"https:\/\/fincasolmark.com\/sv\/wp-json\/wp\/v2\/comments?post=362347"}],"wp:featuredmedia":[{"embeddable":true,"href":"https:\/\/fincasolmark.com\/sv\/wp-json\/wp\/v2\/media\/279067"}],"wp:attachment":[{"href":"https:\/\/fincasolmark.com\/sv\/wp-json\/wp\/v2\/media?parent=362347"}],"wp:term":[{"taxonomy":"product_brand","embeddable":true,"href":"https:\/\/fincasolmark.com\/sv\/wp-json\/wp\/v2\/product_brand?post=362347"},{"taxonomy":"product_cat","embeddable":true,"href":"https:\/\/fincasolmark.com\/sv\/wp-json\/wp\/v2\/product_cat?post=362347"},{"taxonomy":"product_tag","embeddable":true,"href":"https:\/\/fincasolmark.com\/sv\/wp-json\/wp\/v2\/product_tag?post=362347"}],"curies":[{"name":"wp","href":"https:\/\/api.w.org\/{rel}","templated":true}]}}