{"id":358416,"date":"2025-08-15T18:36:48","date_gmt":"2025-08-15T16:36:48","guid":{"rendered":"https:\/\/fincasolmark.com\/?post_type=product&#038;p=358416"},"modified":"2025-10-17T06:32:23","modified_gmt":"2025-10-17T04:32:23","slug":"mango-lime-eko","status":"publish","type":"product","link":"https:\/\/fincasolmark.com\/sv\/producto\/mango-lime-eko\/","title":{"rendered":"Mango + Lime EKO 3+1 kg"},"content":{"rendered":"<p><strong>Ekologisk mango och lime fr\u00e5n M\u00e1laga<\/strong><\/p>\n<p style=\"font-weight: 400;\">Tv\u00e5 av v\u00e5ra favoritfrukter \u00e4r mango och lime.<\/p>\n<p style=\"font-weight: 400;\">\n<p style=\"font-weight: 400;\">Under h\u00f6sten plockas flera olika sorters mango \u2013 Tommy Atkins, Osteen, Keitt, Irwin m fl. Varje sort \u00e4r lite annorlunda, men alla har det gemensamt att de f\u00e5tt mogna i solen p\u00e5 det enda st\u00e4llet i Europa d\u00e4r man faktiskt kan odla mango \u2013 M\u00e1laga.<\/p>\n<p style=\"font-weight: 400;\">Mango skiftar fr\u00e5n omoget gr\u00f6n med gula inslag till m\u00f6rkt r\u00f6d-lila eller gul som mogen. Fruktk\u00f6ttet \u00e4r i princip fritt fr\u00e5n fiber och har en mild och s\u00f6t smak.<\/p>\n<p style=\"font-weight: 400;\">Varje frukt v\u00e4ger mellan 250g och 750g ungef\u00e4r (en del kan v\u00e4ga \u00f6ver ett kilo). Vi klassificerar inte frukten efter storlek, s\u00e5 d\u00e4rf\u00f6r inneh\u00e5ller varje separat l\u00e5da lite annorlunda antal frukter.<\/p>\n<p style=\"font-weight: 400;\">Med mango i k\u00f6ket \u00e4r m\u00f6jligheterna o\u00e4ndliga \u2013 som inneh\u00e5ll i juicer, sallader, smoothies, k\u00f6ttr\u00e4tter eller helt enkelt f\u00f6rt\u00e4rd r\u00e4tt upp och ner som den \u00e4r.<\/p>\n<p style=\"font-weight: 400;\">F\u00f6rsta sorten p\u00e5 h\u00f6sten \u00e4r Tommy Atkins (mitten\/slutet aug) som f\u00f6ljs av Osteen och senare Keitt och Irwin.<\/p>\n<p style=\"font-weight: 400;\">\n<p style=\"font-weight: 400;\">\u00c5rets b\u00e4sta lime har m\u00e5nga namn \u2013 p\u00e5 latin heter den\u00a0<em>Citrus x latofolia\u00a0<\/em>men kallas i dagligt tal f\u00f6r s\u00e5 varierande saker som persisk citron\/persisk lime, Tahiti-lime eller det egentligen kanske mest korrekta \u2013 Bearss-lime.<\/p>\n<p style=\"font-weight: 400;\">John T. Bearss var den som fr\u00e5n b\u00f6rjan lyckades odla fram denna limesort utan k\u00e4rnor, vilket han gjorde p\u00e5 en handelstr\u00e4dg\u00e5rd i Porterville (Kalifornien) redan \u00e5r 1895.<\/p>\n<p style=\"font-weight: 400;\">Till skillnad fr\u00e5n den mest odlade limen,\u00a0<em>Citrus x aurantifolia<\/em>, s\u00e5 \u00e4r tahiti-limen lite st\u00f6rre, med tjockare skal och mindre syrlig smak. Den har allts\u00e5 heller inga k\u00e4rnor. F\u00f6r den som plockar frukten s\u00e5 \u00e4r den ocks\u00e5 lite mer uppskattad, eftersom tr\u00e4den inte har n\u00e5gra taggar.<\/p>\n","protected":false},"excerpt":{"rendered":"<p>L\u00e5da med 3 kilo ekologisk mango och 1 kilo ekologisk lime<\/p>\n","protected":false},"featured_media":358417,"comment_status":"open","ping_status":"closed","template":"","meta":{"_et_pb_use_builder":"off","_et_pb_old_content":"<strong>Ekologisk mango och apelsin fr\u00e5n M\u00e1laga<\/strong>\r\n\r\nL\u00e5dan inneh\u00e5ller 2kg ekologisk mango och 2 kg ekologisk apelsin av absolut h\u00f6gsta kvalit\u00e9.\r\n\r\nV\u00e5r ekologiska frukt \u00e4r ekologisk p\u00e5 riktigt! Inga konstgjorda etylenbehandlingar f\u00f6r att snabba p\u00e5 mognaden av frukten p\u00e5 artificiell v\u00e4g (\u201dgodk\u00e4nt\u201d inom ekologisk odling, men inget vi sysslar med). V\u00e5r frukt mognar p\u00e5 tr\u00e4den och plockas s\u00e5 n\u00e4ra sin perfekta mognadsgrad som m\u00f6jligt. Sen tar det ungef\u00e4r en vecka hem till ditt k\u00f6ksbord. Bra va?!\r\n\r\nEftersom vi gillar att g\u00f6ra saker lite extra bra s\u00e5 har vi valt att utveckla en variant av den gamla klassiska banankartongen, en riktigt rej\u00e4l l\u00e5da som fraktar frukten varsamt och utan st\u00f6tar som l\u00e4tt sker i enklare f\u00f6rpackningar. Vi f\u00f6rpackar frukten i rej\u00e4lt med tr\u00e4ull och allting sker helt f\u00f6r hand. Kartongen kan sedan med f\u00f6rdel \u00e5teranv\u00e4ndas f\u00f6r att f\u00f6rvara saker i, eller varf\u00f6r inte som en l\u00e5da f\u00f6r katten?\r\n\r\nGivetvis levererar vi till HELA Sverige. \u00c4ven du som bor l\u00e5ngt ute p\u00e5 landsbygden har ju r\u00e4tt att njuta av god frukt.\r\n\r\nJag hoppas verkligen att det m\u00e4rks, och att du uppskattar kvalit\u00e9n p\u00e5 v\u00e5r frukt. Vi l\u00e4gger stor omsorg och mycket engagemang i v\u00e5r produkt \u2013 f\u00f6r att kunna tillfredsst\u00e4lla \u00e4ven den mest kr\u00e4sne gastronomen. Jag ser verkligen fram emot att h\u00f6ra vad du tycker \u2013 skriv g\u00e4rna en rad eller sl\u00e5 en signal, kontaktuppgifterna finns h\u00f6gst upp p\u00e5 sidan!\r\n\r\nNamnet, Finca Solmark, \u00e4r en hyllning till det \u00f6stg\u00f6tska lilla kvarteret Solmark i Vikingstad, d\u00e4r jag v\u00e4xte upp. Har du v\u00e4garna f\u00f6rbi s\u00f6dra Spanien \u00e4r du varmt v\u00e4lkommen att bes\u00f6ka oss p\u00e5 g\u00e5rden och smaka p\u00e5 finca-livet, i en kombination av det b\u00e4sta ur svensk och spansk filosofi.","_et_gb_content_width":""},"product_brand":[],"product_cat":[265],"product_tag":[],"class_list":{"0":"post-358416","1":"product","2":"type-product","3":"status-publish","4":"has-post-thumbnail","6":"product_cat-fruktlador","8":"first","9":"outofstock","10":"sale","11":"taxable","12":"shipping-taxable","13":"purchasable","14":"product-type-simple"},"_links":{"self":[{"href":"https:\/\/fincasolmark.com\/sv\/wp-json\/wp\/v2\/product\/358416","targetHints":{"allow":["GET"]}}],"collection":[{"href":"https:\/\/fincasolmark.com\/sv\/wp-json\/wp\/v2\/product"}],"about":[{"href":"https:\/\/fincasolmark.com\/sv\/wp-json\/wp\/v2\/types\/product"}],"replies":[{"embeddable":true,"href":"https:\/\/fincasolmark.com\/sv\/wp-json\/wp\/v2\/comments?post=358416"}],"wp:featuredmedia":[{"embeddable":true,"href":"https:\/\/fincasolmark.com\/sv\/wp-json\/wp\/v2\/media\/358417"}],"wp:attachment":[{"href":"https:\/\/fincasolmark.com\/sv\/wp-json\/wp\/v2\/media?parent=358416"}],"wp:term":[{"taxonomy":"product_brand","embeddable":true,"href":"https:\/\/fincasolmark.com\/sv\/wp-json\/wp\/v2\/product_brand?post=358416"},{"taxonomy":"product_cat","embeddable":true,"href":"https:\/\/fincasolmark.com\/sv\/wp-json\/wp\/v2\/product_cat?post=358416"},{"taxonomy":"product_tag","embeddable":true,"href":"https:\/\/fincasolmark.com\/sv\/wp-json\/wp\/v2\/product_tag?post=358416"}],"curies":[{"name":"wp","href":"https:\/\/api.w.org\/{rel}","templated":true}]}}