{"id":358140,"date":"2025-08-13T14:30:13","date_gmt":"2025-08-13T12:30:13","guid":{"rendered":"https:\/\/fincasolmark.com\/?post_type=product&#038;p=358140"},"modified":"2025-10-06T19:13:33","modified_gmt":"2025-10-06T17:13:33","slug":"skafferiladan-eko-finca-solmark","status":"publish","type":"product","link":"https:\/\/fincasolmark.com\/sv\/producto\/skafferiladan-eko-finca-solmark\/","title":{"rendered":"Skafferil\u00e5dan EKO Finca Solmark"},"content":{"rendered":"<p style=\"font-weight: 400\">Finca Solmarks fina skafferil\u00e5da inneh\u00e5ller lite olika saker beroende p\u00e5 s\u00e4song.<\/p>\n<p style=\"font-weight: 400\">Just nu sparar du mer \u00e4n 200kr (ord pris \u00e4r 860kr) och inneh\u00e5llet just nu \u00e4r som f\u00f6ljer:<\/p>\n<p>&nbsp;<\/p>\n<p>1 x Olivolja Temprano 500ml EKO<\/p>\n<p>1 x Passionsfruktsmarmelad EKO<\/p>\n<p>1 x Fincans Sylt EKO<\/p>\n<p>2 x Fikon Torkade EKO<\/p>\n<p>1 x Pekann\u00f6tter 250g EKO<\/p>\n<p>1 x Russin 200g EKO<\/p>\n<p>1 x Mandlar 250g EKO<\/p>\n<p>2 x Mandelsp\u00e5n 100g EKO<\/p>\n","protected":false},"excerpt":{"rendered":"<p>Finca Solmarks fina skafferil\u00e5da inneh\u00e5ller lite olika saker beroende p\u00e5 s\u00e4song. Just nu sparar du mer \u00e4n 200kr (ord pris \u00e4r 860kr) och inneh\u00e5llet just nu \u00e4r som f\u00f6ljer: &nbsp; 1 x Olivolja Temprano 500ml EKO 1 x Passionsfruktsmarmelad EKO 1 x Fincans Sylt EKO 2 x Fikon Torkade EKO 1 x Pekann\u00f6tter 250g EKO [&hellip;]<\/p>\n","protected":false},"featured_media":359678,"comment_status":"open","ping_status":"closed","template":"","meta":{"_et_pb_use_builder":"off","_et_pb_old_content":"<span lang=\"SV\">Sommartid betyder stenfrukter och vad \u00e4r v\u00e4l d\u00e5 b\u00e4ttre \u00e4n ekologiska nektariner, persikor, aprikoser och paraguayos (\u201dplatt\u201d persika).<u><\/u><u><\/u><\/span>\r\n\r\n<span lang=\"SV\">Vi har ett samarbete med en god v\u00e4n en bit norrut, som bara odlar stenfrukt \u2013 ekologiskt och av h\u00f6gsta kvalit\u00e9.<u><\/u><u><\/u><\/span>\r\n\r\n<span lang=\"SV\">Jag \u00e4r d\u00e4rf\u00f6r glad att kunna erbjuda dig denna l\u00e5da som inneh\u00e5ller ungef\u00e4r 3 kilo ekologiska <b>aprikoser<\/b>.<u><\/u><u><\/u><\/span>\r\n\r\n<span lang=\"SV\">De kommer som vanligt levererade i v\u00e5ra rej\u00e4la kartonger direkt hem till din d\u00f6rr. Jag hoppas du ska gilla dem lika mycket som vi g\u00f6r h\u00e4r p\u00e5 fincan.<u><\/u><u><\/u><\/span>\r\n\r\nDu kan ocks\u00e5 best\u00e4lla hela l\u00e5dor med nektariner, paraguayos eller persikor.","_et_gb_content_width":""},"product_brand":[],"product_cat":[128],"product_tag":[],"class_list":{"0":"post-358140","1":"product","2":"type-product","3":"status-publish","4":"has-post-thumbnail","6":"product_cat-paket","8":"first","9":"outofstock","10":"taxable","11":"shipping-taxable","12":"purchasable","13":"product-type-simple"},"_links":{"self":[{"href":"https:\/\/fincasolmark.com\/sv\/wp-json\/wp\/v2\/product\/358140","targetHints":{"allow":["GET"]}}],"collection":[{"href":"https:\/\/fincasolmark.com\/sv\/wp-json\/wp\/v2\/product"}],"about":[{"href":"https:\/\/fincasolmark.com\/sv\/wp-json\/wp\/v2\/types\/product"}],"replies":[{"embeddable":true,"href":"https:\/\/fincasolmark.com\/sv\/wp-json\/wp\/v2\/comments?post=358140"}],"wp:featuredmedia":[{"embeddable":true,"href":"https:\/\/fincasolmark.com\/sv\/wp-json\/wp\/v2\/media\/359678"}],"wp:attachment":[{"href":"https:\/\/fincasolmark.com\/sv\/wp-json\/wp\/v2\/media?parent=358140"}],"wp:term":[{"taxonomy":"product_brand","embeddable":true,"href":"https:\/\/fincasolmark.com\/sv\/wp-json\/wp\/v2\/product_brand?post=358140"},{"taxonomy":"product_cat","embeddable":true,"href":"https:\/\/fincasolmark.com\/sv\/wp-json\/wp\/v2\/product_cat?post=358140"},{"taxonomy":"product_tag","embeddable":true,"href":"https:\/\/fincasolmark.com\/sv\/wp-json\/wp\/v2\/product_tag?post=358140"}],"curies":[{"name":"wp","href":"https:\/\/api.w.org\/{rel}","templated":true}]}}