{"id":356204,"date":"2025-06-13T16:42:40","date_gmt":"2025-06-13T14:42:40","guid":{"rendered":"https:\/\/fincasolmark.com\/?post_type=product&#038;p=356204"},"modified":"2025-07-01T18:05:52","modified_gmt":"2025-07-01T16:05:52","slug":"melonlada-honungsmelon-eko-ca-5kg","status":"publish","type":"product","link":"https:\/\/fincasolmark.com\/sv\/producto\/melonlada-honungsmelon-eko-ca-5kg\/","title":{"rendered":"Melonl\u00e5da Honungsmelon EKO ca 5kg"},"content":{"rendered":"<p dir=\"ltr\"><strong>Melon Honungsmelon EKO<\/strong><\/p>\n<p style=\"font-weight: 400;\">En l\u00e5da full av mindre meloner (antal varierar) och ungef\u00e4r 5kg totalt.<\/p>\n<p style=\"font-weight: 400;\">\n<p style=\"font-weight: 400;\">Finns under en begr\u00e4nsad tid i shoppen.<\/p>\n","protected":false},"excerpt":{"rendered":"<p>Melon Honungsmelon EKO En l\u00e5da full av mindre meloner (antal varierar) och ungef\u00e4r 5kg totalt. Finns under en begr\u00e4nsad tid i shoppen.<\/p>\n","protected":false},"featured_media":356212,"comment_status":"open","ping_status":"closed","template":"","meta":{"_et_pb_use_builder":"","_et_pb_old_content":"","_et_gb_content_width":""},"product_brand":[],"product_cat":[289],"product_tag":[],"class_list":{"0":"post-356204","1":"product","2":"type-product","3":"status-publish","4":"has-post-thumbnail","6":"product_cat-melon","8":"first","9":"outofstock","10":"taxable","11":"shipping-taxable","12":"purchasable","13":"product-type-simple"},"_links":{"self":[{"href":"https:\/\/fincasolmark.com\/sv\/wp-json\/wp\/v2\/product\/356204","targetHints":{"allow":["GET"]}}],"collection":[{"href":"https:\/\/fincasolmark.com\/sv\/wp-json\/wp\/v2\/product"}],"about":[{"href":"https:\/\/fincasolmark.com\/sv\/wp-json\/wp\/v2\/types\/product"}],"replies":[{"embeddable":true,"href":"https:\/\/fincasolmark.com\/sv\/wp-json\/wp\/v2\/comments?post=356204"}],"wp:featuredmedia":[{"embeddable":true,"href":"https:\/\/fincasolmark.com\/sv\/wp-json\/wp\/v2\/media\/356212"}],"wp:attachment":[{"href":"https:\/\/fincasolmark.com\/sv\/wp-json\/wp\/v2\/media?parent=356204"}],"wp:term":[{"taxonomy":"product_brand","embeddable":true,"href":"https:\/\/fincasolmark.com\/sv\/wp-json\/wp\/v2\/product_brand?post=356204"},{"taxonomy":"product_cat","embeddable":true,"href":"https:\/\/fincasolmark.com\/sv\/wp-json\/wp\/v2\/product_cat?post=356204"},{"taxonomy":"product_tag","embeddable":true,"href":"https:\/\/fincasolmark.com\/sv\/wp-json\/wp\/v2\/product_tag?post=356204"}],"curies":[{"name":"wp","href":"https:\/\/api.w.org\/{rel}","templated":true}]}}