{"id":356198,"date":"2025-06-13T12:23:27","date_gmt":"2025-06-13T10:23:27","guid":{"rendered":"https:\/\/fincasolmark.com\/?post_type=product&#038;p=356198"},"modified":"2026-03-31T23:35:07","modified_gmt":"2026-03-31T21:35:07","slug":"lokladan-eko-4kg","status":"publish","type":"product","link":"https:\/\/fincasolmark.com\/sv\/producto\/lokladan-eko-4kg\/","title":{"rendered":"L\u00f6kl\u00e5dan EKO 4KG"},"content":{"rendered":"<p dir=\"ltr\"><strong>L\u00f6kl\u00e5dan EKO 4kg<\/strong><\/p>\n<p style=\"font-weight: 400\">H\u00e4r kommer en blandad l\u00e5da med v\u00e5ra b\u00e4sta ekologiska spanska l\u00f6kar och totalt ungef\u00e4r 4kg.<\/p>\n<p style=\"font-weight: 400\">Vi f\u00f6rs\u00f6ker blanda dem med ungef\u00e4r f\u00f6ljande inneh\u00e5ll (det kan vara n\u00e5gra gram mer eller mindre av respektive sort beroende p\u00e5 storleken p\u00e5 varje l\u00f6k).<\/p>\n<p style=\"font-weight: 400\">Gul L\u00f6k \u2013 2,5kg<\/p>\n<p style=\"font-weight: 400\">R\u00f6dl\u00f6k \u2013 1kg<\/p>\n<p style=\"font-weight: 400\">Vitl\u00f6k \u2013 0,5kg<\/p>\n<p style=\"font-weight: 400\">Totalt runt 4kg krispiga och fina l\u00f6kar f\u00f6r att g\u00f6ra din matlagning extra trevlig!<\/p>\n","protected":false},"excerpt":{"rendered":"<p>L\u00e5dan inneh\u00e5ller 4kg ekologisk krispig spansk gul l\u00f6k.<\/p>\n","protected":false},"featured_media":356199,"comment_status":"open","ping_status":"closed","template":"","meta":{"_et_pb_use_builder":"off","_et_pb_old_content":"<p dir=\"ltr\"><strong>Ekologisk Vitl\u00f6k<\/strong><\/p>\r\nVad b\u00e4ttre \u00e4n lite spansk aioli till maten?! D\u00e5 beh\u00f6vs tre av v\u00e5ra favoritingredienser \u2013 olivolja, citron och vitl\u00f6k. D\u00e4rf\u00f6r \u00e4r jag v\u00e4ldans glad att kunna erbjuda er d\u00e4rhemma lite ekologisk vitl\u00f6k.\r\n\r\nS\u00e5h\u00e4r enkelt g\u00f6r du en riktigt god aioli:\r\n\r\n<strong>Ingredienser:<\/strong>\r\n200ml ekologisk extra virgen olivolja (man f\u00e5r ha i lite mer om man m\u00e4rker att det beh\u00f6vs)\r\n1 ekologisk citron (du beh\u00f6ver pressa ur minst en matsked)\r\n1 tesked Dijon-senap\r\n4-5 ekologiska vitl\u00f6ksklyftor (ca 30gram)\r\nLite salt\r\n\r\nG\u00f6r s\u00e5h\u00e4r:\r\nPressa vitl\u00f6ksklyftorna och blanda i lite salt (ta hellre i underkant och tills\u00e4tt mer senare, s\u00e5 b\u00f6rja med ett kryddm\u00e5tt ungef\u00e4r). Blanda ut det till en tjock massa.\r\n\r\nTills\u00e4tt citronjuice och senapen. Tills\u00e4tt sist olivoljan. Mixa med mixerstav, nerifr\u00e5n och upp\u00e5t (runt 10 sekunder). Klart att servera!\r\n\r\nNu finns det hundra varianter av detta. M\u00e5nga g\u00f6r det med \u00e4gg, en del g\u00f6r det med vitpeppar, majon\u00e4s osv. Fransm\u00e4nnen g\u00f6r det med vitvinsvin\u00e4ger.\r\nKanske \u00e4r det mycket med 4-5 klyftor vitl\u00f6k, men d\u00e5 provar man sig fram helt enkelt.\r\n\r\nAlioli passar utm\u00e4rkt till fisk, k\u00f6tt och mycket annat.\r\n\r\nGivetvis kan du \u00e4ven anv\u00e4nda v\u00e5r ekologisk vitl\u00f6k till att f\u00f6rdriva vampyrer eller som ingrediens i andra matr\u00e4tter.","_et_gb_content_width":""},"product_brand":[],"product_cat":[265],"product_tag":[],"class_list":{"0":"post-356198","1":"product","2":"type-product","3":"status-publish","4":"has-post-thumbnail","6":"product_cat-fruktlador","8":"first","9":"instock","10":"taxable","11":"shipping-taxable","12":"purchasable","13":"product-type-simple"},"_links":{"self":[{"href":"https:\/\/fincasolmark.com\/sv\/wp-json\/wp\/v2\/product\/356198","targetHints":{"allow":["GET"]}}],"collection":[{"href":"https:\/\/fincasolmark.com\/sv\/wp-json\/wp\/v2\/product"}],"about":[{"href":"https:\/\/fincasolmark.com\/sv\/wp-json\/wp\/v2\/types\/product"}],"replies":[{"embeddable":true,"href":"https:\/\/fincasolmark.com\/sv\/wp-json\/wp\/v2\/comments?post=356198"}],"wp:featuredmedia":[{"embeddable":true,"href":"https:\/\/fincasolmark.com\/sv\/wp-json\/wp\/v2\/media\/356199"}],"wp:attachment":[{"href":"https:\/\/fincasolmark.com\/sv\/wp-json\/wp\/v2\/media?parent=356198"}],"wp:term":[{"taxonomy":"product_brand","embeddable":true,"href":"https:\/\/fincasolmark.com\/sv\/wp-json\/wp\/v2\/product_brand?post=356198"},{"taxonomy":"product_cat","embeddable":true,"href":"https:\/\/fincasolmark.com\/sv\/wp-json\/wp\/v2\/product_cat?post=356198"},{"taxonomy":"product_tag","embeddable":true,"href":"https:\/\/fincasolmark.com\/sv\/wp-json\/wp\/v2\/product_tag?post=356198"}],"curies":[{"name":"wp","href":"https:\/\/api.w.org\/{rel}","templated":true}]}}