{"id":355735,"date":"2025-05-31T21:19:26","date_gmt":"2025-05-31T19:19:26","guid":{"rendered":"https:\/\/fincasolmark.com\/?post_type=product&#038;p=355735"},"modified":"2026-03-31T23:57:05","modified_gmt":"2026-03-31T21:57:05","slug":"mandlar-skallade-250g","status":"publish","type":"product","link":"https:\/\/fincasolmark.com\/sv\/producto\/mandlar-skallade-250g\/","title":{"rendered":"Mandlar Sk\u00e5llade EKO 250g"},"content":{"rendered":"<p style=\"font-weight: 400;\"><strong>Mandel sk\u00e5llad<\/strong><\/p>\n<p style=\"font-weight: 400;\">\n<p style=\"font-weight: 400;\">Spanien \u00e4r en av v\u00e4rldens st\u00f6rsta producenter av mandel och den st\u00f6rsta delen av mandel som odlas i Europa kommer h\u00e4rifr\u00e5n. En stor del av dem odlas utan konstbevattning, s\u00e5 kallad \u201dsecano\u201d och tr\u00e4den \u00e4r fantastiskt vackra n\u00e4r de blommor i januari-februari.<\/p>\n<p style=\"font-weight: 400;\">\n<p style=\"font-weight: 400;\">Sk\u00e5llade mandlar finns i p\u00e5sar om 250g under en begr\u00e4nsad tid.<\/p>\n<p style=\"font-weight: 400;\">\n<p style=\"font-weight: 400;\">Givetvis levererar vi till HELA Sverige. \u00c4ven du som bor l\u00e5ngt ute p\u00e5 landsbygden har ju r\u00e4tt att njuta av god frukt och ekologiska produkter.<\/p>\n","protected":false},"excerpt":{"rendered":"<p>Mandel sk\u00e5llad Spanien \u00e4r en av v\u00e4rldens st\u00f6rsta producenter av mandel och den st\u00f6rsta delen av mandel som odlas i Europa kommer h\u00e4rifr\u00e5n. En stor del av dem odlas utan konstbevattning, s\u00e5 kallad \u201dsecano\u201d och tr\u00e4den \u00e4r fantastiskt vackra n\u00e4r de blommor i januari-februari. Sk\u00e5llade mandlar finns i p\u00e5sar om 250g under en begr\u00e4nsad tid. [&hellip;]<\/p>\n","protected":false},"featured_media":356095,"comment_status":"open","ping_status":"closed","template":"","meta":{"_et_pb_use_builder":"off","_et_pb_old_content":"<span lang=\"SV\">Sommartid betyder stenfrukter och vad \u00e4r v\u00e4l d\u00e5 b\u00e4ttre \u00e4n ekologiska nektariner, persikor, aprikoser och paraguayos (\u201dplatt\u201d persika).<u><\/u><u><\/u><\/span>\r\n\r\n<span lang=\"SV\">Vi har ett samarbete med en god v\u00e4n en bit norrut, som bara odlar stenfrukt \u2013 ekologiskt och av h\u00f6gsta kvalit\u00e9.<u><\/u><u><\/u><\/span>\r\n\r\n<span lang=\"SV\">Jag \u00e4r d\u00e4rf\u00f6r glad att kunna erbjuda dig denna l\u00e5da som inneh\u00e5ller ungef\u00e4r 3 kilo ekologiska <b>aprikoser<\/b>.<u><\/u><u><\/u><\/span>\r\n\r\n<span lang=\"SV\">De kommer som vanligt levererade i v\u00e5ra rej\u00e4la kartonger direkt hem till din d\u00f6rr. Jag hoppas du ska gilla dem lika mycket som vi g\u00f6r h\u00e4r p\u00e5 fincan.<u><\/u><u><\/u><\/span>\r\n\r\nDu kan ocks\u00e5 best\u00e4lla hela l\u00e5dor med nektariner, paraguayos eller persikor.","_et_gb_content_width":""},"product_brand":[],"product_cat":[140],"product_tag":[],"class_list":{"0":"post-355735","1":"product","2":"type-product","3":"status-publish","4":"has-post-thumbnail","6":"product_cat-mandel","8":"first","9":"instock","10":"taxable","11":"shipping-taxable","12":"purchasable","13":"product-type-simple"},"_links":{"self":[{"href":"https:\/\/fincasolmark.com\/sv\/wp-json\/wp\/v2\/product\/355735","targetHints":{"allow":["GET"]}}],"collection":[{"href":"https:\/\/fincasolmark.com\/sv\/wp-json\/wp\/v2\/product"}],"about":[{"href":"https:\/\/fincasolmark.com\/sv\/wp-json\/wp\/v2\/types\/product"}],"replies":[{"embeddable":true,"href":"https:\/\/fincasolmark.com\/sv\/wp-json\/wp\/v2\/comments?post=355735"}],"wp:featuredmedia":[{"embeddable":true,"href":"https:\/\/fincasolmark.com\/sv\/wp-json\/wp\/v2\/media\/356095"}],"wp:attachment":[{"href":"https:\/\/fincasolmark.com\/sv\/wp-json\/wp\/v2\/media?parent=355735"}],"wp:term":[{"taxonomy":"product_brand","embeddable":true,"href":"https:\/\/fincasolmark.com\/sv\/wp-json\/wp\/v2\/product_brand?post=355735"},{"taxonomy":"product_cat","embeddable":true,"href":"https:\/\/fincasolmark.com\/sv\/wp-json\/wp\/v2\/product_cat?post=355735"},{"taxonomy":"product_tag","embeddable":true,"href":"https:\/\/fincasolmark.com\/sv\/wp-json\/wp\/v2\/product_tag?post=355735"}],"curies":[{"name":"wp","href":"https:\/\/api.w.org\/{rel}","templated":true}]}}