{"id":353314,"date":"2025-05-02T19:02:41","date_gmt":"2025-05-02T17:02:41","guid":{"rendered":"https:\/\/fincasolmark.com\/?post_type=product&#038;p=353314"},"modified":"2026-03-31T23:55:06","modified_gmt":"2026-03-31T21:55:06","slug":"citronskalspulver-eko-250g","status":"publish","type":"product","link":"https:\/\/fincasolmark.com\/sv\/producto\/citronskalspulver-eko-250g\/","title":{"rendered":"Citronskalspulver EKO 250g"},"content":{"rendered":"<p style=\"font-weight: 400;\">Vi har torkat en massa olika citrusfrukter och nu malt ner till ett grovt pulver som \u00e4r perfekt att ha till bakverk, drycker, kryddmixar och mycket annat.<\/p>\n<p style=\"font-weight: 400;\">\n<p style=\"font-weight: 400;\">H\u00e4r har vi tagit hand om sj\u00e4lva skalet (inkl litegrann av det vita innerskalet) fr\u00e5n ekologiska citrusfrukter och torkat det f\u00f6r att sedan mala ner det till ett grovkornigt pulver.<\/p>\n<p style=\"font-weight: 400;\">\n<p style=\"font-weight: 400;\">Det finns tre olika fruktpulver att best\u00e4lla \u2013 citron, apelsin och grapefrukt. Varje frukt \u00e4r som bekant helt unik i doft och smak. Pulvret blir rej\u00e4lt mycket smak av och det r\u00e4cker med ganska lite, s\u00e5 en p\u00e5se med 250gram r\u00e4cker till en stor m\u00e4ngd matlagning.<\/p>\n","protected":false},"excerpt":{"rendered":"<p>Vi har torkat en massa olika citrusfrukter och nu malt ner till ett grovt pulver som \u00e4r perfekt att ha till bakverk, drycker, kryddmixar och mycket annat. H\u00e4r har vi tagit hand om sj\u00e4lva skalet (inkl litegrann av det vita innerskalet) fr\u00e5n ekologiska citrusfrukter och torkat det f\u00f6r att sedan mala ner det till ett [&hellip;]<\/p>\n","protected":false},"featured_media":353317,"comment_status":"open","ping_status":"closed","template":"","meta":{"_et_pb_use_builder":"off","_et_pb_old_content":"<span lang=\"SV\">Sommartid betyder stenfrukter och vad \u00e4r v\u00e4l d\u00e5 b\u00e4ttre \u00e4n ekologiska nektariner, persikor, aprikoser och paraguayos (\u201dplatt\u201d persika).<u><\/u><u><\/u><\/span>\r\n\r\n<span lang=\"SV\">Vi har ett samarbete med en god v\u00e4n en bit norrut, som bara odlar stenfrukt \u2013 ekologiskt och av h\u00f6gsta kvalit\u00e9.<u><\/u><u><\/u><\/span>\r\n\r\n<span lang=\"SV\">Jag \u00e4r d\u00e4rf\u00f6r glad att kunna erbjuda dig denna l\u00e5da som inneh\u00e5ller ungef\u00e4r 3 kilo ekologiska <b>aprikoser<\/b>.<u><\/u><u><\/u><\/span>\r\n\r\n<span lang=\"SV\">De kommer som vanligt levererade i v\u00e5ra rej\u00e4la kartonger direkt hem till din d\u00f6rr. Jag hoppas du ska gilla dem lika mycket som vi g\u00f6r h\u00e4r p\u00e5 fincan.<u><\/u><u><\/u><\/span>\r\n\r\nDu kan ocks\u00e5 best\u00e4lla hela l\u00e5dor med nektariner, paraguayos eller persikor.","_et_gb_content_width":""},"product_brand":[],"product_cat":[370],"product_tag":[],"class_list":{"0":"post-353314","1":"product","2":"type-product","3":"status-publish","4":"has-post-thumbnail","6":"product_cat-torkadefrukt","8":"first","9":"outofstock","10":"taxable","11":"shipping-taxable","12":"purchasable","13":"product-type-simple"},"_links":{"self":[{"href":"https:\/\/fincasolmark.com\/sv\/wp-json\/wp\/v2\/product\/353314","targetHints":{"allow":["GET"]}}],"collection":[{"href":"https:\/\/fincasolmark.com\/sv\/wp-json\/wp\/v2\/product"}],"about":[{"href":"https:\/\/fincasolmark.com\/sv\/wp-json\/wp\/v2\/types\/product"}],"replies":[{"embeddable":true,"href":"https:\/\/fincasolmark.com\/sv\/wp-json\/wp\/v2\/comments?post=353314"}],"wp:featuredmedia":[{"embeddable":true,"href":"https:\/\/fincasolmark.com\/sv\/wp-json\/wp\/v2\/media\/353317"}],"wp:attachment":[{"href":"https:\/\/fincasolmark.com\/sv\/wp-json\/wp\/v2\/media?parent=353314"}],"wp:term":[{"taxonomy":"product_brand","embeddable":true,"href":"https:\/\/fincasolmark.com\/sv\/wp-json\/wp\/v2\/product_brand?post=353314"},{"taxonomy":"product_cat","embeddable":true,"href":"https:\/\/fincasolmark.com\/sv\/wp-json\/wp\/v2\/product_cat?post=353314"},{"taxonomy":"product_tag","embeddable":true,"href":"https:\/\/fincasolmark.com\/sv\/wp-json\/wp\/v2\/product_tag?post=353314"}],"curies":[{"name":"wp","href":"https:\/\/api.w.org\/{rel}","templated":true}]}}