{"id":353310,"date":"2025-05-02T18:51:36","date_gmt":"2025-05-02T16:51:36","guid":{"rendered":"https:\/\/fincasolmark.com\/?post_type=product&#038;p=353310"},"modified":"2026-04-10T19:26:40","modified_gmt":"2026-04-10T17:26:40","slug":"mango-torkad-skivor-eko-200g","status":"publish","type":"product","link":"https:\/\/fincasolmark.com\/sv\/producto\/mango-torkad-skivor-eko-200g\/","title":{"rendered":"Mango Torkad Skivor EKO 200g"},"content":{"rendered":"<p style=\"font-weight: 400;\">Vi har torkat ekologisk spansk mango i samma torkanl\u00e4ggning som v\u00e5ra popul\u00e4ra granat\u00e4ppelk\u00e4rnor, d\u00e4r energin till torken till st\u00f6rsta delen kommer fr\u00e5n solpaneler.<\/p>\n<p style=\"font-weight: 400;\">\n<p style=\"font-weight: 400;\">Perfekt som snack eller till sommarens b\u00e4sta sallad. Finns en begr\u00e4nsad tid.<\/p>\n","protected":false},"excerpt":{"rendered":"<p>Vi har torkat ekologisk spansk mango i samma torkanl\u00e4ggning som v\u00e5ra popul\u00e4ra granat\u00e4ppelk\u00e4rnor, d\u00e4r energin till torken till st\u00f6rsta delen kommer fr\u00e5n solpaneler. Perfekt som snack eller till sommarens b\u00e4sta sallad. Finns en begr\u00e4nsad tid.<\/p>\n","protected":false},"featured_media":353359,"comment_status":"open","ping_status":"closed","template":"","meta":{"_et_pb_use_builder":"","_et_pb_old_content":"","_et_gb_content_width":""},"product_brand":[],"product_cat":[370],"product_tag":[],"class_list":{"0":"post-353310","1":"product","2":"type-product","3":"status-publish","4":"has-post-thumbnail","6":"product_cat-torkadefrukt","8":"first","9":"instock","10":"taxable","11":"shipping-taxable","12":"purchasable","13":"product-type-simple"},"_links":{"self":[{"href":"https:\/\/fincasolmark.com\/sv\/wp-json\/wp\/v2\/product\/353310","targetHints":{"allow":["GET"]}}],"collection":[{"href":"https:\/\/fincasolmark.com\/sv\/wp-json\/wp\/v2\/product"}],"about":[{"href":"https:\/\/fincasolmark.com\/sv\/wp-json\/wp\/v2\/types\/product"}],"replies":[{"embeddable":true,"href":"https:\/\/fincasolmark.com\/sv\/wp-json\/wp\/v2\/comments?post=353310"}],"wp:featuredmedia":[{"embeddable":true,"href":"https:\/\/fincasolmark.com\/sv\/wp-json\/wp\/v2\/media\/353359"}],"wp:attachment":[{"href":"https:\/\/fincasolmark.com\/sv\/wp-json\/wp\/v2\/media?parent=353310"}],"wp:term":[{"taxonomy":"product_brand","embeddable":true,"href":"https:\/\/fincasolmark.com\/sv\/wp-json\/wp\/v2\/product_brand?post=353310"},{"taxonomy":"product_cat","embeddable":true,"href":"https:\/\/fincasolmark.com\/sv\/wp-json\/wp\/v2\/product_cat?post=353310"},{"taxonomy":"product_tag","embeddable":true,"href":"https:\/\/fincasolmark.com\/sv\/wp-json\/wp\/v2\/product_tag?post=353310"}],"curies":[{"name":"wp","href":"https:\/\/api.w.org\/{rel}","templated":true}]}}