{"id":352449,"date":"2025-04-18T09:07:02","date_gmt":"2025-04-18T07:07:02","guid":{"rendered":"https:\/\/fincasolmark.com\/?post_type=product&#038;p=352449"},"modified":"2026-03-31T23:55:05","modified_gmt":"2026-03-31T21:55:05","slug":"sotpotatismjol-eko-250g","status":"publish","type":"product","link":"https:\/\/fincasolmark.com\/sv\/producto\/sotpotatismjol-eko-250g\/","title":{"rendered":"S\u00f6tpotatismj\u00f6l EKO 250g"},"content":{"rendered":"<p style=\"font-weight: 400;\">Ekologiskt S\u00f6tpotatismj\u00f6l g\u00f6rs av torkad s\u00f6tpotatis som sedan mals ner till ett fint mj\u00f6l. Det \u00e4r naturligt s\u00f6tt, med l\u00e5gt GI och m\u00e4ngder av bra n\u00e4rings\u00e4mnen och givetvis helt glutenfritt.<\/p>\n<p style=\"font-weight: 400;\">Det fungerar utm\u00e4rkt till en m\u00e4ngd bakverk, br\u00f6d, kakor osv liksom i soppor, smoothies och annat.<\/p>\n<p style=\"font-weight: 400;\">Vi har torkat och malt det i samma torkanl\u00e4ggning som v\u00e5ra popul\u00e4ra granat\u00e4ppelk\u00e4rnor, d\u00e4r energin till torken till st\u00f6rsta delen kommer fr\u00e5n solpaneler.<\/p>\n<p>&nbsp;<\/p>\n\n<table id=\"tablepress-6\" class=\"tablepress tablepress-id-6\">\n<thead>\n<tr class=\"row-1\">\n\t<th class=\"column-1\">N\u00e4ringsv\u00e4rde per 100g:<\/th><td class=\"column-2\"><\/td><td class=\"column-3\"><\/td>\n<\/tr>\n<\/thead>\n<tbody class=\"row-striping row-hover\">\n<tr class=\"row-2\">\n\t<td class=\"column-1\">Energi<\/td><td class=\"column-2\">1437\/343<\/td><td class=\"column-3\">kJ\/kcal<\/td>\n<\/tr>\n<tr class=\"row-3\">\n\t<td class=\"column-1\">Fett<\/td><td class=\"column-2\">0,2<\/td><td class=\"column-3\">g<\/td>\n<\/tr>\n<tr class=\"row-4\">\n\t<td class=\"column-1\">- Varav m\u00e4ttat fett<\/td><td class=\"column-2\">0,07<\/td><td class=\"column-3\">g<\/td>\n<\/tr>\n<tr class=\"row-5\">\n\t<td class=\"column-1\">Kolhydrater<\/td><td class=\"column-2\">80,36<\/td><td class=\"column-3\">g<\/td>\n<\/tr>\n<tr class=\"row-6\">\n\t<td class=\"column-1\">- Varav socker<\/td><td class=\"column-2\">16,69<\/td><td class=\"column-3\">g<\/td>\n<\/tr>\n<tr class=\"row-7\">\n\t<td class=\"column-1\">Fiber<\/td><td class=\"column-2\">11,98<\/td><td class=\"column-3\">g<\/td>\n<\/tr>\n<tr class=\"row-8\">\n\t<td class=\"column-1\">Protein<\/td><td class=\"column-2\">6,27<\/td><td class=\"column-3\">g<\/td>\n<\/tr>\n<tr class=\"row-9\">\n\t<td class=\"column-1\">Salt<\/td><td class=\"column-2\">0,57<\/td><td class=\"column-3\">g<\/td>\n<\/tr>\n<\/tbody>\n<\/table>\n<!-- #tablepress-6 from cache -->\n","protected":false},"excerpt":{"rendered":"<p>Ekologiskt S\u00f6tpotatismj\u00f6l g\u00f6rs av torkad s\u00f6tpotatis som sedan mals ner till ett fint mj\u00f6l. Det \u00e4r naturligt s\u00f6tt, med l\u00e5gt GI och m\u00e4ngder av bra n\u00e4rings\u00e4mnen och givetvis helt glutenfritt. Det fungerar utm\u00e4rkt till en m\u00e4ngd bakverk, br\u00f6d, kakor osv liksom i soppor, smoothies och annat. Vi har torkat och malt det i samma torkanl\u00e4ggning [&hellip;]<\/p>\n","protected":false},"featured_media":352451,"comment_status":"open","ping_status":"closed","template":"","meta":{"_et_pb_use_builder":"off","_et_pb_old_content":"<strong>S\u00f6tpotatis 2kg\/5kg EKO<\/strong>\r\n\r\nI Andalusien odlas det gott om s\u00f6tpotatis, eller boniato som man s\u00e4ger p\u00e5 spanska. De vanligaste sorterna \u00e4r California och Beauregard. En av v\u00e5ra grannar odlar Beauregard i mindre skala, en s\u00f6tpotatis som man enkelt k\u00e4nner igen tack vare dess f\u00e4rg \u2013 den \u00e4r v\u00e4ldigt orange inv\u00e4ndigt.\r\n\r\nNuf\u00f6rtiden har man till och med p\u00e5 ber\u00f6mda snabbmatsrestauranger b\u00f6rjat servera friterad s\u00f6tpotatis som ett alternativ till pommer frites. Den \u00e4r rik p\u00e5 olika vitaminer och st\u00e4rkelse.\r\n\r\nDen kan odlas i v\u00e4xthus i Sverige och vi tog mest med ett mindre antal kilon hem f\u00f6r att hj\u00e4lpa en eko-granne att kunna s\u00e4lja sina varor. Vi s\u00e4ljer dem i l\u00e5dor om 2\/5 kilo.\r\n\r\nFrukten f\u00f6rvaras likadant som potatis \u2013 svalt (6-10c), torrt och m\u00f6rkt.","_et_gb_content_width":""},"product_brand":[],"product_cat":[379],"product_tag":[],"class_list":{"0":"post-352449","1":"product","2":"type-product","3":"status-publish","4":"has-post-thumbnail","6":"product_cat-sotpotatismjol","8":"first","9":"instock","10":"taxable","11":"shipping-taxable","12":"purchasable","13":"product-type-simple"},"_links":{"self":[{"href":"https:\/\/fincasolmark.com\/sv\/wp-json\/wp\/v2\/product\/352449","targetHints":{"allow":["GET"]}}],"collection":[{"href":"https:\/\/fincasolmark.com\/sv\/wp-json\/wp\/v2\/product"}],"about":[{"href":"https:\/\/fincasolmark.com\/sv\/wp-json\/wp\/v2\/types\/product"}],"replies":[{"embeddable":true,"href":"https:\/\/fincasolmark.com\/sv\/wp-json\/wp\/v2\/comments?post=352449"}],"wp:featuredmedia":[{"embeddable":true,"href":"https:\/\/fincasolmark.com\/sv\/wp-json\/wp\/v2\/media\/352451"}],"wp:attachment":[{"href":"https:\/\/fincasolmark.com\/sv\/wp-json\/wp\/v2\/media?parent=352449"}],"wp:term":[{"taxonomy":"product_brand","embeddable":true,"href":"https:\/\/fincasolmark.com\/sv\/wp-json\/wp\/v2\/product_brand?post=352449"},{"taxonomy":"product_cat","embeddable":true,"href":"https:\/\/fincasolmark.com\/sv\/wp-json\/wp\/v2\/product_cat?post=352449"},{"taxonomy":"product_tag","embeddable":true,"href":"https:\/\/fincasolmark.com\/sv\/wp-json\/wp\/v2\/product_tag?post=352449"}],"curies":[{"name":"wp","href":"https:\/\/api.w.org\/{rel}","templated":true}]}}