{"id":351188,"date":"2025-04-08T18:33:30","date_gmt":"2025-04-08T16:33:30","guid":{"rendered":"https:\/\/fincasolmark.com\/?post_type=product&#038;p=351188"},"modified":"2026-03-31T23:58:40","modified_gmt":"2026-03-31T21:58:40","slug":"mandelbitar-eko-100g","status":"publish","type":"product","link":"https:\/\/fincasolmark.com\/sv\/producto\/mandelbitar-eko-100g\/","title":{"rendered":"Mandelbitar EKO 100g"},"content":{"rendered":"<p style=\"font-weight: 400;\">Ekologiska mandelbitar \u00e4r perfekta som ingrediens i en m\u00e4ngd olika saker \u2013 glassar, kakor, br\u00f6d f\u00f6r att n\u00e4mna n\u00e5gra.<\/p>\n<p style=\"font-weight: 400;\">Finska pinnar \u00e4r v\u00e4l det mest k\u00e4nda exemplet och hur gott som helst!<\/p>\n<p style=\"font-weight: 400;\">De fungerar givetvis utm\u00e4rkt i en sallad eller p\u00e5 glassar, chokladkakor och mycket annat!<\/p>\n<p style=\"font-weight: 400;\">Om du vill k\u00f6pa dem i st\u00f6rre m\u00e4ngder (t ex om du har ett bageri eller liknande) \u2013 h\u00f6r av dig f\u00f6r st\u00f6rre f\u00f6rpackningar (maila kundtj\u00e4nst).<\/p>\n<p>&nbsp;<\/p>\n\n<table id=\"tablepress-5\" class=\"tablepress tablepress-id-5\">\n<thead>\n<tr class=\"row-1\">\n\t<th class=\"column-1\">N\u00e4ringsv\u00e4rde per 100g:<\/th><td class=\"column-2\"><\/td><td class=\"column-3\"><\/td>\n<\/tr>\n<\/thead>\n<tbody class=\"row-striping row-hover\">\n<tr class=\"row-2\">\n\t<td class=\"column-1\">Energi<\/td><td class=\"column-2\">2695\/644<\/td><td class=\"column-3\">kJ\/kcal<\/td>\n<\/tr>\n<tr class=\"row-3\">\n\t<td class=\"column-1\">Fett<\/td><td class=\"column-2\">58,7<\/td><td class=\"column-3\">g<\/td>\n<\/tr>\n<tr class=\"row-4\">\n\t<td class=\"column-1\">- Varav m\u00e4ttat fett<\/td><td class=\"column-2\">10,61<\/td><td class=\"column-3\">g<\/td>\n<\/tr>\n<tr class=\"row-5\">\n\t<td class=\"column-1\">Kolhydrater<\/td><td class=\"column-2\">2,5<\/td><td class=\"column-3\">g<\/td>\n<\/tr>\n<tr class=\"row-6\">\n\t<td class=\"column-1\">- Varav socker<\/td><td class=\"column-2\">2,2<\/td><td class=\"column-3\">g<\/td>\n<\/tr>\n<tr class=\"row-7\">\n\t<td class=\"column-1\">Fiber<\/td><td class=\"column-2\">12,07<\/td><td class=\"column-3\">g<\/td>\n<\/tr>\n<tr class=\"row-8\">\n\t<td class=\"column-1\">Protein<\/td><td class=\"column-2\">20,49<\/td><td class=\"column-3\">g<\/td>\n<\/tr>\n<tr class=\"row-9\">\n\t<td class=\"column-1\">Salt<\/td><td class=\"column-2\">0,01<\/td><td class=\"column-3\">g<\/td>\n<\/tr>\n<\/tbody>\n<\/table>\n<!-- #tablepress-5 from cache -->\n","protected":false},"excerpt":{"rendered":"<p>Ekologiska mandelbitar \u00e4r perfekta som ingrediens i en m\u00e4ngd olika saker \u2013 glassar, kakor, br\u00f6d f\u00f6r att n\u00e4mna n\u00e5gra. Finska pinnar \u00e4r v\u00e4l det mest k\u00e4nda exemplet och hur gott som helst! De fungerar givetvis utm\u00e4rkt i en sallad eller p\u00e5 glassar, chokladkakor och mycket annat! Om du vill k\u00f6pa dem i st\u00f6rre m\u00e4ngder (t [&hellip;]<\/p>\n","protected":false},"featured_media":351353,"comment_status":"open","ping_status":"closed","template":"","meta":{"_et_pb_use_builder":"","_et_pb_old_content":"","_et_gb_content_width":""},"product_brand":[],"product_cat":[370],"product_tag":[],"class_list":{"0":"post-351188","1":"product","2":"type-product","3":"status-publish","4":"has-post-thumbnail","6":"product_cat-torkadefrukt","8":"first","9":"instock","10":"taxable","11":"shipping-taxable","12":"purchasable","13":"product-type-simple"},"_links":{"self":[{"href":"https:\/\/fincasolmark.com\/sv\/wp-json\/wp\/v2\/product\/351188","targetHints":{"allow":["GET"]}}],"collection":[{"href":"https:\/\/fincasolmark.com\/sv\/wp-json\/wp\/v2\/product"}],"about":[{"href":"https:\/\/fincasolmark.com\/sv\/wp-json\/wp\/v2\/types\/product"}],"replies":[{"embeddable":true,"href":"https:\/\/fincasolmark.com\/sv\/wp-json\/wp\/v2\/comments?post=351188"}],"wp:featuredmedia":[{"embeddable":true,"href":"https:\/\/fincasolmark.com\/sv\/wp-json\/wp\/v2\/media\/351353"}],"wp:attachment":[{"href":"https:\/\/fincasolmark.com\/sv\/wp-json\/wp\/v2\/media?parent=351188"}],"wp:term":[{"taxonomy":"product_brand","embeddable":true,"href":"https:\/\/fincasolmark.com\/sv\/wp-json\/wp\/v2\/product_brand?post=351188"},{"taxonomy":"product_cat","embeddable":true,"href":"https:\/\/fincasolmark.com\/sv\/wp-json\/wp\/v2\/product_cat?post=351188"},{"taxonomy":"product_tag","embeddable":true,"href":"https:\/\/fincasolmark.com\/sv\/wp-json\/wp\/v2\/product_tag?post=351188"}],"curies":[{"name":"wp","href":"https:\/\/api.w.org\/{rel}","templated":true}]}}