{"id":351187,"date":"2025-04-08T18:31:53","date_gmt":"2025-04-08T16:31:53","guid":{"rendered":"https:\/\/fincasolmark.com\/?post_type=product&#038;p=351187"},"modified":"2026-03-31T23:58:39","modified_gmt":"2026-03-31T21:58:39","slug":"mandelpinnar-eko-100g","status":"publish","type":"product","link":"https:\/\/fincasolmark.com\/sv\/producto\/mandelpinnar-eko-100g\/","title":{"rendered":"Mandelpinnar EKO 100g"},"content":{"rendered":"<p style=\"font-weight: 400;\">Ekologiska mandelpinnar \u00e4r perfekta som ingrediens i en m\u00e4ngd olika saker \u2013 glassar, kakor, br\u00f6d f\u00f6r att n\u00e4mna n\u00e5gra.<\/p>\n<p style=\"font-weight: 400;\">Det \u00e4r v\u00e4l fr\u00e4mst glassar som blivit popul\u00e4rt att t\u00e4cka med mandelpinnar och sedan h\u00e4lla \u00f6ver choklad.<\/p>\n<p style=\"font-weight: 400;\">De fungerar givetvis utm\u00e4rkt som en liten snack ocks\u00e5, i en sk\u00e5l till andra tilltugg eller varf\u00f6r inte i en sallad?<\/p>\n<p style=\"font-weight: 400;\">Om du vill k\u00f6pa dem i st\u00f6rre m\u00e4ngder (t ex om du har ett bageri eller liknande) \u2013 h\u00f6r av dig f\u00f6r st\u00f6rre f\u00f6rpackningar (maila kundtj\u00e4nst).<\/p>\n<p>&nbsp;<\/p>\n\n<table id=\"tablepress-5\" class=\"tablepress tablepress-id-5\">\n<thead>\n<tr class=\"row-1\">\n\t<th class=\"column-1\">N\u00e4ringsv\u00e4rde per 100g:<\/th><td class=\"column-2\"><\/td><td class=\"column-3\"><\/td>\n<\/tr>\n<\/thead>\n<tbody class=\"row-striping row-hover\">\n<tr class=\"row-2\">\n\t<td class=\"column-1\">Energi<\/td><td class=\"column-2\">2695\/644<\/td><td class=\"column-3\">kJ\/kcal<\/td>\n<\/tr>\n<tr class=\"row-3\">\n\t<td class=\"column-1\">Fett<\/td><td class=\"column-2\">58,7<\/td><td class=\"column-3\">g<\/td>\n<\/tr>\n<tr class=\"row-4\">\n\t<td class=\"column-1\">- Varav m\u00e4ttat fett<\/td><td class=\"column-2\">10,61<\/td><td class=\"column-3\">g<\/td>\n<\/tr>\n<tr class=\"row-5\">\n\t<td class=\"column-1\">Kolhydrater<\/td><td class=\"column-2\">2,5<\/td><td class=\"column-3\">g<\/td>\n<\/tr>\n<tr class=\"row-6\">\n\t<td class=\"column-1\">- Varav socker<\/td><td class=\"column-2\">2,2<\/td><td class=\"column-3\">g<\/td>\n<\/tr>\n<tr class=\"row-7\">\n\t<td class=\"column-1\">Fiber<\/td><td class=\"column-2\">12,07<\/td><td class=\"column-3\">g<\/td>\n<\/tr>\n<tr class=\"row-8\">\n\t<td class=\"column-1\">Protein<\/td><td class=\"column-2\">20,49<\/td><td class=\"column-3\">g<\/td>\n<\/tr>\n<tr class=\"row-9\">\n\t<td class=\"column-1\">Salt<\/td><td class=\"column-2\">0,01<\/td><td class=\"column-3\">g<\/td>\n<\/tr>\n<\/tbody>\n<\/table>\n<!-- #tablepress-5 from cache -->\n","protected":false},"excerpt":{"rendered":"<p>Ekologiska mandelpinnar \u00e4r perfekta som ingrediens i en m\u00e4ngd olika saker \u2013 glassar, kakor, br\u00f6d f\u00f6r att n\u00e4mna n\u00e5gra. Det \u00e4r v\u00e4l fr\u00e4mst glassar som blivit popul\u00e4rt att t\u00e4cka med mandelpinnar och sedan h\u00e4lla \u00f6ver choklad. De fungerar givetvis utm\u00e4rkt som en liten snack ocks\u00e5, i en sk\u00e5l till andra tilltugg eller varf\u00f6r inte i [&hellip;]<\/p>\n","protected":false},"featured_media":351342,"comment_status":"open","ping_status":"closed","template":"","meta":{"_et_pb_use_builder":"","_et_pb_old_content":"","_et_gb_content_width":""},"product_brand":[],"product_cat":[370],"product_tag":[],"class_list":{"0":"post-351187","1":"product","2":"type-product","3":"status-publish","4":"has-post-thumbnail","6":"product_cat-torkadefrukt","8":"first","9":"instock","10":"taxable","11":"shipping-taxable","12":"purchasable","13":"product-type-simple"},"_links":{"self":[{"href":"https:\/\/fincasolmark.com\/sv\/wp-json\/wp\/v2\/product\/351187","targetHints":{"allow":["GET"]}}],"collection":[{"href":"https:\/\/fincasolmark.com\/sv\/wp-json\/wp\/v2\/product"}],"about":[{"href":"https:\/\/fincasolmark.com\/sv\/wp-json\/wp\/v2\/types\/product"}],"replies":[{"embeddable":true,"href":"https:\/\/fincasolmark.com\/sv\/wp-json\/wp\/v2\/comments?post=351187"}],"wp:featuredmedia":[{"embeddable":true,"href":"https:\/\/fincasolmark.com\/sv\/wp-json\/wp\/v2\/media\/351342"}],"wp:attachment":[{"href":"https:\/\/fincasolmark.com\/sv\/wp-json\/wp\/v2\/media?parent=351187"}],"wp:term":[{"taxonomy":"product_brand","embeddable":true,"href":"https:\/\/fincasolmark.com\/sv\/wp-json\/wp\/v2\/product_brand?post=351187"},{"taxonomy":"product_cat","embeddable":true,"href":"https:\/\/fincasolmark.com\/sv\/wp-json\/wp\/v2\/product_cat?post=351187"},{"taxonomy":"product_tag","embeddable":true,"href":"https:\/\/fincasolmark.com\/sv\/wp-json\/wp\/v2\/product_tag?post=351187"}],"curies":[{"name":"wp","href":"https:\/\/api.w.org\/{rel}","templated":true}]}}