{"id":351185,"date":"2025-04-08T18:28:45","date_gmt":"2025-04-08T16:28:45","guid":{"rendered":"https:\/\/fincasolmark.com\/?post_type=product&#038;p=351185"},"modified":"2026-03-31T23:59:39","modified_gmt":"2026-03-31T21:59:39","slug":"fikonbrod-med-mandel-eko-200g","status":"publish","type":"product","link":"https:\/\/fincasolmark.com\/sv\/producto\/fikonbrod-med-mandel-eko-200g\/","title":{"rendered":"Fikonbr\u00f6d med mandel EKO 200g"},"content":{"rendered":"<p style=\"font-weight: 400;\">Fikonbr\u00f6d \u2013 Pan de higo \u2013 med mandel \u00e4r en delikatess med mycket gammalt ursprung. Det \u00e4r en av Andalusiens och framf\u00f6rallt M\u00e1lagas mest k\u00e4nda delikatesser.<\/p>\n<p style=\"font-weight: 400;\">Det kan g\u00f6ras med kanel, anis eller kryddnejlika \u2013 n\u00e5got som \u00e4r s\u00e4rskilt typiskt i v\u00e5r grannby Co\u00edn, d\u00e4r man g\u00f6r en m\u00e4ngd fikonbr\u00f6d av olika slag.<\/p>\n<p style=\"font-weight: 400;\">Det \u00e4r ju egentligen inte ett br\u00f6d d\u00e5 det inte inneh\u00e5ller n\u00e5gon typ av mj\u00f6l, utan en kompakt kaka eller mindre t\u00e5rta, som sedan kan smaks\u00e4ttas med t ex mandel som i v\u00e5rt fall, eller med russin, lingon eller vad man nu gillar.<\/p>\n<p style=\"font-weight: 400;\">P\u00e5 sina h\u00e5ll g\u00f6rs den med brandy eller andra starka ingredienser.<\/p>\n<p style=\"font-weight: 400;\">V\u00e5rt fikonbr\u00f6d \u00e4r ekologiskt och gjort av 90% fikon och 10% mandel. Totalt 200gram.<\/p>\n<p>&nbsp;<\/p>\n\n<table id=\"tablepress-9\" class=\"tablepress tablepress-id-9\">\n<thead>\n<tr class=\"row-1\">\n\t<th class=\"column-1\">N\u00e4ringsv\u00e4rde per 100g:<\/th><td class=\"column-2\"><\/td><td class=\"column-3\"><\/td>\n<\/tr>\n<\/thead>\n<tbody class=\"row-striping row-hover\">\n<tr class=\"row-2\">\n\t<td class=\"column-1\">Energi<\/td><td class=\"column-2\">1240\/296<\/td><td class=\"column-3\">kJ\/kcal<\/td>\n<\/tr>\n<tr class=\"row-3\">\n\t<td class=\"column-1\">Fett<\/td><td class=\"column-2\">1,2<\/td><td class=\"column-3\">g<\/td>\n<\/tr>\n<tr class=\"row-4\">\n\t<td class=\"column-1\">- Varav m\u00e4ttat fett<\/td><td class=\"column-2\">0,2<\/td><td class=\"column-3\">g<\/td>\n<\/tr>\n<tr class=\"row-5\">\n\t<td class=\"column-1\">Kolhydrater<\/td><td class=\"column-2\">57,9<\/td><td class=\"column-3\">g<\/td>\n<\/tr>\n<tr class=\"row-6\">\n\t<td class=\"column-1\">- Varav socker<\/td><td class=\"column-2\">54,1<\/td><td class=\"column-3\">g<\/td>\n<\/tr>\n<tr class=\"row-7\">\n\t<td class=\"column-1\">Fiber<\/td><td class=\"column-2\">18,5<\/td><td class=\"column-3\">g<\/td>\n<\/tr>\n<tr class=\"row-8\">\n\t<td class=\"column-1\">Protein<\/td><td class=\"column-2\">3,6<\/td><td class=\"column-3\">g<\/td>\n<\/tr>\n<tr class=\"row-9\">\n\t<td class=\"column-1\">Salt<\/td><td class=\"column-2\">0<\/td><td class=\"column-3\">g<\/td>\n<\/tr>\n<\/tbody>\n<\/table>\n<!-- #tablepress-9 from cache -->\n","protected":false},"excerpt":{"rendered":"<p>Fikonbr\u00f6d \u2013 Pan de higo \u2013 med mandel \u00e4r en delikatess med mycket gammalt ursprung. Det \u00e4r en av Andalusiens och framf\u00f6rallt M\u00e1lagas mest k\u00e4nda delikatesser. Det kan g\u00f6ras med kanel, anis eller kryddnejlika \u2013 n\u00e5got som \u00e4r s\u00e4rskilt typiskt i v\u00e5r grannby Co\u00edn, d\u00e4r man g\u00f6r en m\u00e4ngd fikonbr\u00f6d av olika slag. Det \u00e4r [&hellip;]<\/p>\n","protected":false},"featured_media":351358,"comment_status":"open","ping_status":"closed","template":"","meta":{"_et_pb_use_builder":"","_et_pb_old_content":"","_et_gb_content_width":""},"product_brand":[],"product_cat":[370],"product_tag":[],"class_list":{"0":"post-351185","1":"product","2":"type-product","3":"status-publish","4":"has-post-thumbnail","6":"product_cat-torkadefrukt","8":"first","9":"instock","10":"taxable","11":"shipping-taxable","12":"purchasable","13":"product-type-simple"},"_links":{"self":[{"href":"https:\/\/fincasolmark.com\/sv\/wp-json\/wp\/v2\/product\/351185","targetHints":{"allow":["GET"]}}],"collection":[{"href":"https:\/\/fincasolmark.com\/sv\/wp-json\/wp\/v2\/product"}],"about":[{"href":"https:\/\/fincasolmark.com\/sv\/wp-json\/wp\/v2\/types\/product"}],"replies":[{"embeddable":true,"href":"https:\/\/fincasolmark.com\/sv\/wp-json\/wp\/v2\/comments?post=351185"}],"wp:featuredmedia":[{"embeddable":true,"href":"https:\/\/fincasolmark.com\/sv\/wp-json\/wp\/v2\/media\/351358"}],"wp:attachment":[{"href":"https:\/\/fincasolmark.com\/sv\/wp-json\/wp\/v2\/media?parent=351185"}],"wp:term":[{"taxonomy":"product_brand","embeddable":true,"href":"https:\/\/fincasolmark.com\/sv\/wp-json\/wp\/v2\/product_brand?post=351185"},{"taxonomy":"product_cat","embeddable":true,"href":"https:\/\/fincasolmark.com\/sv\/wp-json\/wp\/v2\/product_cat?post=351185"},{"taxonomy":"product_tag","embeddable":true,"href":"https:\/\/fincasolmark.com\/sv\/wp-json\/wp\/v2\/product_tag?post=351185"}],"curies":[{"name":"wp","href":"https:\/\/api.w.org\/{rel}","templated":true}]}}