{"id":346856,"date":"2025-02-22T10:53:27","date_gmt":"2025-02-22T09:53:27","guid":{"rendered":"https:\/\/fincasolmark.com\/?post_type=product&#038;p=346856"},"modified":"2026-03-12T12:04:13","modified_gmt":"2026-03-12T11:04:13","slug":"salladsbestick-qvesarum","status":"publish","type":"product","link":"https:\/\/fincasolmark.com\/sv\/producto\/salladsbestick-qvesarum\/","title":{"rendered":"Salladsbestick Qvesarum"},"content":{"rendered":"<p style=\"font-weight: 400;\">Nu kan du servera salladen med stil med handgjorda och vackra salladsbestick gjorda av FSC-certifierad teak och mindre bitar som blir \u00f6ver n\u00e4r man g\u00f6r st\u00f6rre m\u00f6bler.<\/p>\n<p style=\"font-weight: 400;\">Inneh\u00e5ller 2st bestick.<\/p>\n","protected":false},"excerpt":{"rendered":"<p>Nu kan du servera salladen med stil med handgjorda och vackra salladsbestick gjorda av FSC-certifierad teak och mindre bitar som blir \u00f6ver n\u00e4r man g\u00f6r st\u00f6rre m\u00f6bler. Inneh\u00e5ller 2st bestick.<\/p>\n","protected":false},"featured_media":346863,"comment_status":"open","ping_status":"closed","template":"","meta":{"_et_pb_use_builder":"","_et_pb_old_content":"","_et_gb_content_width":""},"product_brand":[],"product_cat":[376],"product_tag":[],"class_list":{"0":"post-346856","1":"product","2":"type-product","3":"status-publish","4":"has-post-thumbnail","6":"product_cat-qvesarum","8":"first","9":"outofstock","10":"taxable","11":"shipping-taxable","12":"purchasable","13":"product-type-simple"},"_links":{"self":[{"href":"https:\/\/fincasolmark.com\/sv\/wp-json\/wp\/v2\/product\/346856","targetHints":{"allow":["GET"]}}],"collection":[{"href":"https:\/\/fincasolmark.com\/sv\/wp-json\/wp\/v2\/product"}],"about":[{"href":"https:\/\/fincasolmark.com\/sv\/wp-json\/wp\/v2\/types\/product"}],"replies":[{"embeddable":true,"href":"https:\/\/fincasolmark.com\/sv\/wp-json\/wp\/v2\/comments?post=346856"}],"wp:featuredmedia":[{"embeddable":true,"href":"https:\/\/fincasolmark.com\/sv\/wp-json\/wp\/v2\/media\/346863"}],"wp:attachment":[{"href":"https:\/\/fincasolmark.com\/sv\/wp-json\/wp\/v2\/media?parent=346856"}],"wp:term":[{"taxonomy":"product_brand","embeddable":true,"href":"https:\/\/fincasolmark.com\/sv\/wp-json\/wp\/v2\/product_brand?post=346856"},{"taxonomy":"product_cat","embeddable":true,"href":"https:\/\/fincasolmark.com\/sv\/wp-json\/wp\/v2\/product_cat?post=346856"},{"taxonomy":"product_tag","embeddable":true,"href":"https:\/\/fincasolmark.com\/sv\/wp-json\/wp\/v2\/product_tag?post=346856"}],"curies":[{"name":"wp","href":"https:\/\/api.w.org\/{rel}","templated":true}]}}