{"id":344500,"date":"2025-01-25T17:13:57","date_gmt":"2025-01-25T16:13:57","guid":{"rendered":"https:\/\/fincasolmark.com\/?post_type=product&#038;p=344500"},"modified":"2026-03-31T23:36:53","modified_gmt":"2026-03-31T21:36:53","slug":"calabaza-cacahuete-eko","status":"publish","type":"product","link":"https:\/\/fincasolmark.com\/sv\/producto\/calabaza-cacahuete-eko\/","title":{"rendered":"Calabaza Butternut EKO 4KG"},"content":{"rendered":"<p dir=\"ltr\"><strong>Calabaza Cacahuete EKO<\/strong><\/p>\n<p>P\u00e5 spanska kallar man cucurbita moschata f\u00f6r \u201dcalabaza cacahuete\u201d \u2013 ungef\u00e4r jordn\u00f6tsformad pumpa. I Sverige s\u00e4ger man kanske butternut squash \u2013 k\u00e4rt barn har m\u00e5nga namn, men eftersom vi \u00e4r verksamma i Spanien och med spanska ekologiska varor, s\u00e5 kommer vi h\u00e4refter kalla denna frukt (eller mer korrekt b\u00e4r) f\u00f6r Calabaza Cacahuete. Som alla andra typer av pumpa\/squash s\u00e5 har den sitt ursprung i nord\u00f6stra USA och just den h\u00e4r typen b\u00f6rjade odlas av Charles Legget i Massachusetts under andra v\u00e4rldskriget, d\u00e5 han korsade tv\u00e5 sorter.<\/p>\n<p>Det \u00e4r en vinterpumpa som blir m\u00f6rkt orange och som \u00e4r rik p\u00e5 fibrer, vitamin A (betakaroten), B6, C och E, magnesium och kalium. Den \u00e4r s\u00f6t och alldeles utm\u00e4rkt till en m\u00e4ngd saker i matlagningen \u2013 allt fr\u00e5n soppor, mosad, grillad, rostad och givetvis som inneh\u00e5ll i br\u00f6d, muffins, pajer mm.<\/p>\n<p>Efter sk\u00f6rden s\u00e5 klarar de sig fint under flera m\u00e5nader, de b\u00f6r ha de torrt och runt 10c.<\/p>\n<p>Den r\u00e5a frukten inneh\u00e5ller ungef\u00e4r 86% vatten, 12% kolhydrater, 1% protein och en f\u00f6rsumbar m\u00e4ngd fett.<\/p>\n<p>Visste du att k\u00e4rnorna faktiskt kan anv\u00e4ndas till att g\u00f6ra olja p\u00e5? Givetvis kan man ocks\u00e5 \u00e4ta k\u00e4rnorna (r\u00e5a eller rostade), men de kan allts\u00e5 \u00e4ven rostas och sedan pressas olja ur.<\/p>\n","protected":false},"excerpt":{"rendered":"<p>4kg ekologisk calabaza cacahuete<\/p>\n","protected":false},"featured_media":296751,"comment_status":"open","ping_status":"closed","template":"","meta":{"_et_pb_use_builder":"off","_et_pb_old_content":"<p dir=\"ltr\"><strong>Ekologisk Vitl\u00f6k<\/strong><\/p>\r\nVad b\u00e4ttre \u00e4n lite spansk aioli till maten?! D\u00e5 beh\u00f6vs tre av v\u00e5ra favoritingredienser \u2013 olivolja, citron och vitl\u00f6k. D\u00e4rf\u00f6r \u00e4r jag v\u00e4ldans glad att kunna erbjuda er d\u00e4rhemma lite ekologisk vitl\u00f6k.\r\n\r\nS\u00e5h\u00e4r enkelt g\u00f6r du en riktigt god aioli:\r\n\r\n<strong>Ingredienser:<\/strong>\r\n200ml ekologisk extra virgen olivolja (man f\u00e5r ha i lite mer om man m\u00e4rker att det beh\u00f6vs)\r\n1 ekologisk citron (du beh\u00f6ver pressa ur minst en matsked)\r\n1 tesked Dijon-senap\r\n4-5 ekologiska vitl\u00f6ksklyftor (ca 30gram)\r\nLite salt\r\n\r\nG\u00f6r s\u00e5h\u00e4r:\r\nPressa vitl\u00f6ksklyftorna och blanda i lite salt (ta hellre i underkant och tills\u00e4tt mer senare, s\u00e5 b\u00f6rja med ett kryddm\u00e5tt ungef\u00e4r). Blanda ut det till en tjock massa.\r\n\r\nTills\u00e4tt citronjuice och senapen. Tills\u00e4tt sist olivoljan. Mixa med mixerstav, nerifr\u00e5n och upp\u00e5t (runt 10 sekunder). Klart att servera!\r\n\r\nNu finns det hundra varianter av detta. M\u00e5nga g\u00f6r det med \u00e4gg, en del g\u00f6r det med vitpeppar, majon\u00e4s osv. Fransm\u00e4nnen g\u00f6r det med vitvinsvin\u00e4ger.\r\nKanske \u00e4r det mycket med 4-5 klyftor vitl\u00f6k, men d\u00e5 provar man sig fram helt enkelt.\r\n\r\nAlioli passar utm\u00e4rkt till fisk, k\u00f6tt och mycket annat.\r\n\r\nGivetvis kan du \u00e4ven anv\u00e4nda v\u00e5r ekologisk vitl\u00f6k till att f\u00f6rdriva vampyrer eller som ingrediens i andra matr\u00e4tter.","_et_gb_content_width":""},"product_brand":[],"product_cat":[251],"product_tag":[],"class_list":{"0":"post-344500","1":"product","2":"type-product","3":"status-publish","4":"has-post-thumbnail","6":"product_cat-calabaza","8":"first","9":"instock","10":"taxable","11":"shipping-taxable","12":"purchasable","13":"product-type-simple"},"_links":{"self":[{"href":"https:\/\/fincasolmark.com\/sv\/wp-json\/wp\/v2\/product\/344500","targetHints":{"allow":["GET"]}}],"collection":[{"href":"https:\/\/fincasolmark.com\/sv\/wp-json\/wp\/v2\/product"}],"about":[{"href":"https:\/\/fincasolmark.com\/sv\/wp-json\/wp\/v2\/types\/product"}],"replies":[{"embeddable":true,"href":"https:\/\/fincasolmark.com\/sv\/wp-json\/wp\/v2\/comments?post=344500"}],"wp:featuredmedia":[{"embeddable":true,"href":"https:\/\/fincasolmark.com\/sv\/wp-json\/wp\/v2\/media\/296751"}],"wp:attachment":[{"href":"https:\/\/fincasolmark.com\/sv\/wp-json\/wp\/v2\/media?parent=344500"}],"wp:term":[{"taxonomy":"product_brand","embeddable":true,"href":"https:\/\/fincasolmark.com\/sv\/wp-json\/wp\/v2\/product_brand?post=344500"},{"taxonomy":"product_cat","embeddable":true,"href":"https:\/\/fincasolmark.com\/sv\/wp-json\/wp\/v2\/product_cat?post=344500"},{"taxonomy":"product_tag","embeddable":true,"href":"https:\/\/fincasolmark.com\/sv\/wp-json\/wp\/v2\/product_tag?post=344500"}],"curies":[{"name":"wp","href":"https:\/\/api.w.org\/{rel}","templated":true}]}}