{"id":342312,"date":"2024-12-09T09:27:06","date_gmt":"2024-12-09T08:27:06","guid":{"rendered":"https:\/\/fincasolmark.com\/?post_type=product&#038;p=342312"},"modified":"2026-04-09T07:56:35","modified_gmt":"2026-04-09T05:56:35","slug":"avokado-pinkerton-eko-4kg","status":"publish","type":"product","link":"https:\/\/fincasolmark.com\/sv\/producto\/avokado-pinkerton-eko-4kg\/","title":{"rendered":"Avokado Pinkerton EKO 4kg"},"content":{"rendered":"<p>Vi f\u00e5r redan m\u00e4ngder av f\u00f6rfr\u00e5gningar kring n\u00e4sta leverans av ekologisk avokado fr\u00e5n Finca Solmark.<\/p>\n<p>Som v\u00e5r \u00e5rscykel ser ut s\u00e5 b\u00f6rjar vi med sorten <strong>Bacon<\/strong> i slutet av <strong>oktober<\/strong>, sedan f\u00f6ljer <strong>Fuerte<\/strong> fram\u00e5t <strong>december<\/strong>, <strong>Pinkerton<\/strong> i <strong>januari<\/strong>, <strong>Hass<\/strong> i <strong>februari<\/strong> och fram\u00e5t, <strong>Lamb Hass<\/strong> fr\u00e5n <strong>maj<\/strong> till juli och s\u00e5 <strong>Reed<\/strong> under en kort tid i <strong>juni<\/strong>.<\/p>\n<p><strong>Pinkerton<\/strong> \u00e4r en uts\u00f6kt avokado som \u00e4r en korsning av Hass och Rinc\u00f3n, med ett lite knottrigt gr\u00f6nt skal som \u00e4ndrar f\u00e4rg n\u00e4r den mognar och brukar vara lagom att plocka under december och januari.<\/p>\n<p>Smaken \u00e4r kr\u00e4mig och med ett n\u00f6tigt inslag, och det kr\u00e4miga fruktk\u00f6ttet \u00e4r \u00e5t det gul-gr\u00f6na h\u00e5llet.<\/p>\n","protected":false},"excerpt":{"rendered":"<p>Avokado Pinkerton EKO F\u00d6RBEST\u00c4LLNING &#8211; 4KG<\/p>\n","protected":false},"featured_media":342319,"comment_status":"open","ping_status":"closed","template":"","meta":{"_et_pb_use_builder":"off","_et_pb_old_content":"<strong>Ekologisk avokado fr\u00e5n M\u00e1laga<\/strong>\r\n\r\nL\u00e5dan inneh\u00e5ller 8kg ekologisk avokado av absolut h\u00f6gsta kvalit\u00e9.\r\n\r\n<strong><span lang=\"SV\">Just nu skeppar vi sorten Lamb Hass*\u00a0<\/span><\/strong><span lang=\"SV\">\r\n*(Sep\/Okt = Bacon, Nov\/Dec = Fuerte, Dec\/Jan = Pinkerton, Jan-April = Hass, April-Juli = Lamb Hass, Juni-Juli = Reed)<\/span>\r\n\r\n<strong><span lang=\"SV\">Bacon<\/span><\/strong><span lang=\"SV\">\u00a0\u2013 h\u00f6stens f\u00f6rsta sort med l\u00e5g fetthalt och mycket v\u00e4tska \u00e4r bra till guacamole, smoothies mm.\r\n<\/span><strong><span lang=\"SV\">Fuerte<\/span><\/strong><span lang=\"SV\">\u00a0\u2013 den f\u00f6rsta riktigt kr\u00e4miga avokadon p\u00e5 h\u00f6sten kan bli rej\u00e4lt stor, exemplar p\u00e5 \u00f6ver halvkilot \u00e4r inte ovanligt. Liksom Bacon har den sl\u00e4tt och ljusgr\u00f6nt skal som inte \u00e4ndrar f\u00e4rg. Mognar fr\u00e5n slutet av oktober till fram\u00e5t jul.\r\n<\/span><strong><span lang=\"SV\">Pinkerton<\/span><\/strong><span lang=\"SV\">\u00a0\u2013 mer p\u00e4ronformad och med gr\u00f6vre skal (p\u00e5minner lite om Hass) samt med en mycket liten k\u00e4rna. En kr\u00e4mig och fin sort som normalt sett mognar strax innan jul hos oss.\r\n<\/span><strong><span lang=\"SV\">Hass<\/span><\/strong><span lang=\"SV\">\u00a0\u2013 Avokadons Rolls Royce. 85-90% av all v\u00e4rldens avokado \u00e4r Hass. Vi har gott om Hass p\u00e5 g\u00e5rden och de mognar n\u00e5nstans fr\u00e5n mitten av januari till mitten av april hos oss. Pga l\u00e4get h\u00f6gt uppe i Guadalhorce-dalen s\u00e5 mognar mycket frukt lite senare hos oss \u00e4n i andra omr\u00e5den. \u00c4ndrar f\u00e4rg fr\u00e5n ljust gr\u00f6n till m\u00f6rkt gr\u00f6n\/svart\/r\u00f6d.\r\n<\/span><strong><span lang=\"SV\">Lamb Hass<\/span><\/strong><span lang=\"SV\">\u00a0\u2013 en blandning av Hass och Gwen. Sv\u00e5r att se skillnad p\u00e5 men mognar betydligt senare \u00e4n Hass. Mycket kr\u00e4mig och fin ocks\u00e5, och s\u00e5 pass sen att vi i teorin kan plocka dessa fram\u00e5t juli ocks\u00e5, men d\u00e5 \u00e4r det lite f\u00f6r varmt f\u00f6r att plocka frukt (men om du bes\u00f6ker oss under sommaren s\u00e5 kan du k\u00f6pa dem p\u00e5 plats). \u00c4ndrar ocks\u00e5 f\u00e4rg likt Hass.\r\n<b>Reed \u2013\u00a0<\/b>en klotrund och ganska stor avokado som mognar under sommaren. Har en lite n\u00f6tig smak och ett gr\u00f6nt skal som inte \u00e4ndrar f\u00e4rg n\u00e4r den mognar.<\/span>","_et_gb_content_width":""},"product_brand":[],"product_cat":[82],"product_tag":[],"class_list":{"0":"post-342312","1":"product","2":"type-product","3":"status-publish","4":"has-post-thumbnail","6":"product_cat-avokado","8":"first","9":"outofstock","10":"taxable","11":"shipping-taxable","12":"purchasable","13":"product-type-simple"},"_links":{"self":[{"href":"https:\/\/fincasolmark.com\/sv\/wp-json\/wp\/v2\/product\/342312","targetHints":{"allow":["GET"]}}],"collection":[{"href":"https:\/\/fincasolmark.com\/sv\/wp-json\/wp\/v2\/product"}],"about":[{"href":"https:\/\/fincasolmark.com\/sv\/wp-json\/wp\/v2\/types\/product"}],"replies":[{"embeddable":true,"href":"https:\/\/fincasolmark.com\/sv\/wp-json\/wp\/v2\/comments?post=342312"}],"wp:featuredmedia":[{"embeddable":true,"href":"https:\/\/fincasolmark.com\/sv\/wp-json\/wp\/v2\/media\/342319"}],"wp:attachment":[{"href":"https:\/\/fincasolmark.com\/sv\/wp-json\/wp\/v2\/media?parent=342312"}],"wp:term":[{"taxonomy":"product_brand","embeddable":true,"href":"https:\/\/fincasolmark.com\/sv\/wp-json\/wp\/v2\/product_brand?post=342312"},{"taxonomy":"product_cat","embeddable":true,"href":"https:\/\/fincasolmark.com\/sv\/wp-json\/wp\/v2\/product_cat?post=342312"},{"taxonomy":"product_tag","embeddable":true,"href":"https:\/\/fincasolmark.com\/sv\/wp-json\/wp\/v2\/product_tag?post=342312"}],"curies":[{"name":"wp","href":"https:\/\/api.w.org\/{rel}","templated":true}]}}