{"id":337830,"date":"2024-09-27T21:12:12","date_gmt":"2024-09-27T19:12:12","guid":{"rendered":"https:\/\/fincasolmark.com\/?post_type=product&#038;p=337830"},"modified":"2025-09-12T17:18:30","modified_gmt":"2025-09-12T15:18:30","slug":"honung-kastanj-rea-1kg","status":"publish","type":"product","link":"https:\/\/fincasolmark.com\/sv\/producto\/honung-kastanj-rea-1kg\/","title":{"rendered":"Honung Kastanj REA 1kg"},"content":{"rendered":"<p><strong>Honung Kastanj 1kg<\/strong><\/p>\n<p>V\u00e5r flytande Kastanjhonung kommer fr\u00e5n omr\u00e5den med stora m\u00e4ngder kastanj i n\u00e4rheten av M\u00e1laga, inte l\u00e5ngt fr\u00e5n g\u00e5rden.<\/p>\n<p>Den har en speciell arom av torrt tr\u00e4 mot en blommig bas. Smaken \u00e4r \u00e5t det syrliga h\u00e5llet med ett s\u00f6tt och ibland salt inslag, lite beroende p\u00e5 om den ibland inneh\u00e5ller lite av blommor fr\u00e5n n\u00e4rliggande sn\u00e5riga buskar som t ex bj\u00f6rnb\u00e4r.<\/p>\n<p>Som all v\u00e5r honung \u00e4r den oprocessad och givetvis 100% naturlig. Kastanjhonungen har en m\u00f6rk och ibland brun-gr\u00f6naktig f\u00e4rg.<\/p>\n<p>Kastanjhonungen \u00e4r god till viltk\u00f6tt och saker s\u00e5som glass, n\u00f6tter mm samt till bakverk.<\/p>\n","protected":false},"excerpt":{"rendered":"<p>Honungen har utg\u00e5nget rekommenderat datum och vi har en begr\u00e4nsad m\u00e4ngd, men honung blir egentligen aldrig gammal och klarar sig i m\u00e5nga \u00e5r om de f\u00f6rvaras torrt och svalt.<\/p>\n","protected":false},"featured_media":260260,"comment_status":"open","ping_status":"closed","template":"","meta":{"_et_pb_use_builder":"off","_et_pb_old_content":"<strong>Honung Timjan 300g\/500g\/1kg<\/strong>\r\n\r\nV\u00e5r flytande Timjanhonung kommer fr\u00e5n omr\u00e5den med stora m\u00e4ngder timjan som finns p\u00e5 berget ovanf\u00f6r g\u00e5rden.\r\n\r\nDen har en karakteristisk arom, med en blommig bas som sedan \u00e4r mycket intensiv och best\u00e5ende. Smaken \u00e4r s\u00f6t, klart syrlig och ibland med n\u00e5got salt ton.\r\n\r\nSom all v\u00e5r honung \u00e4r den oprocessad och givetvis 100% naturlig. Timjanhonungen har en m\u00f6rkt r\u00f6daktig f\u00e4rg.\r\n\r\nTimjanhonungen \u00e4r god till olika infusioner, lagrade ostar, k\u00f6ttgrytor och andra typer av k\u00f6tt som f\u00f6rberetts i ugnen.","_et_gb_content_width":""},"product_brand":[],"product_cat":[182],"product_tag":[],"class_list":{"0":"post-337830","1":"product","2":"type-product","3":"status-publish","4":"has-post-thumbnail","6":"product_cat-rea","8":"first","9":"outofstock","10":"taxable","11":"shipping-taxable","12":"purchasable","13":"product-type-simple"},"_links":{"self":[{"href":"https:\/\/fincasolmark.com\/sv\/wp-json\/wp\/v2\/product\/337830","targetHints":{"allow":["GET"]}}],"collection":[{"href":"https:\/\/fincasolmark.com\/sv\/wp-json\/wp\/v2\/product"}],"about":[{"href":"https:\/\/fincasolmark.com\/sv\/wp-json\/wp\/v2\/types\/product"}],"replies":[{"embeddable":true,"href":"https:\/\/fincasolmark.com\/sv\/wp-json\/wp\/v2\/comments?post=337830"}],"wp:featuredmedia":[{"embeddable":true,"href":"https:\/\/fincasolmark.com\/sv\/wp-json\/wp\/v2\/media\/260260"}],"wp:attachment":[{"href":"https:\/\/fincasolmark.com\/sv\/wp-json\/wp\/v2\/media?parent=337830"}],"wp:term":[{"taxonomy":"product_brand","embeddable":true,"href":"https:\/\/fincasolmark.com\/sv\/wp-json\/wp\/v2\/product_brand?post=337830"},{"taxonomy":"product_cat","embeddable":true,"href":"https:\/\/fincasolmark.com\/sv\/wp-json\/wp\/v2\/product_cat?post=337830"},{"taxonomy":"product_tag","embeddable":true,"href":"https:\/\/fincasolmark.com\/sv\/wp-json\/wp\/v2\/product_tag?post=337830"}],"curies":[{"name":"wp","href":"https:\/\/api.w.org\/{rel}","templated":true}]}}