{"id":336992,"date":"2024-08-21T22:20:11","date_gmt":"2024-08-21T20:20:11","guid":{"rendered":"https:\/\/fincasolmark.com\/?post_type=product&#038;p=336992"},"modified":"2024-09-25T07:58:38","modified_gmt":"2024-09-25T05:58:38","slug":"apple-sodero-gard-eko","status":"publish","type":"product","link":"https:\/\/fincasolmark.com\/sv\/producto\/apple-sodero-gard-eko\/","title":{"rendered":"\u00c4pple S\u00f6der\u00f6 G\u00e5rd EKO 2kg"},"content":{"rendered":"<p>N\u00e4r Discovery mognar under augusti m\u00e5nad drar \u00e4ppels\u00e4songen ig\u00e5ng p\u00e5 S\u00f6der\u00f6.<\/p>\n<p>Discovery, som h\u00e4rstammar fr\u00e5n Storbritannien, anv\u00e4nds flitigt inom ciderproduktion och har en touch av syrlighet och str\u00e4vhet samtidigt som smaken av sommar och s\u00f6tt sl\u00e5r igenom. \u00c4pplet \u00e4r medelstort och flerf\u00e4rgat med ett skal som g\u00e5r i tonerna gul\/orange\/r\u00f6d. Fruktk\u00f6ttet \u00e4r saftigt, fast och b\u00e4r en f\u00e4rgs\u00e4ttning av rosa till r\u00f6dstrimmigt. Detta ger i sin tur den karakt\u00e4ristiska ros\u00e9f\u00e4rgade \u00e4ppelmusten som s\u00e5 tydligt tillk\u00e4nnager sorten. \u00c4ven mos, marmelader och f\u00f6rst\u00e5s cider av Discovery ger en h\u00e4rlig nyans av ros\u00e9. Blommorna uppskattas av m\u00e5nga pollinat\u00f6rer och Discovery utg\u00f6r en viktig sort i v\u00e5r odling \u00e4ven av det sk\u00e4let.<\/p>\n<p>Discovery plockar vi under augusti och september m\u00e5nad.<\/p>\n","protected":false},"excerpt":{"rendered":"<p>2kg \u00c4pple S\u00f6der\u00f6 G\u00e5rd EKO<\/p>\n","protected":false},"featured_media":336993,"comment_status":"open","ping_status":"closed","template":"","meta":{"_et_pb_use_builder":"off","_et_pb_old_content":"<span lang=\"SV\">Sommartid betyder stenfrukter och vad \u00e4r v\u00e4l d\u00e5 b\u00e4ttre \u00e4n ekologiska nektariner, persikor, aprikoser och paraguayos (\u201dplatt\u201d persika).<u><\/u><u><\/u><\/span>\r\n\r\n<span lang=\"SV\">Vi har ett samarbete med en god v\u00e4n en bit norrut, som bara odlar stenfrukt \u2013 ekologiskt och av h\u00f6gsta kvalit\u00e9.<u><\/u><u><\/u><\/span>\r\n\r\n<span lang=\"SV\">Jag \u00e4r d\u00e4rf\u00f6r glad att kunna erbjuda dig denna l\u00e5da som inneh\u00e5ller ungef\u00e4r 3 kilo ekologiska <b>aprikoser<\/b>.<u><\/u><u><\/u><\/span>\r\n\r\n<span lang=\"SV\">De kommer som vanligt levererade i v\u00e5ra rej\u00e4la kartonger direkt hem till din d\u00f6rr. Jag hoppas du ska gilla dem lika mycket som vi g\u00f6r h\u00e4r p\u00e5 fincan.<u><\/u><u><\/u><\/span>\r\n\r\nDu kan ocks\u00e5 best\u00e4lla hela l\u00e5dor med nektariner, paraguayos eller persikor.","_et_gb_content_width":""},"product_brand":[],"product_cat":[371],"product_tag":[],"class_list":{"0":"post-336992","1":"product","2":"type-product","3":"status-publish","4":"has-post-thumbnail","6":"product_cat-apple","8":"first","9":"outofstock","10":"taxable","11":"shipping-taxable","12":"purchasable","13":"product-type-simple"},"_links":{"self":[{"href":"https:\/\/fincasolmark.com\/sv\/wp-json\/wp\/v2\/product\/336992","targetHints":{"allow":["GET"]}}],"collection":[{"href":"https:\/\/fincasolmark.com\/sv\/wp-json\/wp\/v2\/product"}],"about":[{"href":"https:\/\/fincasolmark.com\/sv\/wp-json\/wp\/v2\/types\/product"}],"replies":[{"embeddable":true,"href":"https:\/\/fincasolmark.com\/sv\/wp-json\/wp\/v2\/comments?post=336992"}],"wp:featuredmedia":[{"embeddable":true,"href":"https:\/\/fincasolmark.com\/sv\/wp-json\/wp\/v2\/media\/336993"}],"wp:attachment":[{"href":"https:\/\/fincasolmark.com\/sv\/wp-json\/wp\/v2\/media?parent=336992"}],"wp:term":[{"taxonomy":"product_brand","embeddable":true,"href":"https:\/\/fincasolmark.com\/sv\/wp-json\/wp\/v2\/product_brand?post=336992"},{"taxonomy":"product_cat","embeddable":true,"href":"https:\/\/fincasolmark.com\/sv\/wp-json\/wp\/v2\/product_cat?post=336992"},{"taxonomy":"product_tag","embeddable":true,"href":"https:\/\/fincasolmark.com\/sv\/wp-json\/wp\/v2\/product_tag?post=336992"}],"curies":[{"name":"wp","href":"https:\/\/api.w.org\/{rel}","templated":true}]}}