{"id":336009,"date":"2024-07-16T19:07:06","date_gmt":"2024-07-16T17:07:06","guid":{"rendered":"https:\/\/fincasolmark.com\/?post_type=product&#038;p=336009"},"modified":"2025-08-20T15:31:34","modified_gmt":"2025-08-20T13:31:34","slug":"passionsfrukt-5-pack","status":"publish","type":"product","link":"https:\/\/fincasolmark.com\/sv\/producto\/passionsfrukt-5-pack\/","title":{"rendered":"Passionsfrukt EKO 5-pack"},"content":{"rendered":"<p><strong>Ekologisk passionsfrukt fr\u00e5n M\u00e1laga<\/strong><\/p>\n<p>F\u00f6rpackningen inneh\u00e5ller 5st ekologiska passionsfrukter.<\/p>\n<p>Jag \u00e4r glad att kunna erbjuda kunder hemma i Sverige ekologisk PASSIONSFRUKT fr\u00e5n Europas enda odling under bar himmel. En god v\u00e4n till mig har spenderat sex \u00e5r med att forska, provplantera och hitta det b\u00e4sta s\u00e4ttet att odla denna h\u00e4rliga frukt med ursprung i Sydamerika.<\/p>\n<p>Det enklaste s\u00e4ttet hade annars varit att odla dem i v\u00e4xthus, men d\u00e5 f\u00e5r man aldrig den magiska smak som solen ger all typ av frukt. F\u00f6rpackningen inneh\u00e5llet 5st fina passionsfrukter som \u00e4r enkla att sk\u00e4ra av toppen p\u00e5 och gr\u00f6pa ur med en sked, eller varf\u00f6r inte blanda med lite yogurt och ha som dessert?<\/p>\n<p>Jag hoppas verkligen du ska gilla passionsfrukten och ser fram emot att h\u00f6ra ifr\u00e5n dig n\u00e4r du provat.<\/p>\n","protected":false},"excerpt":{"rendered":"<p>F\u00f6rpackningen inneh\u00e5ller 5st ekologiska passionsfrukter.<\/p>\n","protected":false},"featured_media":313723,"comment_status":"open","ping_status":"closed","template":"","meta":{"_et_pb_use_builder":"","_et_pb_old_content":"","_et_gb_content_width":""},"product_brand":[],"product_cat":[243],"product_tag":[],"class_list":{"0":"post-336009","1":"product","2":"type-product","3":"status-publish","4":"has-post-thumbnail","6":"product_cat-passionsfrukt","8":"first","9":"outofstock","10":"taxable","11":"shipping-taxable","12":"purchasable","13":"product-type-simple"},"_links":{"self":[{"href":"https:\/\/fincasolmark.com\/sv\/wp-json\/wp\/v2\/product\/336009","targetHints":{"allow":["GET"]}}],"collection":[{"href":"https:\/\/fincasolmark.com\/sv\/wp-json\/wp\/v2\/product"}],"about":[{"href":"https:\/\/fincasolmark.com\/sv\/wp-json\/wp\/v2\/types\/product"}],"replies":[{"embeddable":true,"href":"https:\/\/fincasolmark.com\/sv\/wp-json\/wp\/v2\/comments?post=336009"}],"wp:featuredmedia":[{"embeddable":true,"href":"https:\/\/fincasolmark.com\/sv\/wp-json\/wp\/v2\/media\/313723"}],"wp:attachment":[{"href":"https:\/\/fincasolmark.com\/sv\/wp-json\/wp\/v2\/media?parent=336009"}],"wp:term":[{"taxonomy":"product_brand","embeddable":true,"href":"https:\/\/fincasolmark.com\/sv\/wp-json\/wp\/v2\/product_brand?post=336009"},{"taxonomy":"product_cat","embeddable":true,"href":"https:\/\/fincasolmark.com\/sv\/wp-json\/wp\/v2\/product_cat?post=336009"},{"taxonomy":"product_tag","embeddable":true,"href":"https:\/\/fincasolmark.com\/sv\/wp-json\/wp\/v2\/product_tag?post=336009"}],"curies":[{"name":"wp","href":"https:\/\/api.w.org\/{rel}","templated":true}]}}