{"id":321711,"date":"2024-01-17T08:13:02","date_gmt":"2024-01-17T07:13:02","guid":{"rendered":"https:\/\/fincasolmark.com\/?post_type=product&#038;p=321711"},"modified":"2025-07-24T10:10:54","modified_gmt":"2025-07-24T08:10:54","slug":"avokado-passionsfrukt-eko","status":"publish","type":"product","link":"https:\/\/fincasolmark.com\/sv\/producto\/avokado-passionsfrukt-eko\/","title":{"rendered":"Avokado + Passionsfrukt EKO 3kg (2+1)"},"content":{"rendered":"<p><strong>Ekologisk avokado och passionfrukt fr\u00e5n M\u00e1laga<\/strong><\/p>\n<p><span lang=\"SV\">L\u00e5dan inneh\u00e5ller ca 2kg ekologisk avokado och ca 1kg ekologisk passionfrukt av absolut h\u00f6gsta kvalit\u00e9.<\/span><\/p>\n","protected":false},"excerpt":{"rendered":"<p>L\u00e5da med 1kg passionfrukt och 2kg avokado<\/p>\n","protected":false},"featured_media":329454,"comment_status":"open","ping_status":"closed","template":"","meta":{"_et_pb_use_builder":"off","_et_pb_old_content":"<strong>Ekologisk avokado och apelsin fr\u00e5n M\u00e1laga<\/strong>\r\n\r\n<span lang=\"SV\">L\u00e5dan inneh\u00e5ller ca 2kg ekologisk avokado och ca 2kg ekologisk apelsin av absolut h\u00f6gsta kvalit\u00e9.<\/span>\r\n\r\nH\u00f6stens f\u00f6rsta l\u00e5da inneh\u00e5ller avokado av sorten Bacon och apelsiner av sorten Navelina.","_et_gb_content_width":""},"product_brand":[],"product_cat":[82,265,243],"product_tag":[],"class_list":{"0":"post-321711","1":"product","2":"type-product","3":"status-publish","4":"has-post-thumbnail","6":"product_cat-avokado","7":"product_cat-fruktlador","8":"product_cat-passionsfrukt","10":"first","11":"outofstock","12":"taxable","13":"shipping-taxable","14":"purchasable","15":"product-type-simple"},"_links":{"self":[{"href":"https:\/\/fincasolmark.com\/sv\/wp-json\/wp\/v2\/product\/321711","targetHints":{"allow":["GET"]}}],"collection":[{"href":"https:\/\/fincasolmark.com\/sv\/wp-json\/wp\/v2\/product"}],"about":[{"href":"https:\/\/fincasolmark.com\/sv\/wp-json\/wp\/v2\/types\/product"}],"replies":[{"embeddable":true,"href":"https:\/\/fincasolmark.com\/sv\/wp-json\/wp\/v2\/comments?post=321711"}],"wp:featuredmedia":[{"embeddable":true,"href":"https:\/\/fincasolmark.com\/sv\/wp-json\/wp\/v2\/media\/329454"}],"wp:attachment":[{"href":"https:\/\/fincasolmark.com\/sv\/wp-json\/wp\/v2\/media?parent=321711"}],"wp:term":[{"taxonomy":"product_brand","embeddable":true,"href":"https:\/\/fincasolmark.com\/sv\/wp-json\/wp\/v2\/product_brand?post=321711"},{"taxonomy":"product_cat","embeddable":true,"href":"https:\/\/fincasolmark.com\/sv\/wp-json\/wp\/v2\/product_cat?post=321711"},{"taxonomy":"product_tag","embeddable":true,"href":"https:\/\/fincasolmark.com\/sv\/wp-json\/wp\/v2\/product_tag?post=321711"}],"curies":[{"name":"wp","href":"https:\/\/api.w.org\/{rel}","templated":true}]}}