{"id":320571,"date":"2024-01-06T10:14:13","date_gmt":"2024-01-06T09:14:13","guid":{"rendered":"https:\/\/fincasolmark.com\/?post_type=product&#038;p=320571"},"modified":"2026-03-31T23:57:03","modified_gmt":"2026-03-31T21:57:03","slug":"mandel-rostade-eko","status":"publish","type":"product","link":"https:\/\/fincasolmark.com\/sv\/producto\/mandel-rostade-eko\/","title":{"rendered":"Mandlar Rostade EKO 250g"},"content":{"rendered":"<p><strong><span lang=\"SV\">Mandel<\/span><\/strong><u><\/u><u><\/u><\/p>\n<p><span lang=\"SV\">Spanien \u00e4r en av v\u00e4rldens st\u00f6rsta producenter av mandel och den st\u00f6rsta delen av mandel som odlas i Europa kommer h\u00e4rifr\u00e5n. En stor del av dem odlas utan konstbevattning, s\u00e5 kallad \u201dsecano\u201d och tr\u00e4den \u00e4r fantastiskt vackra n\u00e4r de blommor i januari-februari.<u><\/u><u><\/u><\/span><\/p>\n<p><span lang=\"SV\">Av de olika sorters mandel som finns s\u00e5 gillar vi b\u00e4st den helt spanska sorten Comuna och som \u00e4r den vi s\u00e4ljer. Comuna \u00e4r en korsning av flera andra mandelsorter \u2013 Marcona, Cristomorto, Ferranduel och Ferragnes. Den \u00e4r har en h\u00e4rligt s\u00f6t smak och \u00e4r en favorit bland tillverkare av till exempel marsipan och den s\u00e5 typiskt spanska s\u00f6tsaken turr\u00f3n.<u><\/u><u><\/u><\/span><\/p>\n<p><span lang=\"SV\">Rostade mandlar finns i p\u00e5sar om 250g och efter att vi tagit bort det yttre h\u00e5rda skalet s\u00e5 l\u00e5ter vi det tunna bruna inre skalet sitta kvar och s\u00e5 rostas de l\u00e4tt (OBS \u2013 de \u00e4r osaltade \u2013 vill man salta dem s\u00e5 f\u00e5r man g\u00f6ra det sj\u00e4lv efter behov).<u><\/u><u><\/u><\/span><\/p>\n<p><span lang=\"SV\">Givetvis levererar vi till HELA Sverige. \u00c4ven du som bor l\u00e5ngt ute p\u00e5 landsbygden har ju r\u00e4tt att njuta av god frukt och ekologiska produkter.<\/span><\/p>\n","protected":false},"excerpt":{"rendered":"<p>250gram mandel rostade EKO<\/p>\n","protected":false},"featured_media":320877,"comment_status":"open","ping_status":"closed","template":"","meta":{"_et_pb_use_builder":"off","_et_pb_old_content":"<span lang=\"SV\">Sommartid betyder stenfrukter och vad \u00e4r v\u00e4l d\u00e5 b\u00e4ttre \u00e4n ekologiska nektariner, persikor, aprikoser och paraguayos (\u201dplatt\u201d persika).<u><\/u><u><\/u><\/span>\r\n\r\n<span lang=\"SV\">Vi har ett samarbete med en god v\u00e4n en bit norrut, som bara odlar stenfrukt \u2013 ekologiskt och av h\u00f6gsta kvalit\u00e9.<u><\/u><u><\/u><\/span>\r\n\r\n<span lang=\"SV\">Jag \u00e4r d\u00e4rf\u00f6r glad att kunna erbjuda dig denna l\u00e5da som inneh\u00e5ller ungef\u00e4r 3 kilo ekologiska <b>aprikoser<\/b>.<u><\/u><u><\/u><\/span>\r\n\r\n<span lang=\"SV\">De kommer som vanligt levererade i v\u00e5ra rej\u00e4la kartonger direkt hem till din d\u00f6rr. Jag hoppas du ska gilla dem lika mycket som vi g\u00f6r h\u00e4r p\u00e5 fincan.<u><\/u><u><\/u><\/span>\r\n\r\nDu kan ocks\u00e5 best\u00e4lla hela l\u00e5dor med nektariner, paraguayos eller persikor.","_et_gb_content_width":""},"product_brand":[],"product_cat":[140],"product_tag":[],"class_list":{"0":"post-320571","1":"product","2":"type-product","3":"status-publish","4":"has-post-thumbnail","6":"product_cat-mandel","8":"first","9":"instock","10":"taxable","11":"shipping-taxable","12":"purchasable","13":"product-type-simple"},"_links":{"self":[{"href":"https:\/\/fincasolmark.com\/sv\/wp-json\/wp\/v2\/product\/320571","targetHints":{"allow":["GET"]}}],"collection":[{"href":"https:\/\/fincasolmark.com\/sv\/wp-json\/wp\/v2\/product"}],"about":[{"href":"https:\/\/fincasolmark.com\/sv\/wp-json\/wp\/v2\/types\/product"}],"replies":[{"embeddable":true,"href":"https:\/\/fincasolmark.com\/sv\/wp-json\/wp\/v2\/comments?post=320571"}],"wp:featuredmedia":[{"embeddable":true,"href":"https:\/\/fincasolmark.com\/sv\/wp-json\/wp\/v2\/media\/320877"}],"wp:attachment":[{"href":"https:\/\/fincasolmark.com\/sv\/wp-json\/wp\/v2\/media?parent=320571"}],"wp:term":[{"taxonomy":"product_brand","embeddable":true,"href":"https:\/\/fincasolmark.com\/sv\/wp-json\/wp\/v2\/product_brand?post=320571"},{"taxonomy":"product_cat","embeddable":true,"href":"https:\/\/fincasolmark.com\/sv\/wp-json\/wp\/v2\/product_cat?post=320571"},{"taxonomy":"product_tag","embeddable":true,"href":"https:\/\/fincasolmark.com\/sv\/wp-json\/wp\/v2\/product_tag?post=320571"}],"curies":[{"name":"wp","href":"https:\/\/api.w.org\/{rel}","templated":true}]}}