{"id":314435,"date":"2023-10-18T12:30:17","date_gmt":"2023-10-18T10:30:17","guid":{"rendered":"https:\/\/fincasolmark.com\/?post_type=product&#038;p=314435"},"modified":"2025-10-15T09:55:55","modified_gmt":"2025-10-15T07:55:55","slug":"marmelad-magisk-eko-340g","status":"publish","type":"product","link":"https:\/\/fincasolmark.com\/sv\/producto\/marmelad-magisk-eko-340g\/","title":{"rendered":"Fincans Marmelad EKO 340g"},"content":{"rendered":"<p style=\"font-weight: 400;\">Ibland n\u00e4r vi har lite \u00f6verskott av frukt som m\u00e5ste plockas, s\u00e5 brukar vi frysa in fruktk\u00f6tt eller juice f\u00f6r att senare g\u00f6ra galet god marmelad.<\/p>\n<p style=\"font-weight: 400;\">Eftersom det skiljer sig fr\u00e5n g\u00e5ng till g\u00e5ng vad vi har tillg\u00e5ng till och en del saker endast finns i begr\u00e4nsad m\u00e4ngd, s\u00e5 g\u00f6r vi l\u00f6pande lite olika blandningar.<\/p>\n<p style=\"font-weight: 400;\">S\u00e5 n\u00e4r du best\u00e4ller denna artikel s\u00e5 blir det en liten \u00f6verraskning men alltid en garanterat magisk upplevelse. Vi har t ex gjort blandningar med passionsfrukt, kiwi\u00f1o och redrojo-citroner som nog \u00e4r det godaste vi n\u00e5gonsin provat sj\u00e4lva.<\/p>\n<p style=\"font-weight: 400;\">Varje burk \u00e4r allts\u00e5 gjord p\u00e5 ekologisk frukt, lite vatten och en del syltsocker eller pektin d\u00e4r s\u00e5 beh\u00f6vs. Varsam kokning och mycket k\u00e4rlek g\u00f6r sedan smaken till n\u00e5got helt unikt.<\/p>\n<p style=\"font-weight: 400;\">V\u00e5ra marmelader fungerar perfekt att bre ut \u00f6ver en sm\u00f6rg\u00e5s, till torkade fikon, ostbrickan eller att bara \u00e4ta r\u00e4tt upp och ner.<\/p>\n<p style=\"font-weight: 400;\">En burk inneh\u00e5ller 340gram ekologisk marmelad.<\/p>\n<p style=\"font-weight: 400;\"><strong>Just nu inneh\u00e5ller denna begr\u00e4nsade m\u00e4ngd burkar kiwi\u00f1o och lime i en riktigt god blandning. Finns en begr\u00e4nsad tid.<\/strong><\/p>\n<p>&nbsp;<\/p>\n\n<table id=\"tablepress-11\" class=\"tablepress tablepress-id-11\">\n<thead>\n<tr class=\"row-1\">\n\t<th class=\"column-1\">N\u00e4ringsv\u00e4rde per 100g: (Marmelad)<\/th><td class=\"column-2\"><\/td><td class=\"column-3\"><\/td>\n<\/tr>\n<\/thead>\n<tbody class=\"row-striping row-hover\">\n<tr class=\"row-2\">\n\t<td class=\"column-1\">Energi<\/td><td class=\"column-2\">1046\/250<\/td><td class=\"column-3\">kJ\/kcal<\/td>\n<\/tr>\n<tr class=\"row-3\">\n\t<td class=\"column-1\">Fett<\/td><td class=\"column-2\">0<\/td><td class=\"column-3\">g<\/td>\n<\/tr>\n<tr class=\"row-4\">\n\t<td class=\"column-1\">- Varav m\u00e4ttat fett<\/td><td class=\"column-2\">0<\/td><td class=\"column-3\">g<\/td>\n<\/tr>\n<tr class=\"row-5\">\n\t<td class=\"column-1\">Kolhydrater<\/td><td class=\"column-2\">65<\/td><td class=\"column-3\">g<\/td>\n<\/tr>\n<tr class=\"row-6\">\n\t<td class=\"column-1\">- Varav socker<\/td><td class=\"column-2\">60<\/td><td class=\"column-3\">g<\/td>\n<\/tr>\n<tr class=\"row-7\">\n\t<td class=\"column-1\">Fiber<\/td><td class=\"column-2\">1<\/td><td class=\"column-3\">g<\/td>\n<\/tr>\n<tr class=\"row-8\">\n\t<td class=\"column-1\">Protein<\/td><td class=\"column-2\">0,2<\/td><td class=\"column-3\">g<\/td>\n<\/tr>\n<tr class=\"row-9\">\n\t<td class=\"column-1\">Salt<\/td><td class=\"column-2\">0<\/td><td class=\"column-3\">g<\/td>\n<\/tr>\n<\/tbody>\n<\/table>\n<!-- #tablepress-11 from cache -->\n","protected":false},"excerpt":{"rendered":"<p>340 gram Marmelad Magisk EKO<\/p>\n","protected":false},"featured_media":321410,"comment_status":"open","ping_status":"closed","template":"","meta":{"_et_pb_use_builder":"off","_et_pb_old_content":"<strong>Kumquat Chutney med Curry EKO<\/strong>\r\n\r\nV\u00e5r v\u00e4rldsunika chutney gjord p\u00e5 kumquat och med lite sting i. Detta \u00e4r f\u00f6r dig som vill liva upp maten med n\u00e5got alldeles extra, och dessutom \u00e4r alla ingredienser helt ekologiska.\r\n\r\nUngef\u00e4r en 1\/3 \u00e4r Kumquat, 1\/3 vatten och 1\/3 l\u00f6k, med lite andra ingredienser f\u00f6r att ge det en h\u00e4rligt spicy k\u00e4nsla. Perfekt till all typ av asiatisk mat, men givetvis ocks\u00e5 till annan mat.\r\n\r\nKumquat-frukten \u00e4r en liten citrusfrukt som v\u00e4ger mellan 15-20gram och kan \u00e4tas med skalet. Den inneh\u00e5ller mycket pektin och \u00e4r perfekt att anv\u00e4nda i marmelader, till denna chutney och mycket annat.\r\n\r\nFinns endast i en storlek och i en ganska begr\u00e4nsad upplaga. I \u00e5r har vi tillagat ca 1400 burkar.","_et_gb_content_width":""},"product_brand":[],"product_cat":[159],"product_tag":[],"class_list":{"0":"post-314435","1":"product","2":"type-product","3":"status-publish","4":"has-post-thumbnail","6":"product_cat-mermelad","8":"first","9":"outofstock","10":"taxable","11":"shipping-taxable","12":"purchasable","13":"product-type-simple"},"_links":{"self":[{"href":"https:\/\/fincasolmark.com\/sv\/wp-json\/wp\/v2\/product\/314435","targetHints":{"allow":["GET"]}}],"collection":[{"href":"https:\/\/fincasolmark.com\/sv\/wp-json\/wp\/v2\/product"}],"about":[{"href":"https:\/\/fincasolmark.com\/sv\/wp-json\/wp\/v2\/types\/product"}],"replies":[{"embeddable":true,"href":"https:\/\/fincasolmark.com\/sv\/wp-json\/wp\/v2\/comments?post=314435"}],"wp:featuredmedia":[{"embeddable":true,"href":"https:\/\/fincasolmark.com\/sv\/wp-json\/wp\/v2\/media\/321410"}],"wp:attachment":[{"href":"https:\/\/fincasolmark.com\/sv\/wp-json\/wp\/v2\/media?parent=314435"}],"wp:term":[{"taxonomy":"product_brand","embeddable":true,"href":"https:\/\/fincasolmark.com\/sv\/wp-json\/wp\/v2\/product_brand?post=314435"},{"taxonomy":"product_cat","embeddable":true,"href":"https:\/\/fincasolmark.com\/sv\/wp-json\/wp\/v2\/product_cat?post=314435"},{"taxonomy":"product_tag","embeddable":true,"href":"https:\/\/fincasolmark.com\/sv\/wp-json\/wp\/v2\/product_tag?post=314435"}],"curies":[{"name":"wp","href":"https:\/\/api.w.org\/{rel}","templated":true}]}}