{"id":311682,"date":"2023-08-12T12:29:43","date_gmt":"2023-08-12T10:29:43","guid":{"rendered":"http:\/\/fincasolmark.com\/?post_type=product&#038;p=311682"},"modified":"2026-04-05T11:52:31","modified_gmt":"2026-04-05T09:52:31","slug":"oliver-dop-alorena-eko-550-gram","status":"publish","type":"product","link":"https:\/\/fincasolmark.com\/sv\/producto\/oliver-dop-alorena-eko-550-gram\/","title":{"rendered":"Oliver DOP Alore\u00f1a EKO &#8211; 550 gram"},"content":{"rendered":"<p><strong>Oliver DOP Alora<\/strong><\/p>\n<p>Fr\u00e5n grannbyn \u00c1lora kommer dessa fantastiska, ekologiska, bordsoliver. Omr\u00e5dets oliver kallas f\u00f6r Manzanilla Alore\u00f1a och har ett skyddat ursprung, s\u00e5 kallat D.O.P. (Denominaci\u00f3n de Origen Protegida) (Sverige var ett av de f\u00f6rsta sju l\u00e4nder som jobbade fram denna typ av ben\u00e4mning redan p\u00e5 50-talet och det finns idag 12 svenska produkter som har motsvarande skydd \u2013 t ex Falukorv, Sk\u00e5nsk Spettekaka, Kalix L\u00f6jrom m fl).<\/p>\n<p>Manzana betyder \u00e4pple p\u00e5 spanska och namnet p\u00e5 oliven kommer ur dess v\u00e4ldigt runda form, som p\u00e5minner om ett \u00e4pple. Den har en l\u00e4tt gr\u00f6n f\u00e4rg, med drag \u00e5t gult\/gyllenf\u00e4rgat och b\u00e5de oliver och de naturliga tillsatserna \u00e4r allts\u00e5 helt ekologiska.<\/p>\n<p>Oliverna kommer \u201dpartidas\u201d, allts\u00e5 delade och med k\u00e4rnan kvar. I en burk p\u00e5 1,3kg s\u00e5 \u00e4r 550gram oliver och resten \u00e4r glasburk\/lock samt v\u00e4tska. V\u00e4tskan inneh\u00e5ller en blandning av framf\u00f6rallt vitl\u00f6k och timjan, men \u00e4ven f\u00e4nk\u00e5l och paprika. F\u00f6rst f\u00f6rbereds oliverna i en saltl\u00f6sning i minst 1 m\u00e5nad innan de f\u00f6rpackas i burkarna.<\/p>\n<p>Det h\u00e4r \u00e4r bordsolivernas motsvarighet till serranoskinkans \u201dPata negra\u201d och de godaste oliver vi \u00e4tit. F\u00f6rvaras svalt och b\u00f6r konsumeras inom ett par veckor efter att burken f\u00f6rst \u00f6ppnats.<\/p>\n","protected":false},"excerpt":{"rendered":"<p>550 gram Oliver DOP Alore\u00f1a EKO<\/p>\n","protected":false},"featured_media":311683,"comment_status":"open","ping_status":"closed","template":"","meta":{"_et_pb_use_builder":"off","_et_pb_old_content":"<p dir=\"ltr\"><strong>Ekologisk citron fr\u00e5n M\u00e1laga<\/strong><\/p>\r\nL\u00e5dan inneh\u00e5ller 4kg ekologisk citron av absolut h\u00f6gsta kvalit\u00e9.\r\n\r\nJust nu skeppar vi sorten VERNA \u2013 med h\u00e4rligt tjockt skal, perfekt att zesta och gott om svagt syrlig juice!","_et_gb_content_width":""},"product_brand":[],"product_cat":[381,311],"product_tag":[],"class_list":{"0":"post-311682","1":"product","2":"type-product","3":"status-publish","4":"has-post-thumbnail","6":"product_cat-nyhet","7":"product_cat-oliver","9":"first","10":"instock","11":"taxable","12":"shipping-taxable","13":"purchasable","14":"product-type-simple"},"_links":{"self":[{"href":"https:\/\/fincasolmark.com\/sv\/wp-json\/wp\/v2\/product\/311682","targetHints":{"allow":["GET"]}}],"collection":[{"href":"https:\/\/fincasolmark.com\/sv\/wp-json\/wp\/v2\/product"}],"about":[{"href":"https:\/\/fincasolmark.com\/sv\/wp-json\/wp\/v2\/types\/product"}],"replies":[{"embeddable":true,"href":"https:\/\/fincasolmark.com\/sv\/wp-json\/wp\/v2\/comments?post=311682"}],"wp:featuredmedia":[{"embeddable":true,"href":"https:\/\/fincasolmark.com\/sv\/wp-json\/wp\/v2\/media\/311683"}],"wp:attachment":[{"href":"https:\/\/fincasolmark.com\/sv\/wp-json\/wp\/v2\/media?parent=311682"}],"wp:term":[{"taxonomy":"product_brand","embeddable":true,"href":"https:\/\/fincasolmark.com\/sv\/wp-json\/wp\/v2\/product_brand?post=311682"},{"taxonomy":"product_cat","embeddable":true,"href":"https:\/\/fincasolmark.com\/sv\/wp-json\/wp\/v2\/product_cat?post=311682"},{"taxonomy":"product_tag","embeddable":true,"href":"https:\/\/fincasolmark.com\/sv\/wp-json\/wp\/v2\/product_tag?post=311682"}],"curies":[{"name":"wp","href":"https:\/\/api.w.org\/{rel}","templated":true}]}}