{"id":310868,"date":"2023-07-27T10:49:23","date_gmt":"2023-07-27T08:49:23","guid":{"rendered":"http:\/\/fincasolmark.com\/?post_type=product&#038;p=310868"},"modified":"2026-03-31T23:57:02","modified_gmt":"2026-03-31T21:57:02","slug":"pinjenotter-eko","status":"publish","type":"product","link":"https:\/\/fincasolmark.com\/sv\/producto\/pinjenotter-eko\/","title":{"rendered":"Pinjen\u00f6tter EKO 100 gram"},"content":{"rendered":"<p><strong>Pinjen\u00f6tter<\/strong><\/p>\n<p>Pinjetr\u00e4d (pinus pinea) v\u00e4xer runt Medelhavet, mestadels i Portugal och Spanien, men \u00e4ven en del i Italien, Grekland och Turkiet och \u00e4r ett mycket vanligt tr\u00e4d, kusin till v\u00e5ra svenska tallar (men inte lika h\u00e4rdig f\u00f6r att klara av v\u00e5rt nordliga klimat).<\/p>\n<p>Det tar ungef\u00e4r 25 \u00e5r innan de b\u00f6rjar f\u00e5 kottar och tr\u00e4den brukar ofta leta sig upp mot 20 meters h\u00f6jd.<\/p>\n<p>Sj\u00e4lva pinjen\u00f6tterna v\u00e4xer inuti den stora kotten, som ofta blir \u00f6ver 10cm i diameter. Varje kotte h\u00e5ller n\u00e5gonstans mellan 20 och 50 fr\u00f6n. N\u00e4r kotten sitter p\u00e5 tr\u00e4det s\u00e5 d\u00f6ljer den fr\u00f6na och de kan bara skakas loss n\u00e4r kotten \u00e4r mogen och \u00f6ppnar upp fj\u00e4llen.<\/p>\n<p>Detta kan g\u00f6ras med maskinell hj\u00e4lp, men oftast l\u00e5ter man dem soltorka tills de \u00f6ppnar sig och fr\u00f6na faller ur. Sedan beh\u00f6ver man avl\u00e4gsna skalet innan det g\u00e5r att \u00e4ta n\u00f6ten.<\/p>\n<p>N\u00f6tterna \u00e4r rika p\u00e5 j\u00e4rn, zink, protein och flerom\u00e4ttat fett (ca 35%). De anv\u00e4nds i en m\u00e4ngd olika matr\u00e4tter i det spanska k\u00f6ket och givetvis i Italiens ber\u00f6mda pesto fr\u00e5n Genua.<\/p>\n<p>Pinjen\u00f6ten har en mild, sm\u00f6rig smak. De \u00e4r uts\u00f6kta att ha i bakverk, soppor, sallader, till fisk och k\u00f6tt och som tilltugg. De \u00e4r dessutom k\u00e4nda som afrodisiaka.<\/p>\n<p>F\u00f6rvaras m\u00f6rkt och svalt.<\/p>\n","protected":false},"excerpt":{"rendered":"<p>100gram Pinjen\u00f6tter EKO<\/p>\n","protected":false},"featured_media":310869,"comment_status":"open","ping_status":"closed","template":"","meta":{"_et_pb_use_builder":"off","_et_pb_old_content":"<span lang=\"SV\">Sommartid betyder stenfrukter och vad \u00e4r v\u00e4l d\u00e5 b\u00e4ttre \u00e4n ekologiska nektariner, persikor, aprikoser och paraguayos (\u201dplatt\u201d persika).<u><\/u><u><\/u><\/span>\r\n\r\n<span lang=\"SV\">Vi har ett samarbete med en god v\u00e4n en bit norrut, som bara odlar stenfrukt \u2013 ekologiskt och av h\u00f6gsta kvalit\u00e9.<u><\/u><u><\/u><\/span>\r\n\r\n<span lang=\"SV\">Jag \u00e4r d\u00e4rf\u00f6r glad att kunna erbjuda dig denna l\u00e5da som inneh\u00e5ller ungef\u00e4r 3 kilo ekologiska <b>aprikoser<\/b>.<u><\/u><u><\/u><\/span>\r\n\r\n<span lang=\"SV\">De kommer som vanligt levererade i v\u00e5ra rej\u00e4la kartonger direkt hem till din d\u00f6rr. Jag hoppas du ska gilla dem lika mycket som vi g\u00f6r h\u00e4r p\u00e5 fincan.<u><\/u><u><\/u><\/span>\r\n\r\nDu kan ocks\u00e5 best\u00e4lla hela l\u00e5dor med nektariner, paraguayos eller persikor.","_et_gb_content_width":""},"product_brand":[],"product_cat":[307],"product_tag":[],"class_list":{"0":"post-310868","1":"product","2":"type-product","3":"status-publish","4":"has-post-thumbnail","6":"product_cat-pinjenotter","8":"first","9":"instock","10":"taxable","11":"shipping-taxable","12":"purchasable","13":"product-type-simple"},"_links":{"self":[{"href":"https:\/\/fincasolmark.com\/sv\/wp-json\/wp\/v2\/product\/310868","targetHints":{"allow":["GET"]}}],"collection":[{"href":"https:\/\/fincasolmark.com\/sv\/wp-json\/wp\/v2\/product"}],"about":[{"href":"https:\/\/fincasolmark.com\/sv\/wp-json\/wp\/v2\/types\/product"}],"replies":[{"embeddable":true,"href":"https:\/\/fincasolmark.com\/sv\/wp-json\/wp\/v2\/comments?post=310868"}],"wp:featuredmedia":[{"embeddable":true,"href":"https:\/\/fincasolmark.com\/sv\/wp-json\/wp\/v2\/media\/310869"}],"wp:attachment":[{"href":"https:\/\/fincasolmark.com\/sv\/wp-json\/wp\/v2\/media?parent=310868"}],"wp:term":[{"taxonomy":"product_brand","embeddable":true,"href":"https:\/\/fincasolmark.com\/sv\/wp-json\/wp\/v2\/product_brand?post=310868"},{"taxonomy":"product_cat","embeddable":true,"href":"https:\/\/fincasolmark.com\/sv\/wp-json\/wp\/v2\/product_cat?post=310868"},{"taxonomy":"product_tag","embeddable":true,"href":"https:\/\/fincasolmark.com\/sv\/wp-json\/wp\/v2\/product_tag?post=310868"}],"curies":[{"name":"wp","href":"https:\/\/api.w.org\/{rel}","templated":true}]}}