{"id":310826,"date":"2023-07-27T09:03:20","date_gmt":"2023-07-27T07:03:20","guid":{"rendered":"http:\/\/fincasolmark.com\/?post_type=product&#038;p=310826"},"modified":"2026-03-31T23:58:45","modified_gmt":"2026-03-31T21:58:45","slug":"pistagenotter-rostade-med-skal-eko","status":"publish","type":"product","link":"https:\/\/fincasolmark.com\/sv\/producto\/pistagenotter-rostade-med-skal-eko\/","title":{"rendered":"Pistagen\u00f6tter rostade med skal EKO"},"content":{"rendered":"<p>Pistagen\u00f6ten \u00e4r egentligen inte en n\u00f6t utan en stenfrukt fr\u00e5n tr\u00e4det pistacia vera.<\/p>\n<p>Den ing\u00e5r i samma familj (sumak) som cashew, mango m fl frukter.<\/p>\n<p>Sorten som mestadels sk\u00f6rdas i Spanien heter Kerman och \u00e4r \u00e4ven Kaliforniens vanligaste sort. Den ger stora och fina frukter.<\/p>\n<p>Pistagetr\u00e4den har endast han- eller honblommor, och en kort sk\u00f6rdetid och \u00e4ven en mycket kort tid n\u00e4r de pollineras. Kerman \u00e4r en hona och oftast brukar man plantera sorten Peters f\u00f6r pollineringens skull (som sker i stort sett uteslutande med hj\u00e4lp av vinden).<\/p>\n<p>Det brukar g\u00e5 \u00e5t ungef\u00e4r ett hantr\u00e4d f\u00f6r att pollinera 8-12 hontr\u00e4d och hontr\u00e4den brukar vanligtvis ha stor sk\u00f6rd varannat \u00e5r. Det mesta av sk\u00f6rden sker mekaniskt nuf\u00f6rtiden och tr\u00e4den besk\u00e4rs f\u00f6r att passa mekanisk plockning.<\/p>\n<p>V\u00e5ra pistagefrukter \u00e4r rostade och l\u00e4tt saltade, och har f\u00e5tt ha kvar skalet. Perfekta att anv\u00e4nda \u00e4ven i matlagning eller glasstillverkning. M\u00e5nga s\u00f6tsaker fr\u00e5n mellan\u00f6stern\/balkan har pistage som ingrediens, framf\u00f6rallt baklava.<\/p>\n<p>&nbsp;<\/p>\n\n<table id=\"tablepress-1\" class=\"tablepress tablepress-id-1\">\n<thead>\n<tr class=\"row-1\">\n\t<th class=\"column-1\">N\u00e4ringsv\u00e4rde per 100g:<\/th><td class=\"column-2\"><\/td><td class=\"column-3\"><\/td>\n<\/tr>\n<\/thead>\n<tbody class=\"row-striping row-hover\">\n<tr class=\"row-2\">\n\t<td class=\"column-1\">Energi<\/td><td class=\"column-2\">2755\/658<\/td><td class=\"column-3\">kJ\/kcal<\/td>\n<\/tr>\n<tr class=\"row-3\">\n\t<td class=\"column-1\">Fett<\/td><td class=\"column-2\">58<\/td><td class=\"column-3\">g<\/td>\n<\/tr>\n<tr class=\"row-4\">\n\t<td class=\"column-1\">- Varav m\u00e4ttat fett<\/td><td class=\"column-2\">7,6<\/td><td class=\"column-3\">g<\/td>\n<\/tr>\n<tr class=\"row-5\">\n\t<td class=\"column-1\">Kolhydrater<\/td><td class=\"column-2\">8,2<\/td><td class=\"column-3\">g<\/td>\n<\/tr>\n<tr class=\"row-6\">\n\t<td class=\"column-1\">- Varav socker<\/td><td class=\"column-2\">4,6<\/td><td class=\"column-3\">g<\/td>\n<\/tr>\n<tr class=\"row-7\">\n\t<td class=\"column-1\">Fiber<\/td><td class=\"column-2\">9,4<\/td><td class=\"column-3\">g<\/td>\n<\/tr>\n<tr class=\"row-8\">\n\t<td class=\"column-1\">Protein<\/td><td class=\"column-2\">21<\/td><td class=\"column-3\">g<\/td>\n<\/tr>\n<tr class=\"row-9\">\n\t<td class=\"column-1\">Salt<\/td><td class=\"column-2\">0,3<\/td><td class=\"column-3\">g<\/td>\n<\/tr>\n<\/tbody>\n<\/table>\n<!-- #tablepress-1 from cache -->\n","protected":false},"excerpt":{"rendered":"<p>250gram Pistagen\u00f6tter rostade med skal EKO<\/p>\n","protected":false},"featured_media":310829,"comment_status":"open","ping_status":"closed","template":"","meta":{"_et_pb_use_builder":"off","_et_pb_old_content":"<span lang=\"SV\">Sommartid betyder stenfrukter och vad \u00e4r v\u00e4l d\u00e5 b\u00e4ttre \u00e4n ekologiska nektariner, persikor, aprikoser och paraguayos (\u201dplatt\u201d persika).<u><\/u><u><\/u><\/span>\r\n\r\n<span lang=\"SV\">Vi har ett samarbete med en god v\u00e4n en bit norrut, som bara odlar stenfrukt \u2013 ekologiskt och av h\u00f6gsta kvalit\u00e9.<u><\/u><u><\/u><\/span>\r\n\r\n<span lang=\"SV\">Jag \u00e4r d\u00e4rf\u00f6r glad att kunna erbjuda dig denna l\u00e5da som inneh\u00e5ller ungef\u00e4r 3 kilo ekologiska <b>aprikoser<\/b>.<u><\/u><u><\/u><\/span>\r\n\r\n<span lang=\"SV\">De kommer som vanligt levererade i v\u00e5ra rej\u00e4la kartonger direkt hem till din d\u00f6rr. Jag hoppas du ska gilla dem lika mycket som vi g\u00f6r h\u00e4r p\u00e5 fincan.<u><\/u><u><\/u><\/span>\r\n\r\nDu kan ocks\u00e5 best\u00e4lla hela l\u00e5dor med nektariner, paraguayos eller persikor.","_et_gb_content_width":""},"product_brand":[],"product_cat":[304],"product_tag":[],"class_list":{"0":"post-310826","1":"product","2":"type-product","3":"status-publish","4":"has-post-thumbnail","6":"product_cat-pistagenotter","8":"first","9":"instock","10":"taxable","11":"shipping-taxable","12":"purchasable","13":"product-type-variable","14":"has-default-attributes"},"_links":{"self":[{"href":"https:\/\/fincasolmark.com\/sv\/wp-json\/wp\/v2\/product\/310826","targetHints":{"allow":["GET"]}}],"collection":[{"href":"https:\/\/fincasolmark.com\/sv\/wp-json\/wp\/v2\/product"}],"about":[{"href":"https:\/\/fincasolmark.com\/sv\/wp-json\/wp\/v2\/types\/product"}],"replies":[{"embeddable":true,"href":"https:\/\/fincasolmark.com\/sv\/wp-json\/wp\/v2\/comments?post=310826"}],"wp:featuredmedia":[{"embeddable":true,"href":"https:\/\/fincasolmark.com\/sv\/wp-json\/wp\/v2\/media\/310829"}],"wp:attachment":[{"href":"https:\/\/fincasolmark.com\/sv\/wp-json\/wp\/v2\/media?parent=310826"}],"wp:term":[{"taxonomy":"product_brand","embeddable":true,"href":"https:\/\/fincasolmark.com\/sv\/wp-json\/wp\/v2\/product_brand?post=310826"},{"taxonomy":"product_cat","embeddable":true,"href":"https:\/\/fincasolmark.com\/sv\/wp-json\/wp\/v2\/product_cat?post=310826"},{"taxonomy":"product_tag","embeddable":true,"href":"https:\/\/fincasolmark.com\/sv\/wp-json\/wp\/v2\/product_tag?post=310826"}],"curies":[{"name":"wp","href":"https:\/\/api.w.org\/{rel}","templated":true}]}}