{"id":310797,"date":"2023-07-27T07:28:29","date_gmt":"2023-07-27T05:28:29","guid":{"rendered":"http:\/\/fincasolmark.com\/?post_type=product&#038;p=310797"},"modified":"2025-09-25T21:06:29","modified_gmt":"2025-09-25T19:06:29","slug":"litchi-eko","status":"publish","type":"product","link":"https:\/\/fincasolmark.com\/sv\/producto\/litchi-eko\/","title":{"rendered":"Litchi EKO"},"content":{"rendered":"<p>Litchi (Litchi chinensis) \u00e4r en stenfrukt som har sitt ursprung i Kina. Den har ett knottrigt skal som skiftar mellan r\u00f6tt-rosa-brunt och inv\u00e4ndigt hittar man ett helt vitt fruktk\u00f6tt som omger k\u00e4rnan. Det \u00e4r en arillusfrukt (fr\u00f6hyllefrukt) precis som t ex passionsfrukten, d\u00e4r varje fr\u00f6 omges av fruktk\u00f6tt.<\/p>\n<p>Frukten \u00e4r s\u00f6t och smakrik och har odlats i Kina i drygt 4000 \u00e5r. F\u00f6rr i tiden ans\u00e5gs det vara en mycket exklusiv frukt som ofta anv\u00e4ndes som skattebetalningsmedel.<\/p>\n<p>Tr\u00e4den blir i storlek som avokadotr\u00e4d ungef\u00e4r, och frukterna v\u00e4xer i stora klasar. Dock tar det upp\u00e5t 10 \u00e5r innan tr\u00e4den b\u00e4r frukt.<\/p>\n<p>Frukten \u00e4ts som den \u00e4r ur sitt skal, i Kina \u00e4r det ocks\u00e5 vanligt att anv\u00e4nda den till k\u00f6tt- och fiskr\u00e4tter samt i s\u00f6tsaker som glass och smoothies.<\/p>\n<p>Den har gott om Vitamin C och B, magnesium, j\u00e4rn, kalcium mm.<\/p>\n<p>Litchi inneh\u00e5ller hypoglycin, ett protoxin som n\u00e4r det bryts ner kan orsaka blodsockerfall. Detta g\u00e4ller omogna frukter (det \u00e4r samma aminosyra som ex Ackeefrukten har, de \u00e4r medlemmar i samma familj \u2013 Sapindaceae).<\/p>\n","protected":false},"excerpt":{"rendered":"<p>500 gram ekologisk litchi<\/p>\n","protected":false},"featured_media":310798,"comment_status":"open","ping_status":"closed","template":"","meta":{"_et_pb_use_builder":"off","_et_pb_old_content":"<p dir=\"ltr\"><strong>Ekologisk citron fr\u00e5n M\u00e1laga<\/strong><\/p>\r\nL\u00e5dan inneh\u00e5ller 4kg ekologisk citron av absolut h\u00f6gsta kvalit\u00e9.\r\n\r\nJust nu skeppar vi sorten VERNA \u2013 med h\u00e4rligt tjockt skal, perfekt att zesta och gott om svagt syrlig juice!","_et_gb_content_width":""},"product_brand":[],"product_cat":[301],"product_tag":[],"class_list":{"0":"post-310797","1":"product","2":"type-product","3":"status-publish","4":"has-post-thumbnail","6":"product_cat-litchi","8":"first","9":"outofstock","10":"sale","11":"taxable","12":"shipping-taxable","13":"purchasable","14":"product-type-variable","15":"has-default-attributes"},"_links":{"self":[{"href":"https:\/\/fincasolmark.com\/sv\/wp-json\/wp\/v2\/product\/310797","targetHints":{"allow":["GET"]}}],"collection":[{"href":"https:\/\/fincasolmark.com\/sv\/wp-json\/wp\/v2\/product"}],"about":[{"href":"https:\/\/fincasolmark.com\/sv\/wp-json\/wp\/v2\/types\/product"}],"replies":[{"embeddable":true,"href":"https:\/\/fincasolmark.com\/sv\/wp-json\/wp\/v2\/comments?post=310797"}],"wp:featuredmedia":[{"embeddable":true,"href":"https:\/\/fincasolmark.com\/sv\/wp-json\/wp\/v2\/media\/310798"}],"wp:attachment":[{"href":"https:\/\/fincasolmark.com\/sv\/wp-json\/wp\/v2\/media?parent=310797"}],"wp:term":[{"taxonomy":"product_brand","embeddable":true,"href":"https:\/\/fincasolmark.com\/sv\/wp-json\/wp\/v2\/product_brand?post=310797"},{"taxonomy":"product_cat","embeddable":true,"href":"https:\/\/fincasolmark.com\/sv\/wp-json\/wp\/v2\/product_cat?post=310797"},{"taxonomy":"product_tag","embeddable":true,"href":"https:\/\/fincasolmark.com\/sv\/wp-json\/wp\/v2\/product_tag?post=310797"}],"curies":[{"name":"wp","href":"https:\/\/api.w.org\/{rel}","templated":true}]}}