{"id":310142,"date":"2023-07-11T19:00:23","date_gmt":"2023-07-11T17:00:23","guid":{"rendered":"http:\/\/fincasolmark.com\/?post_type=product&#038;p=310142"},"modified":"2025-10-09T21:12:57","modified_gmt":"2025-10-09T19:12:57","slug":"avokado-bacon-eko-forbestallning","status":"publish","type":"product","link":"https:\/\/fincasolmark.com\/sv\/producto\/avokado-bacon-eko-forbestallning\/","title":{"rendered":"Avokado Bacon EKO F\u00d6RBEST\u00c4LLNING 4kg"},"content":{"rendered":"<h3><span style=\"color: #ff0000;\"><b><span lang=\"SV\">F\u00d6RBEST\u00c4LLNING AV AVOKADO KAN INTE G\u00d6RAS P\u00c5 SAMMA BEST\u00c4LLNING SOM N\u00c5GONTING ANNAT UTAN M\u00c5STE L\u00c4GGAS HELT SEPARAT<\/span><\/b><\/span><\/h3>\n<p>Vi f\u00e5r redan m\u00e4ngder av f\u00f6rfr\u00e5gningar kring h\u00f6stens f\u00f6rsta leverans av ekologisk avokado fr\u00e5n Finca Solmark.<\/p>\n<p>Som v\u00e5r \u00e5rscykel ser ut s\u00e5 b\u00f6rjar vi med sorten\u00a0<strong>Bacon<\/strong>\u00a0i slutet av\u00a0<strong>oktober<\/strong>, sedan f\u00f6ljer\u00a0<strong>Fuerte<\/strong>\u00a0fram\u00e5t\u00a0<strong>december<\/strong>,\u00a0<strong>Pinkerton<\/strong>\u00a0i\u00a0<strong>januari<\/strong>,\u00a0<strong>Hass<\/strong>\u00a0i\u00a0<strong>februari<\/strong>\u00a0och fram\u00e5t,\u00a0<strong>Lamb Hass<\/strong>\u00a0fr\u00e5n\u00a0<strong>maj<\/strong>\u00a0till\u00a0<strong>juli<\/strong>\u00a0och s\u00e5\u00a0<strong>Reed<\/strong>\u00a0under en kort tid i\u00a0<strong>juni<\/strong>.<\/p>\n<p>Bacon \u00e4r en avokado med sl\u00e4tt gr\u00f6nt skal som inte \u00e4ndrar f\u00e4rg n\u00e4r den mognar och brukar vara lagom att plocka n\u00e5nstans i mitten eller slutet av oktober.<\/p>\n<p>Smaken \u00e4r intensiv, med en touch av pinjen\u00f6t i smaken, och det kr\u00e4miga fruktk\u00f6ttet \u00e4r \u00e5t det gul-gr\u00f6na h\u00e5llet.<\/p>\n<p>Som vanligt \u00e4r det\u00a0<strong>begr\u00e4nsat med frukt i b\u00f6rjan<\/strong>\u00a0och vi vill d\u00e4rf\u00f6r g\u00e4rna se till att de som bokar l\u00e5ngt i f\u00f6rv\u00e4g f\u00e5r n\u00e5got lite extra.<\/p>\n<p style=\"font-weight: 400;\"><strong>Alla som f\u00f6rbokar 4kg avokado f\u00e5r p\u00e5 k\u00f6pet 1st honung 300gram<\/strong> (beroende p\u00e5 hur sk\u00f6rden av honung ser ut s\u00e5 kan det bli olika honungar som inkluderas \u2013 vi g\u00f6r hela 8 olika sorter och det blir allts\u00e5 en \u00f6verraskning vilken sort som kommer hamna i varje l\u00e5da). Honungen \u00e4r v\u00e4rd 109kr och kan inte bytas mot n\u00e5got annat eller p\u00e5 n\u00e5got annat s\u00e4tt dras av fr\u00e5n priset.<\/p>\n<p><strong>F\u00f6rbokningskampanjen p\u00e5g\u00e5r fr\u00e5n den 14\/8 kl 21.00 till den 2\/10 kl 21.00<\/strong>\u00a0men kan komma att avslutas tidigare om vi ser att frukten inte kommer r\u00e4cka till.<\/p>\n<p style=\"font-weight: 400;\">Det g\u00e5r bra att best\u00e4lla s\u00e5 m\u00e5nga l\u00e5dor som du vill. F\u00f6rst till kvarn g\u00e4ller som sagt.<\/p>\n<p style=\"font-weight: 400;\">Innan vi sedan skickare ut avokadol\u00e5dorna i oktober kommer du f\u00e5 m\u00f6jligheten att\u00a0<strong>l\u00e4gga till<\/strong>\u00a0mer varor\u00a0<strong>p\u00e5 samma best\u00e4llning<\/strong>.<\/p>\n<p style=\"font-weight: 400;\">Vi kommer d\u00e5 att maila dig n\u00e5gra veckor i f\u00f6rv\u00e4g n\u00e4r vi vet vilka andra frukter och torrvaror som finns tillg\u00e4ngliga samtidigt, s\u00e5 att du kan komplettera best\u00e4llningen.<\/p>\n","protected":false},"excerpt":{"rendered":"<p>Avokado Bacon EKO F\u00d6RBEST\u00c4LLNING &#8211; 4KG<\/p>\n","protected":false},"featured_media":336069,"comment_status":"open","ping_status":"closed","template":"","meta":{"_et_pb_use_builder":"off","_et_pb_old_content":"<strong>Ekologisk avokado fr\u00e5n M\u00e1laga<\/strong>\r\n\r\nL\u00e5dan inneh\u00e5ller 8kg ekologisk avokado av absolut h\u00f6gsta kvalit\u00e9.\r\n\r\n<strong><span lang=\"SV\">Just nu skeppar vi sorten Lamb Hass*\u00a0<\/span><\/strong><span lang=\"SV\">\r\n*(Sep\/Okt = Bacon, Nov\/Dec = Fuerte, Dec\/Jan = Pinkerton, Jan-April = Hass, April-Juli = Lamb Hass, Juni-Juli = Reed)<\/span>\r\n\r\n<strong><span lang=\"SV\">Bacon<\/span><\/strong><span lang=\"SV\">\u00a0\u2013 h\u00f6stens f\u00f6rsta sort med l\u00e5g fetthalt och mycket v\u00e4tska \u00e4r bra till guacamole, smoothies mm.\r\n<\/span><strong><span lang=\"SV\">Fuerte<\/span><\/strong><span lang=\"SV\">\u00a0\u2013 den f\u00f6rsta riktigt kr\u00e4miga avokadon p\u00e5 h\u00f6sten kan bli rej\u00e4lt stor, exemplar p\u00e5 \u00f6ver halvkilot \u00e4r inte ovanligt. Liksom Bacon har den sl\u00e4tt och ljusgr\u00f6nt skal som inte \u00e4ndrar f\u00e4rg. Mognar fr\u00e5n slutet av oktober till fram\u00e5t jul.\r\n<\/span><strong><span lang=\"SV\">Pinkerton<\/span><\/strong><span lang=\"SV\">\u00a0\u2013 mer p\u00e4ronformad och med gr\u00f6vre skal (p\u00e5minner lite om Hass) samt med en mycket liten k\u00e4rna. En kr\u00e4mig och fin sort som normalt sett mognar strax innan jul hos oss.\r\n<\/span><strong><span lang=\"SV\">Hass<\/span><\/strong><span lang=\"SV\">\u00a0\u2013 Avokadons Rolls Royce. 85-90% av all v\u00e4rldens avokado \u00e4r Hass. Vi har gott om Hass p\u00e5 g\u00e5rden och de mognar n\u00e5nstans fr\u00e5n mitten av januari till mitten av april hos oss. Pga l\u00e4get h\u00f6gt uppe i Guadalhorce-dalen s\u00e5 mognar mycket frukt lite senare hos oss \u00e4n i andra omr\u00e5den. \u00c4ndrar f\u00e4rg fr\u00e5n ljust gr\u00f6n till m\u00f6rkt gr\u00f6n\/svart\/r\u00f6d.\r\n<\/span><strong><span lang=\"SV\">Lamb Hass<\/span><\/strong><span lang=\"SV\">\u00a0\u2013 en blandning av Hass och Gwen. Sv\u00e5r att se skillnad p\u00e5 men mognar betydligt senare \u00e4n Hass. Mycket kr\u00e4mig och fin ocks\u00e5, och s\u00e5 pass sen att vi i teorin kan plocka dessa fram\u00e5t juli ocks\u00e5, men d\u00e5 \u00e4r det lite f\u00f6r varmt f\u00f6r att plocka frukt (men om du bes\u00f6ker oss under sommaren s\u00e5 kan du k\u00f6pa dem p\u00e5 plats). \u00c4ndrar ocks\u00e5 f\u00e4rg likt Hass.\r\n<b>Reed \u2013\u00a0<\/b>en klotrund och ganska stor avokado som mognar under sommaren. Har en lite n\u00f6tig smak och ett gr\u00f6nt skal som inte \u00e4ndrar f\u00e4rg n\u00e4r den mognar.<\/span>","_et_gb_content_width":""},"product_brand":[],"product_cat":[298],"product_tag":[],"class_list":{"0":"post-310142","1":"product","2":"type-product","3":"status-publish","4":"has-post-thumbnail","6":"product_cat-avokado-forbestallning","8":"first","9":"outofstock","10":"taxable","11":"shipping-taxable","12":"purchasable","13":"product-type-simple"},"_links":{"self":[{"href":"https:\/\/fincasolmark.com\/sv\/wp-json\/wp\/v2\/product\/310142","targetHints":{"allow":["GET"]}}],"collection":[{"href":"https:\/\/fincasolmark.com\/sv\/wp-json\/wp\/v2\/product"}],"about":[{"href":"https:\/\/fincasolmark.com\/sv\/wp-json\/wp\/v2\/types\/product"}],"replies":[{"embeddable":true,"href":"https:\/\/fincasolmark.com\/sv\/wp-json\/wp\/v2\/comments?post=310142"}],"wp:featuredmedia":[{"embeddable":true,"href":"https:\/\/fincasolmark.com\/sv\/wp-json\/wp\/v2\/media\/336069"}],"wp:attachment":[{"href":"https:\/\/fincasolmark.com\/sv\/wp-json\/wp\/v2\/media?parent=310142"}],"wp:term":[{"taxonomy":"product_brand","embeddable":true,"href":"https:\/\/fincasolmark.com\/sv\/wp-json\/wp\/v2\/product_brand?post=310142"},{"taxonomy":"product_cat","embeddable":true,"href":"https:\/\/fincasolmark.com\/sv\/wp-json\/wp\/v2\/product_cat?post=310142"},{"taxonomy":"product_tag","embeddable":true,"href":"https:\/\/fincasolmark.com\/sv\/wp-json\/wp\/v2\/product_tag?post=310142"}],"curies":[{"name":"wp","href":"https:\/\/api.w.org\/{rel}","templated":true}]}}