{"id":307924,"date":"2023-06-04T21:34:42","date_gmt":"2023-06-04T19:34:42","guid":{"rendered":"http:\/\/fincasolmark.com\/?post_type=product&#038;p=307924"},"modified":"2024-11-02T19:30:22","modified_gmt":"2024-11-02T18:30:22","slug":"appelmust-eko","status":"publish","type":"product","link":"https:\/\/fincasolmark.com\/sv\/producto\/appelmust-eko\/","title":{"rendered":"\u00c4ppelmust S\u00f6der\u00f6 G\u00e5rd EKO 3 liter"},"content":{"rendered":"<p><strong>\u00c4ppelmust S\u00f6der\u00f6 G\u00e5rd<\/strong><\/p>\n<p>V\u00e5ra v\u00e4nner p\u00e5 S\u00f6der\u00f6 G\u00e5rd \u00e4r riktigt duktiga p\u00e5 att g\u00f6ra \u00e4ppelmust. G\u00e5rden ligger vackert strax utanf\u00f6r \u00c5tvidaberg och odlar flera olika sorters \u00e4pplen samt sysslar med h\u00e4star och mycket annat p\u00e5 g\u00e5rden.<\/p>\n<p>\u00c4ppelmusten b\u00f6r f\u00f6rvaras kallt och konsumeras inom ett par veckor n\u00e4r den v\u00e4l \u00f6ppnats. Givetvis ekologisk och gjord p\u00e5 svenska (och till med \u00f6stg\u00f6tska!) \u00e4pplen!<\/p>\n","protected":false},"excerpt":{"rendered":"<p>\u00c4ppelmust S\u00f6der\u00f6 G\u00e5rd V\u00e5ra v\u00e4nner p\u00e5 S\u00f6der\u00f6 G\u00e5rd \u00e4r riktigt duktiga p\u00e5 att g\u00f6ra \u00e4ppelmust. G\u00e5rden ligger vackert strax utanf\u00f6r \u00c5tvidaberg och odlar flera olika sorters \u00e4pplen samt sysslar med h\u00e4star och mycket annat p\u00e5 g\u00e5rden. \u00c4ppelmusten b\u00f6r f\u00f6rvaras kallt och konsumeras inom ett par veckor n\u00e4r den v\u00e4l \u00f6ppnats. Givetvis ekologisk och gjord p\u00e5 [&hellip;]<\/p>\n","protected":false},"featured_media":329537,"comment_status":"open","ping_status":"closed","template":"","meta":{"_et_pb_use_builder":"off","_et_pb_old_content":"<strong>Apelsinjuice<\/strong>\r\n\r\nFinca Solmarks F\u00e4rskpressade Ekologiska Apelsinjuice \u00e4r gjord till 100% p\u00e5 de absolut b\u00e4sta ekologiska apelsinerna av sorten salustianas.\r\n\r\nFrukten har pressats till juice av v\u00e5ra v\u00e4nner p\u00e5 V\u00e4rmd\u00f6 Musteri och \u00e4r l\u00e4tt past\u00f6riserad, vilket inneb\u00e4r att den har v\u00e4rmts upp en kort stund och inte s\u00e4rskilt varmt, f\u00f6r att inte tappa en massa nyttigheter, men nog f\u00f6r att juicen ska klara av att f\u00f6rvaras i sex m\u00e5nader i o\u00f6ppnad f\u00f6rpackning.\r\n\r\nJuicen finns i 3-liters bag-in-box, som sedan g\u00e5r att \u00e5tervinna (plasten f\u00f6r sig och kartongen f\u00f6r sig).\r\n<h6>Ingredienser: Apelsinjuice. Utan fruktk\u00f6tt. Ej fr\u00e5n koncentrat. Omskakas.\r\nN\u00e4ringsv\u00e4rde per 100ml:\r\nEnergi 130 kJ\/31 kcal\r\nFett\u00a0 \u00a0 \u00a0 \u00a0 \u00a0 \u00a0 \u00a0 \u00a0 \u00a0 \u00a0 \u00a0 \u00a0 \u00a0 \u00a0 0 g\r\nvarav m\u00e4ttat fett\u00a0 \u00a0 \u00a00 g\r\nKolhydrater\u00a0 \u00a0 \u00a0 \u00a0 \u00a0 \u00a0 \u00a0 \u00a07,1 g\r\nvarav sockerarter\u00a0 \u00a07 g\r\nProtein\u00a0 \u00a0 \u00a0 \u00a0 \u00a0 \u00a0 \u00a0 \u00a0 \u00a0 \u00a0 \u00a0 0,6 g\r\nSalt\u00a0 \u00a0 \u00a0 \u00a0 \u00a0 \u00a0 \u00a0 \u00a0 \u00a0 \u00a0 \u00a0 \u00a0 \u00a0 \u00a00 g\r\nF\u00f6rvaring: Rumstemperatur. \u00d6ppen f\u00f6rpackning f\u00f6rvaras i kylsk\u00e5p och b\u00f6r konsumeras inom tre veckor.\r\nL\u00e4tt past\u00f6riserad juice uteslutande fr\u00e5n Finca Solmarks ekologiska apelsiner. Inneh\u00e5ller 3 liter apelsinjuice.\r\nYtterf\u00f6rpackning sorteras som papper. Innerf\u00f6rpackning sorteras som plast.<\/h6>\r\n<blockquote>Hela familjen eniga: Den absolut godaste apelsinjuicen vi n\u00e5gonsin smakat!\r\n\r\n<strong class=\"woocommerce-review__author\">Katarina<\/strong><\/blockquote>","_et_gb_content_width":""},"product_brand":[],"product_cat":[170],"product_tag":[],"class_list":{"0":"post-307924","1":"product","2":"type-product","3":"status-publish","4":"has-post-thumbnail","6":"product_cat-juice","8":"first","9":"outofstock","10":"taxable","11":"shipping-taxable","12":"purchasable","13":"product-type-simple"},"_links":{"self":[{"href":"https:\/\/fincasolmark.com\/sv\/wp-json\/wp\/v2\/product\/307924","targetHints":{"allow":["GET"]}}],"collection":[{"href":"https:\/\/fincasolmark.com\/sv\/wp-json\/wp\/v2\/product"}],"about":[{"href":"https:\/\/fincasolmark.com\/sv\/wp-json\/wp\/v2\/types\/product"}],"replies":[{"embeddable":true,"href":"https:\/\/fincasolmark.com\/sv\/wp-json\/wp\/v2\/comments?post=307924"}],"wp:featuredmedia":[{"embeddable":true,"href":"https:\/\/fincasolmark.com\/sv\/wp-json\/wp\/v2\/media\/329537"}],"wp:attachment":[{"href":"https:\/\/fincasolmark.com\/sv\/wp-json\/wp\/v2\/media?parent=307924"}],"wp:term":[{"taxonomy":"product_brand","embeddable":true,"href":"https:\/\/fincasolmark.com\/sv\/wp-json\/wp\/v2\/product_brand?post=307924"},{"taxonomy":"product_cat","embeddable":true,"href":"https:\/\/fincasolmark.com\/sv\/wp-json\/wp\/v2\/product_cat?post=307924"},{"taxonomy":"product_tag","embeddable":true,"href":"https:\/\/fincasolmark.com\/sv\/wp-json\/wp\/v2\/product_tag?post=307924"}],"curies":[{"name":"wp","href":"https:\/\/api.w.org\/{rel}","templated":true}]}}