{"id":302612,"date":"2023-03-22T16:42:36","date_gmt":"2023-03-22T15:42:36","guid":{"rendered":"http:\/\/fincasolmark.com\/?post_type=product&#038;p=302612"},"modified":"2026-04-11T18:13:12","modified_gmt":"2026-04-11T16:13:12","slug":"sparris-eko-knippe-250gram","status":"publish","type":"product","link":"https:\/\/fincasolmark.com\/sv\/producto\/sparris-eko-knippe-250gram\/","title":{"rendered":"Sparris Gr\u00f6n EKO Knippe 250gram"},"content":{"rendered":"<p>Spanien kallas ibland f\u00f6r \u201cEuropas gr\u00f6nsaksland\u201d och det \u00e4r det land i Europa som odlar mest ekologisk frukt och gr\u00f6nt.<\/p>\n<p>Blomk\u00e5l, Broccoli, F\u00e4nk\u00e5l, Stj\u00e4lkselleri, Purjol\u00f6k, Paprika, Tomater mm \u00e4r n\u00e5gra av de saker som odlas i stora delar av landet och fr\u00e4mst h\u00e4r i Andalusien d\u00e4r jag h\u00e5ller till.<\/p>\n<p>Jag har valt att ta med lite mindre m\u00e4ngder gr\u00f6nsaker hem nu under v\u00e5ren d\u00e5 m\u00e5nga d\u00e4rhemma fr\u00e5gar om det.<\/p>\n","protected":false},"excerpt":{"rendered":"<p>Sparris EKO Knippe 250gram<\/p>\n","protected":false},"featured_media":302613,"comment_status":"open","ping_status":"closed","template":"","meta":{"_et_pb_use_builder":"","_et_pb_old_content":"","_et_gb_content_width":""},"product_brand":[],"product_cat":[264,381,283],"product_tag":[],"class_list":{"0":"post-302612","1":"product","2":"type-product","3":"status-publish","4":"has-post-thumbnail","6":"product_cat-gronsaker","7":"product_cat-nyhet","8":"product_cat-sparris","10":"first","11":"instock","12":"taxable","13":"shipping-taxable","14":"purchasable","15":"product-type-simple"},"_links":{"self":[{"href":"https:\/\/fincasolmark.com\/sv\/wp-json\/wp\/v2\/product\/302612","targetHints":{"allow":["GET"]}}],"collection":[{"href":"https:\/\/fincasolmark.com\/sv\/wp-json\/wp\/v2\/product"}],"about":[{"href":"https:\/\/fincasolmark.com\/sv\/wp-json\/wp\/v2\/types\/product"}],"replies":[{"embeddable":true,"href":"https:\/\/fincasolmark.com\/sv\/wp-json\/wp\/v2\/comments?post=302612"}],"wp:featuredmedia":[{"embeddable":true,"href":"https:\/\/fincasolmark.com\/sv\/wp-json\/wp\/v2\/media\/302613"}],"wp:attachment":[{"href":"https:\/\/fincasolmark.com\/sv\/wp-json\/wp\/v2\/media?parent=302612"}],"wp:term":[{"taxonomy":"product_brand","embeddable":true,"href":"https:\/\/fincasolmark.com\/sv\/wp-json\/wp\/v2\/product_brand?post=302612"},{"taxonomy":"product_cat","embeddable":true,"href":"https:\/\/fincasolmark.com\/sv\/wp-json\/wp\/v2\/product_cat?post=302612"},{"taxonomy":"product_tag","embeddable":true,"href":"https:\/\/fincasolmark.com\/sv\/wp-json\/wp\/v2\/product_tag?post=302612"}],"curies":[{"name":"wp","href":"https:\/\/api.w.org\/{rel}","templated":true}]}}