{"id":297968,"date":"2023-01-27T20:33:07","date_gmt":"2023-01-27T19:33:07","guid":{"rendered":"http:\/\/fincasolmark.com\/?post_type=product&#038;p=297968"},"modified":"2026-04-11T21:47:06","modified_gmt":"2026-04-11T19:47:06","slug":"paprika-palermo-rod","status":"publish","type":"product","link":"https:\/\/fincasolmark.com\/sv\/producto\/paprika-palermo-rod\/","title":{"rendered":"Paprika Palermo R\u00f6d EKO 1kg"},"content":{"rendered":"<p style=\"font-weight: 400;\">Spanien kallas ibland f\u00f6r \u201cEuropas gr\u00f6nsaksland\u201d och det \u00e4r det land i Europa som odlar mest ekologisk frukt och gr\u00f6nt.<\/p>\n<p style=\"font-weight: 400;\">Blomk\u00e5l, Broccoli, F\u00e4nk\u00e5l, Stj\u00e4lkselleri, Purjol\u00f6k, Paprika, Tomater mm \u00e4r n\u00e5gra av de saker som odlas i stora delar av landet och fr\u00e4mst h\u00e4r i Andalusien d\u00e4r jag h\u00e5ller till.<\/p>\n","protected":false},"excerpt":{"rendered":"<p>Spanien kallas ibland f\u00f6r \u201cEuropas gr\u00f6nsaksland\u201d och det \u00e4r det land i Europa som odlar mest ekologisk frukt och gr\u00f6nt. Blomk\u00e5l, Broccoli, F\u00e4nk\u00e5l, Stj\u00e4lkselleri, Purjol\u00f6k, Paprika, Tomater mm \u00e4r n\u00e5gra av de saker som odlas i stora delar av landet och fr\u00e4mst h\u00e4r i Andalusien d\u00e4r jag h\u00e5ller till.<\/p>\n","protected":false},"featured_media":298094,"comment_status":"open","ping_status":"closed","template":"","meta":{"_et_pb_use_builder":"","_et_pb_old_content":"","_et_gb_content_width":""},"product_brand":[],"product_cat":[264,381,261],"product_tag":[],"class_list":{"0":"post-297968","1":"product","2":"type-product","3":"status-publish","4":"has-post-thumbnail","6":"product_cat-gronsaker","7":"product_cat-nyhet","8":"product_cat-paprika","10":"first","11":"instock","12":"taxable","13":"shipping-taxable","14":"purchasable","15":"product-type-simple"},"_links":{"self":[{"href":"https:\/\/fincasolmark.com\/sv\/wp-json\/wp\/v2\/product\/297968","targetHints":{"allow":["GET"]}}],"collection":[{"href":"https:\/\/fincasolmark.com\/sv\/wp-json\/wp\/v2\/product"}],"about":[{"href":"https:\/\/fincasolmark.com\/sv\/wp-json\/wp\/v2\/types\/product"}],"replies":[{"embeddable":true,"href":"https:\/\/fincasolmark.com\/sv\/wp-json\/wp\/v2\/comments?post=297968"}],"wp:featuredmedia":[{"embeddable":true,"href":"https:\/\/fincasolmark.com\/sv\/wp-json\/wp\/v2\/media\/298094"}],"wp:attachment":[{"href":"https:\/\/fincasolmark.com\/sv\/wp-json\/wp\/v2\/media?parent=297968"}],"wp:term":[{"taxonomy":"product_brand","embeddable":true,"href":"https:\/\/fincasolmark.com\/sv\/wp-json\/wp\/v2\/product_brand?post=297968"},{"taxonomy":"product_cat","embeddable":true,"href":"https:\/\/fincasolmark.com\/sv\/wp-json\/wp\/v2\/product_cat?post=297968"},{"taxonomy":"product_tag","embeddable":true,"href":"https:\/\/fincasolmark.com\/sv\/wp-json\/wp\/v2\/product_tag?post=297968"}],"curies":[{"name":"wp","href":"https:\/\/api.w.org\/{rel}","templated":true}]}}