{"id":297851,"date":"2023-01-26T21:46:59","date_gmt":"2023-01-26T20:46:59","guid":{"rendered":"http:\/\/fincasolmark.com\/?post_type=product&#038;p=297851"},"modified":"2026-04-09T22:09:31","modified_gmt":"2026-04-09T20:09:31","slug":"blodapelsin-eko","status":"publish","type":"product","link":"https:\/\/fincasolmark.com\/sv\/producto\/blodapelsin-eko\/","title":{"rendered":"Blodapelsin EKO &#8211; 4KG"},"content":{"rendered":"<p>Blodapelsin (Sanguinello) odlas faktiskt \u00e4ven i Spanien, \u00e4ven om de mest k\u00e4nda kommer fr\u00e5n Sicilien. Sj\u00e4lva f\u00e4rgen \u00e4r effekten av en mutation som uppst\u00e5tt i en vanlig apelsin, men d\u00e4r bryska skillnader i temperatur natt\/dag skapat denna mutation.<\/p>\n<p>Dagens citrus \u00e4r generellt mindre r\u00f6da\/m\u00f6rka, j\u00e4mf\u00f6rt med hur det s\u00e5g ut f\u00f6r m\u00e5nga tusen \u00e5r sen. Den r\u00f6da f\u00e4rgen beror p\u00e5 f\u00f6rekomsten av antocyaniner (en typ av flavonoider), ett pigment som har antioxidativa egenskaper och skyddar mot UV-ljus.<\/p>\n<p>I Europa odlas fr\u00e4mst Arancia Rossa di Sicilia (som har ett skyddat geografiskt namn (DOP)) och Tarocco. I Spanien \u00e4r det fr\u00e4mst Sanguinello och Moro som odlas, men i blygsamma m\u00e4ngder numera. Det finns ett 10-tal andra sorter ocks\u00e5, samt tv\u00e5 sorter som faktiskt f\u00e5r sin r\u00f6da f\u00e4rg fr\u00e5n lykopen och inte fr\u00e5n antocyanier (Cara Cara och Vainiglia Sanguignos).<\/p>\n<p>Sanguinello b\u00f6rjade odlas i Spanien 1929 och har f\u00e5 k\u00e4rnor, s\u00f6tt och fint fruktk\u00f6tt (\u00e4ven om det nog \u00e4r lite mer syrligt \u00e4n andra sorter), och med ett gulaktigt skal som g\u00e5r mot r\u00f6tt.<\/p>\n<p>Perfekt att anv\u00e4nda f\u00f6r tillverkning av s\u00f6tsaker s\u00e5som sockerkakor, glass, marmelad, sorbet mm.<\/p>\n","protected":false},"excerpt":{"rendered":"<p>L\u00e5da med 4kg blodapelsiner<\/p>\n","protected":false},"featured_media":321562,"comment_status":"open","ping_status":"closed","template":"","meta":{"_et_pb_use_builder":"off","_et_pb_old_content":"<p dir=\"ltr\"><strong>Ekologisk apelsin fr\u00e5n M\u00e1laga<\/strong><\/p>\r\nL\u00e5dan inneh\u00e5ller 4kg ekologisk apelsin av absolut h\u00f6gsta kvalit\u00e9. Mellan november och januari \u00e4r det Navelina, en apelsin som \u00e4r kraftig och s\u00f6t i smaken och v\u00e4ldigt god tycker vi.\r\n\r\nNu har den s\u00e5 pass mycket juice och s\u00f6tma att den \u00e4r perfekt att g\u00f6ra juice p\u00e5, liksom de senare Lane late och Salustianas m fl.","_et_gb_content_width":""},"product_brand":[],"product_cat":[129],"product_tag":[],"class_list":{"0":"post-297851","1":"product","2":"type-product","3":"status-publish","4":"has-post-thumbnail","6":"product_cat-citrusfrukt","8":"first","9":"outofstock","10":"taxable","11":"shipping-taxable","12":"purchasable","13":"product-type-simple"},"_links":{"self":[{"href":"https:\/\/fincasolmark.com\/sv\/wp-json\/wp\/v2\/product\/297851","targetHints":{"allow":["GET"]}}],"collection":[{"href":"https:\/\/fincasolmark.com\/sv\/wp-json\/wp\/v2\/product"}],"about":[{"href":"https:\/\/fincasolmark.com\/sv\/wp-json\/wp\/v2\/types\/product"}],"replies":[{"embeddable":true,"href":"https:\/\/fincasolmark.com\/sv\/wp-json\/wp\/v2\/comments?post=297851"}],"wp:featuredmedia":[{"embeddable":true,"href":"https:\/\/fincasolmark.com\/sv\/wp-json\/wp\/v2\/media\/321562"}],"wp:attachment":[{"href":"https:\/\/fincasolmark.com\/sv\/wp-json\/wp\/v2\/media?parent=297851"}],"wp:term":[{"taxonomy":"product_brand","embeddable":true,"href":"https:\/\/fincasolmark.com\/sv\/wp-json\/wp\/v2\/product_brand?post=297851"},{"taxonomy":"product_cat","embeddable":true,"href":"https:\/\/fincasolmark.com\/sv\/wp-json\/wp\/v2\/product_cat?post=297851"},{"taxonomy":"product_tag","embeddable":true,"href":"https:\/\/fincasolmark.com\/sv\/wp-json\/wp\/v2\/product_tag?post=297851"}],"curies":[{"name":"wp","href":"https:\/\/api.w.org\/{rel}","templated":true}]}}