{"id":297809,"date":"2023-01-26T18:27:40","date_gmt":"2023-01-26T17:27:40","guid":{"rendered":"http:\/\/fincasolmark.com\/?post_type=product&#038;p=297809"},"modified":"2026-03-31T23:36:52","modified_gmt":"2026-03-31T21:36:52","slug":"spansk-rodlok-eko","status":"publish","type":"product","link":"https:\/\/fincasolmark.com\/sv\/producto\/spansk-rodlok-eko\/","title":{"rendered":"Spansk R\u00f6dl\u00f6k EKO &#8211; 4KG"},"content":{"rendered":"<p dir=\"ltr\"><strong>Spansk R\u00f6dl\u00f6k EKO<\/strong><\/p>\n<p style=\"font-weight: 400\">Krispig och fin ekologisk r\u00f6dl\u00f6k ifr\u00e5n Spanien. Perfekt till allt gott i matlagningen \u2013 fr\u00e5n sallader till pizzor eller att sylta, karamellisera osv med.<\/p>\n<p style=\"font-weight: 400\">\n<p style=\"font-weight: 400\">Tycker du det \u00e4r lite mycket r\u00f6dl\u00f6k i en l\u00e5da s\u00e5 finns det \u00e4ven en blandad l\u00f6kl\u00e5da att k\u00f6pa d\u00e4r du f\u00e5r lite blandat av gul l\u00f6k, vitl\u00f6k och r\u00f6dl\u00f6k.<\/p>\n","protected":false},"excerpt":{"rendered":"<p>1kg\/2kg\/4kg spansk r\u00f6dl\u00f6k ekologisk<\/p>\n","protected":false},"featured_media":297816,"comment_status":"open","ping_status":"closed","template":"","meta":{"_et_pb_use_builder":"off","_et_pb_old_content":"<p dir=\"ltr\"><strong>Ekologisk Vitl\u00f6k<\/strong><\/p>\r\nVad b\u00e4ttre \u00e4n lite spansk aioli till maten?! D\u00e5 beh\u00f6vs tre av v\u00e5ra favoritingredienser \u2013 olivolja, citron och vitl\u00f6k. D\u00e4rf\u00f6r \u00e4r jag v\u00e4ldans glad att kunna erbjuda er d\u00e4rhemma lite ekologisk vitl\u00f6k.\r\n\r\nS\u00e5h\u00e4r enkelt g\u00f6r du en riktigt god aioli:\r\n\r\n<strong>Ingredienser:<\/strong>\r\n200ml ekologisk extra virgen olivolja (man f\u00e5r ha i lite mer om man m\u00e4rker att det beh\u00f6vs)\r\n1 ekologisk citron (du beh\u00f6ver pressa ur minst en matsked)\r\n1 tesked Dijon-senap\r\n4-5 ekologiska vitl\u00f6ksklyftor (ca 30gram)\r\nLite salt\r\n\r\nG\u00f6r s\u00e5h\u00e4r:\r\nPressa vitl\u00f6ksklyftorna och blanda i lite salt (ta hellre i underkant och tills\u00e4tt mer senare, s\u00e5 b\u00f6rja med ett kryddm\u00e5tt ungef\u00e4r). Blanda ut det till en tjock massa.\r\n\r\nTills\u00e4tt citronjuice och senapen. Tills\u00e4tt sist olivoljan. Mixa med mixerstav, nerifr\u00e5n och upp\u00e5t (runt 10 sekunder). Klart att servera!\r\n\r\nNu finns det hundra varianter av detta. M\u00e5nga g\u00f6r det med \u00e4gg, en del g\u00f6r det med vitpeppar, majon\u00e4s osv. Fransm\u00e4nnen g\u00f6r det med vitvinsvin\u00e4ger.\r\nKanske \u00e4r det mycket med 4-5 klyftor vitl\u00f6k, men d\u00e5 provar man sig fram helt enkelt.\r\n\r\nAlioli passar utm\u00e4rkt till fisk, k\u00f6tt och mycket annat.\r\n\r\nGivetvis kan du \u00e4ven anv\u00e4nda v\u00e5r ekologisk vitl\u00f6k till att f\u00f6rdriva vampyrer eller som ingrediens i andra matr\u00e4tter.","_et_gb_content_width":""},"product_brand":[],"product_cat":[178],"product_tag":[],"class_list":{"0":"post-297809","1":"product","2":"type-product","3":"status-publish","4":"has-post-thumbnail","6":"product_cat-gul-lok","8":"first","9":"instock","10":"taxable","11":"shipping-taxable","12":"purchasable","13":"product-type-simple"},"_links":{"self":[{"href":"https:\/\/fincasolmark.com\/sv\/wp-json\/wp\/v2\/product\/297809","targetHints":{"allow":["GET"]}}],"collection":[{"href":"https:\/\/fincasolmark.com\/sv\/wp-json\/wp\/v2\/product"}],"about":[{"href":"https:\/\/fincasolmark.com\/sv\/wp-json\/wp\/v2\/types\/product"}],"replies":[{"embeddable":true,"href":"https:\/\/fincasolmark.com\/sv\/wp-json\/wp\/v2\/comments?post=297809"}],"wp:featuredmedia":[{"embeddable":true,"href":"https:\/\/fincasolmark.com\/sv\/wp-json\/wp\/v2\/media\/297816"}],"wp:attachment":[{"href":"https:\/\/fincasolmark.com\/sv\/wp-json\/wp\/v2\/media?parent=297809"}],"wp:term":[{"taxonomy":"product_brand","embeddable":true,"href":"https:\/\/fincasolmark.com\/sv\/wp-json\/wp\/v2\/product_brand?post=297809"},{"taxonomy":"product_cat","embeddable":true,"href":"https:\/\/fincasolmark.com\/sv\/wp-json\/wp\/v2\/product_cat?post=297809"},{"taxonomy":"product_tag","embeddable":true,"href":"https:\/\/fincasolmark.com\/sv\/wp-json\/wp\/v2\/product_tag?post=297809"}],"curies":[{"name":"wp","href":"https:\/\/api.w.org\/{rel}","templated":true}]}}