{"id":295734,"date":"2022-12-30T14:34:15","date_gmt":"2022-12-30T13:34:15","guid":{"rendered":"http:\/\/fincasolmark.com\/?post_type=product&#038;p=295734"},"modified":"2026-04-05T11:45:32","modified_gmt":"2026-04-05T09:45:32","slug":"gurkmeja-eko-500gram","status":"publish","type":"product","link":"https:\/\/fincasolmark.com\/sv\/producto\/gurkmeja-eko-500gram\/","title":{"rendered":"Gurkmeja F\u00e4rsk 500gram EKO"},"content":{"rendered":"<p dir=\"ltr\"><strong>Ekologisk gurkmeja fr\u00e5n M\u00e1laga <b><span lang=\"SV\">500gram<\/span><\/b><\/strong><\/p>\n<p style=\"font-weight: 400;\">Jag \u00e4r glad att kunna erbjuda kunder hemma i Sverige ekologisk GURKMEJA fr\u00e5n en mycket begr\u00e4nsad odling av absolut h\u00f6gsta kvalit\u00e9. Det finns inga st\u00f6rre m\u00e4ngder och vi erbjuder den d\u00e4rf\u00f6r i en r\u00e4tt stor f\u00f6rpackning, f\u00f6r dig som verkligen gillar gurkmeja och uppskattar den i matlagningen.<\/p>\n<p style=\"font-weight: 400;\">Det g\u00e5r dessutom utm\u00e4rkt att frysa in r\u00f6tterna och sedan plocka fram efter behov. Annars f\u00f6rvaras den b\u00e4st i rumstemperatur och v\u00e4l ventilerad (undvik fukt).<\/p>\n<p style=\"font-weight: 400;\">Gurkmejan kom med Marco Polo till Europa redan i slutet av 1200-talet och omtalas i hans bok \u201dEn beskrivelse av v\u00e4rlden\u201d. Som du s\u00e4kert vet s\u00e5 \u00e4r den flitigt anv\u00e4nd i dels det indiska k\u00f6ket d\u00e4r curry oftast f\u00e5r sin v\u00e4ldigt speciella gula f\u00e4rg fr\u00e5n gurkmeja och som f\u00e4rsk anv\u00e4nds den framf\u00f6rallt i det thail\u00e4ndska k\u00f6ket i olika soppor mm.<\/p>\n","protected":false},"excerpt":{"rendered":"<p>Gurkmeja F\u00e4rsk EKO 200g\/500g\/1kg<\/p>\n","protected":false},"featured_media":295735,"comment_status":"open","ping_status":"closed","template":"","meta":{"_et_pb_use_builder":"off","_et_pb_old_content":"<p dir=\"ltr\"><strong>Ekologisk Vitl\u00f6k<\/strong><\/p>\r\nVad b\u00e4ttre \u00e4n lite spansk aioli till maten?! D\u00e5 beh\u00f6vs tre av v\u00e5ra favoritingredienser \u2013 olivolja, citron och vitl\u00f6k. D\u00e4rf\u00f6r \u00e4r jag v\u00e4ldans glad att kunna erbjuda er d\u00e4rhemma lite ekologisk vitl\u00f6k.\r\n\r\nS\u00e5h\u00e4r enkelt g\u00f6r du en riktigt god aioli:\r\n\r\n<strong>Ingredienser:<\/strong>\r\n200ml ekologisk extra virgen olivolja (man f\u00e5r ha i lite mer om man m\u00e4rker att det beh\u00f6vs)\r\n1 ekologisk citron (du beh\u00f6ver pressa ur minst en matsked)\r\n1 tesked Dijon-senap\r\n4-5 ekologiska vitl\u00f6ksklyftor (ca 30gram)\r\nLite salt\r\n\r\nG\u00f6r s\u00e5h\u00e4r:\r\nPressa vitl\u00f6ksklyftorna och blanda i lite salt (ta hellre i underkant och tills\u00e4tt mer senare, s\u00e5 b\u00f6rja med ett kryddm\u00e5tt ungef\u00e4r). Blanda ut det till en tjock massa.\r\n\r\nTills\u00e4tt citronjuice och senapen. Tills\u00e4tt sist olivoljan. Mixa med mixerstav, nerifr\u00e5n och upp\u00e5t (runt 10 sekunder). Klart att servera!\r\n\r\nNu finns det hundra varianter av detta. M\u00e5nga g\u00f6r det med \u00e4gg, en del g\u00f6r det med vitpeppar, majon\u00e4s osv. Fransm\u00e4nnen g\u00f6r det med vitvinsvin\u00e4ger.\r\nKanske \u00e4r det mycket med 4-5 klyftor vitl\u00f6k, men d\u00e5 provar man sig fram helt enkelt.\r\n\r\nAlioli passar utm\u00e4rkt till fisk, k\u00f6tt och mycket annat.\r\n\r\nGivetvis kan du \u00e4ven anv\u00e4nda v\u00e5r ekologisk vitl\u00f6k till att f\u00f6rdriva vampyrer eller som ingrediens i andra matr\u00e4tter.","_et_gb_content_width":""},"product_brand":[],"product_cat":[245],"product_tag":[],"class_list":{"0":"post-295734","1":"product","2":"type-product","3":"status-publish","4":"has-post-thumbnail","6":"product_cat-gurkmeja","8":"first","9":"instock","10":"taxable","11":"shipping-taxable","12":"purchasable","13":"product-type-simple"},"_links":{"self":[{"href":"https:\/\/fincasolmark.com\/sv\/wp-json\/wp\/v2\/product\/295734","targetHints":{"allow":["GET"]}}],"collection":[{"href":"https:\/\/fincasolmark.com\/sv\/wp-json\/wp\/v2\/product"}],"about":[{"href":"https:\/\/fincasolmark.com\/sv\/wp-json\/wp\/v2\/types\/product"}],"replies":[{"embeddable":true,"href":"https:\/\/fincasolmark.com\/sv\/wp-json\/wp\/v2\/comments?post=295734"}],"wp:featuredmedia":[{"embeddable":true,"href":"https:\/\/fincasolmark.com\/sv\/wp-json\/wp\/v2\/media\/295735"}],"wp:attachment":[{"href":"https:\/\/fincasolmark.com\/sv\/wp-json\/wp\/v2\/media?parent=295734"}],"wp:term":[{"taxonomy":"product_brand","embeddable":true,"href":"https:\/\/fincasolmark.com\/sv\/wp-json\/wp\/v2\/product_brand?post=295734"},{"taxonomy":"product_cat","embeddable":true,"href":"https:\/\/fincasolmark.com\/sv\/wp-json\/wp\/v2\/product_cat?post=295734"},{"taxonomy":"product_tag","embeddable":true,"href":"https:\/\/fincasolmark.com\/sv\/wp-json\/wp\/v2\/product_tag?post=295734"}],"curies":[{"name":"wp","href":"https:\/\/api.w.org\/{rel}","templated":true}]}}