{"id":281023,"date":"2022-06-15T19:49:43","date_gmt":"2022-06-15T17:49:43","guid":{"rendered":"http:\/\/fincasolmark.com\/?post_type=product&#038;p=281023"},"modified":"2025-04-23T22:19:07","modified_gmt":"2025-04-23T20:19:07","slug":"avokado-4kg-eko-reed","status":"publish","type":"product","link":"https:\/\/fincasolmark.com\/sv\/producto\/avokado-4kg-eko-reed\/","title":{"rendered":"Avokado 4kg EKO REED"},"content":{"rendered":"<p><strong>Ekologisk avokado fr\u00e5n M\u00e1laga<\/strong><\/p>\n<p>L\u00e5dan inneh\u00e5ller 4kg ekologisk avokado av absolut h\u00f6gsta kvalit\u00e9.<\/p>\n<p>Reed \u00e4r den enda sorten som mognar s\u00e5 pass sent p\u00e5 sommaren att den kan skickas hem sent i juni. Vi har dem normalt sett endast f\u00f6r sommarbes\u00f6kare p\u00e5 g\u00e5rden, men har nu skickat hem ett begr\u00e4nsat parti.<\/p>\n<p>Den \u00e4r h\u00e4rligt klotrund och r\u00e4tt s\u00e5 stor (ca 250-300gram\/styck) och g\u00f6r sig utm\u00e4rkt f\u00f6r sallader, guacamole osv. Frukten har en medelstor k\u00e4rna som man ibland kan h\u00f6ra om man skakar lite l\u00e4tt p\u00e5 den (det \u00e4r inget fel p\u00e5 den, det bara \u00e4r s\u00e5) och frukten h\u00e5ller sig gr\u00f6n \u00e4ven n\u00e4r den \u00e4r mogen (den kan \u00e4ndra ton lite lite grann \u00e5t det m\u00f6rkare h\u00e5llet, men det \u00e4r knappt m\u00e4rkbart), s\u00e5 du f\u00e5r h\u00e5lla den i handflatan och kl\u00e4mma f\u00f6rsiktigt runt om f\u00f6r att k\u00e4nna efter n\u00e4r den \u00e4r rej\u00e4lt mjuk och redo att \u00e4ta.<\/p>\n","protected":false},"excerpt":{"rendered":"<p>L\u00e5da med 4 kilo avokado<\/p>\n","protected":false},"featured_media":281024,"comment_status":"open","ping_status":"closed","template":"","meta":{"_et_pb_use_builder":"off","_et_pb_old_content":"<strong>Ekologisk avokado fr\u00e5n M\u00e1laga<\/strong>\r\n\r\nL\u00e5dan inneh\u00e5ller 4kg ekologisk avokado av absolut h\u00f6gsta kvalit\u00e9.\r\n\r\nReed \u00e4r den enda sorten som mognar s\u00e5 pass sent p\u00e5 sommaren att den kan skickas hem sent i juni. Vi har dem normalt sett endast f\u00f6r sommarbes\u00f6kare p\u00e5 g\u00e5rden, men har nu skickat hem ett begr\u00e4nsat parti.\r\n\r\nDen \u00e4r h\u00e4rligt klotrund och r\u00e4tt s\u00e5 stor (ca 250-300gram\/styck) och g\u00f6r sig utm\u00e4rkt f\u00f6r sallader, guacamole osv. Frukten har en medelstor k\u00e4rna som man ibland kan h\u00f6ra om man skakar lite l\u00e4tt p\u00e5 den (det \u00e4r inget fel p\u00e5 den, det bara \u00e4r s\u00e5) och frukten h\u00e5ller sig gr\u00f6n \u00e4ven n\u00e4r den \u00e4r mogen (den kan \u00e4ndra ton lite lite grann \u00e5t det m\u00f6rkare h\u00e5llet, men det \u00e4r knappt m\u00e4rkbart), s\u00e5 du f\u00e5r h\u00e5lla den i handflatan och kl\u00e4mma f\u00f6rsiktigt runt om f\u00f6r att k\u00e4nna efter n\u00e4r den \u00e4r rej\u00e4lt mjuk och redo att \u00e4ta.","_et_gb_content_width":""},"product_brand":[],"product_cat":[82],"product_tag":[],"class_list":{"0":"post-281023","1":"product","2":"type-product","3":"status-publish","4":"has-post-thumbnail","6":"product_cat-avokado","8":"first","9":"outofstock","10":"taxable","11":"shipping-taxable","12":"purchasable","13":"product-type-simple"},"_links":{"self":[{"href":"https:\/\/fincasolmark.com\/sv\/wp-json\/wp\/v2\/product\/281023","targetHints":{"allow":["GET"]}}],"collection":[{"href":"https:\/\/fincasolmark.com\/sv\/wp-json\/wp\/v2\/product"}],"about":[{"href":"https:\/\/fincasolmark.com\/sv\/wp-json\/wp\/v2\/types\/product"}],"replies":[{"embeddable":true,"href":"https:\/\/fincasolmark.com\/sv\/wp-json\/wp\/v2\/comments?post=281023"}],"wp:featuredmedia":[{"embeddable":true,"href":"https:\/\/fincasolmark.com\/sv\/wp-json\/wp\/v2\/media\/281024"}],"wp:attachment":[{"href":"https:\/\/fincasolmark.com\/sv\/wp-json\/wp\/v2\/media?parent=281023"}],"wp:term":[{"taxonomy":"product_brand","embeddable":true,"href":"https:\/\/fincasolmark.com\/sv\/wp-json\/wp\/v2\/product_brand?post=281023"},{"taxonomy":"product_cat","embeddable":true,"href":"https:\/\/fincasolmark.com\/sv\/wp-json\/wp\/v2\/product_cat?post=281023"},{"taxonomy":"product_tag","embeddable":true,"href":"https:\/\/fincasolmark.com\/sv\/wp-json\/wp\/v2\/product_tag?post=281023"}],"curies":[{"name":"wp","href":"https:\/\/api.w.org\/{rel}","templated":true}]}}