{"id":279066,"date":"2022-05-18T20:03:17","date_gmt":"2022-05-18T18:03:17","guid":{"rendered":"http:\/\/fincasolmark.com\/?post_type=product&#038;p=279066"},"modified":"2025-03-13T21:24:54","modified_gmt":"2025-03-13T20:24:54","slug":"ortanique-eko","status":"publish","type":"product","link":"https:\/\/fincasolmark.com\/sv\/producto\/ortanique-eko\/","title":{"rendered":"Clementin Ortanique EKO 3kg"},"content":{"rendered":"<p dir=\"ltr\"><strong>Ekologisk Ortanique<\/strong><\/p>\n<p>Denna aromatiska och saftiga lilla citrusfrukt har f\u00e5tt sitt namn genom den korsning som den uppst\u00e5tt ur. ORange TANgerine unIQUE. Det \u00e4r allts\u00e5 en korsning av en s\u00f6t apelsin och en mandarin. Frukten \u00e4r saftig och fin men kan dock vara lite sv\u00e5rskalad. Den uppt\u00e4cktes fr\u00e5n b\u00f6rjan p\u00e5 Jamaica och har flera olika namn (Mandor, Tambor, Topaz) och odlas kommersiellt \u00e4ven i Spanien. Det lilla parti vi tog med hem nu kommer fr\u00e5n en kompis odling i Cadiz och frukterna v\u00e4ger i snitt 250gram\/styck. Vi fyller varje l\u00e5da med ca 3kg och det finns ett begr\u00e4nsat antal som skeppas ut under juni.<\/p>\n","protected":false},"excerpt":{"rendered":"<p>L\u00e5da med 3kg ortanique<\/p>\n","protected":false},"featured_media":279067,"comment_status":"open","ping_status":"closed","template":"","meta":{"_et_pb_use_builder":"off","_et_pb_old_content":"<p dir=\"ltr\"><strong>Ekologisk Ortanique<\/strong><\/p>\r\nDenna aromatiska och saftiga lilla citrusfrukt har f\u00e5tt sitt namn genom den korsning som den uppst\u00e5tt ur. ORange TANgerine unIQUE. Det \u00e4r allts\u00e5 en korsning av en s\u00f6t apelsin och en mandarin.\r\nFrukten \u00e4r saftig och fin men kan dock vara lite sv\u00e5rskalad. Den uppt\u00e4cktes fr\u00e5n b\u00f6rjan p\u00e5 Jamaica och har flera olika namn (Mandor, Tambor, Topaz) och odlas kommersiellt \u00e4ven i Spanien.\r\n\r\nDet lilla parti vi tog med hem nu kommer fr\u00e5n en kompis odling i Cadiz och frukterna v\u00e4ger i snitt 250gram\/styck. Vi fyller varje l\u00e5da med ca 3kg och det finns ett begr\u00e4nsat antal som skeppas ut under juni.","_et_gb_content_width":""},"product_brand":[],"product_cat":[129],"product_tag":[],"class_list":{"0":"post-279066","1":"product","2":"type-product","3":"status-publish","4":"has-post-thumbnail","6":"product_cat-citrusfrukt","8":"first","9":"outofstock","10":"taxable","11":"shipping-taxable","12":"purchasable","13":"product-type-simple"},"_links":{"self":[{"href":"https:\/\/fincasolmark.com\/sv\/wp-json\/wp\/v2\/product\/279066","targetHints":{"allow":["GET"]}}],"collection":[{"href":"https:\/\/fincasolmark.com\/sv\/wp-json\/wp\/v2\/product"}],"about":[{"href":"https:\/\/fincasolmark.com\/sv\/wp-json\/wp\/v2\/types\/product"}],"replies":[{"embeddable":true,"href":"https:\/\/fincasolmark.com\/sv\/wp-json\/wp\/v2\/comments?post=279066"}],"wp:featuredmedia":[{"embeddable":true,"href":"https:\/\/fincasolmark.com\/sv\/wp-json\/wp\/v2\/media\/279067"}],"wp:attachment":[{"href":"https:\/\/fincasolmark.com\/sv\/wp-json\/wp\/v2\/media?parent=279066"}],"wp:term":[{"taxonomy":"product_brand","embeddable":true,"href":"https:\/\/fincasolmark.com\/sv\/wp-json\/wp\/v2\/product_brand?post=279066"},{"taxonomy":"product_cat","embeddable":true,"href":"https:\/\/fincasolmark.com\/sv\/wp-json\/wp\/v2\/product_cat?post=279066"},{"taxonomy":"product_tag","embeddable":true,"href":"https:\/\/fincasolmark.com\/sv\/wp-json\/wp\/v2\/product_tag?post=279066"}],"curies":[{"name":"wp","href":"https:\/\/api.w.org\/{rel}","templated":true}]}}