{"id":271389,"date":"2022-01-17T08:46:03","date_gmt":"2022-01-17T07:46:03","guid":{"rendered":"http:\/\/fincasolmark.com\/?post_type=product&#038;p=271389"},"modified":"2026-05-13T10:57:55","modified_gmt":"2026-05-13T08:57:55","slug":"mandel-eko","status":"publish","type":"product","link":"https:\/\/fincasolmark.com\/sv\/producto\/mandel-eko\/","title":{"rendered":"Mandlar EKO 250 gram"},"content":{"rendered":"<p><strong>Mandel<\/strong><\/p>\n<p><span lang=\"SV\">Spanien \u00e4r en av v\u00e4rldens st\u00f6rsta producenter av mandel och den st\u00f6rsta delen av mandel som odlas i Europa kommer h\u00e4rifr\u00e5n. En stor del av dem odlas utan konstbevattning, s\u00e5 kallad \u201dsecano\u201d och tr\u00e4den \u00e4r fantastiskt vackra n\u00e4r de blommor i januari-februari.<u><\/u><u><\/u><\/span><\/p>\n<p><span lang=\"SV\">Av de olika sorters mandel som finns s\u00e5 gillar vi b\u00e4st den helt spanska sorten Comuna och som \u00e4r den vi s\u00e4ljer. Comuna \u00e4r en korsning av flera andra mandelsorter \u2013 Marcona, Cristomorto, Ferranduel och Ferragnes. Den \u00e4r har en h\u00e4rligt s\u00f6t smak och \u00e4r en favorit bland tillverkare av till exempel marsipan och den s\u00e5 typiskt spanska s\u00f6tsaken turr\u00f3n.<u><\/u><u><\/u><\/span><\/p>\n<p><span lang=\"SV\">Mandeln finns i p\u00e5sar om 250g och efter att vi tagit bort det yttre h\u00e5rda skalet s\u00e5 l\u00e5ter vi det tunna bruna inre skalet sitta kvar.<u><\/u><u><\/u><\/span><\/p>\n<p><span lang=\"SV\">Givetvis levererar vi till HELA Sverige. \u00c4ven du som bor l\u00e5ngt ute p\u00e5 landsbygden har ju r\u00e4tt att njuta av god frukt och ekologiska produkter.<\/span><\/p>\n<p>&nbsp;<\/p>\n\n<table id=\"tablepress-5\" class=\"tablepress tablepress-id-5\">\n<thead>\n<tr class=\"row-1\">\n\t<th class=\"column-1\">N\u00e4ringsv\u00e4rde per 100g:<\/th><td class=\"column-2\"><\/td><td class=\"column-3\"><\/td>\n<\/tr>\n<\/thead>\n<tbody class=\"row-striping row-hover\">\n<tr class=\"row-2\">\n\t<td class=\"column-1\">Energi<\/td><td class=\"column-2\">2695\/644<\/td><td class=\"column-3\">kJ\/kcal<\/td>\n<\/tr>\n<tr class=\"row-3\">\n\t<td class=\"column-1\">Fett<\/td><td class=\"column-2\">58,7<\/td><td class=\"column-3\">g<\/td>\n<\/tr>\n<tr class=\"row-4\">\n\t<td class=\"column-1\">- Varav m\u00e4ttat fett<\/td><td class=\"column-2\">10,61<\/td><td class=\"column-3\">g<\/td>\n<\/tr>\n<tr class=\"row-5\">\n\t<td class=\"column-1\">Kolhydrater<\/td><td class=\"column-2\">2,5<\/td><td class=\"column-3\">g<\/td>\n<\/tr>\n<tr class=\"row-6\">\n\t<td class=\"column-1\">- Varav socker<\/td><td class=\"column-2\">2,2<\/td><td class=\"column-3\">g<\/td>\n<\/tr>\n<tr class=\"row-7\">\n\t<td class=\"column-1\">Fiber<\/td><td class=\"column-2\">12,07<\/td><td class=\"column-3\">g<\/td>\n<\/tr>\n<tr class=\"row-8\">\n\t<td class=\"column-1\">Protein<\/td><td class=\"column-2\">20,49<\/td><td class=\"column-3\">g<\/td>\n<\/tr>\n<tr class=\"row-9\">\n\t<td class=\"column-1\">Salt<\/td><td class=\"column-2\">0,01<\/td><td class=\"column-3\">g<\/td>\n<\/tr>\n<\/tbody>\n<\/table>\n<!-- #tablepress-5 from cache -->\n","protected":false},"excerpt":{"rendered":"<p>250g Ekologisk Mandel<\/p>\n","protected":false},"featured_media":272227,"comment_status":"open","ping_status":"closed","template":"","meta":{"_et_pb_use_builder":"off","_et_pb_old_content":"<strong>Mandel<\/strong>\r\n\r\nSpanien \u00e4r en av v\u00e4rldens st\u00f6rsta producenter av mandel och den st\u00f6rsta delen av mandel som odlas i Europa kommer h\u00e4rifr\u00e5n. En stor del av dem odlas utan konstbevattning, s\u00e5 kallad \u201dsecano\u201d och tr\u00e4den \u00e4r fantastiskt vackra n\u00e4r de blommor i januari-februari.\r\n\r\nAv de olika sorters mandel som finns s\u00e5 gillar vi b\u00e4st den helt spanska sorten Comuna och som \u00e4r den vi s\u00e4ljer. Comuna \u00e4r en korsning av flera andra mandelsorter \u2013 Marcona, Cristomorto, Ferranduel och Ferragnes. Den \u00e4r har en h\u00e4rligt s\u00f6t smak och \u00e4r en favorit bland tillverkare av till exempel marsipan och den s\u00e5 typiskt spanska s\u00f6tsaken turr\u00f3n.\r\n\r\nMandeln finns i p\u00e5sar om 200g\/1kg och efter att vi tagit bort det yttre h\u00e5rda skalet s\u00e5 l\u00e5ter vi det tunna bruna inre skalet sitta kvar.\r\n\r\nV\u00e5ra ekologiska produkter \u00e4r ekologiska p\u00e5 riktigt! Till och med v\u00e5r f\u00f6rpackning f\u00f6r mandeln \u00e4r helt komposterbar, bra va?!\r\n\r\nGivetvis levererar vi till HELA Sverige. \u00c4ven du som bor l\u00e5ngt ute p\u00e5 landsbygden har ju r\u00e4tt att njuta av god frukt och ekologiska produkter.\r\n\r\nJag hoppas verkligen att det m\u00e4rks, och att du uppskattar kvalit\u00e9n p\u00e5 v\u00e5ra produkter. Vi l\u00e4gger stor omsorg och mycket engagemang i det vi g\u00f6r \u2013 f\u00f6r att kunna tillfredsst\u00e4lla \u00e4ven den mest kr\u00e4sne gastronomen. Jag ser verkligen fram emot att h\u00f6ra vad du tycker \u2013 skriv g\u00e4rna en rad eller sl\u00e5 en signal, kontaktuppgifterna finns h\u00f6gst upp p\u00e5 sidan!\r\n\r\nNamnet, Finca Solmark, \u00e4r en hyllning till det \u00f6stg\u00f6tska lilla kvarteret Solmark i Vikingstad, d\u00e4r jag v\u00e4xte upp. Har du v\u00e4garna f\u00f6rbi s\u00f6dra Spanien \u00e4r du varmt v\u00e4lkommen att bes\u00f6ka oss p\u00e5 g\u00e5rden och smaka p\u00e5 finca-livet, i en kombination av det b\u00e4sta ur svensk och spansk filosofi.","_et_gb_content_width":""},"product_brand":[],"product_cat":[140],"product_tag":[],"class_list":{"0":"post-271389","1":"product","2":"type-product","3":"status-publish","4":"has-post-thumbnail","6":"product_cat-mandel","8":"first","9":"instock","10":"taxable","11":"shipping-taxable","12":"purchasable","13":"product-type-variable","14":"has-default-attributes"},"_links":{"self":[{"href":"https:\/\/fincasolmark.com\/sv\/wp-json\/wp\/v2\/product\/271389","targetHints":{"allow":["GET"]}}],"collection":[{"href":"https:\/\/fincasolmark.com\/sv\/wp-json\/wp\/v2\/product"}],"about":[{"href":"https:\/\/fincasolmark.com\/sv\/wp-json\/wp\/v2\/types\/product"}],"replies":[{"embeddable":true,"href":"https:\/\/fincasolmark.com\/sv\/wp-json\/wp\/v2\/comments?post=271389"}],"wp:featuredmedia":[{"embeddable":true,"href":"https:\/\/fincasolmark.com\/sv\/wp-json\/wp\/v2\/media\/272227"}],"wp:attachment":[{"href":"https:\/\/fincasolmark.com\/sv\/wp-json\/wp\/v2\/media?parent=271389"}],"wp:term":[{"taxonomy":"product_brand","embeddable":true,"href":"https:\/\/fincasolmark.com\/sv\/wp-json\/wp\/v2\/product_brand?post=271389"},{"taxonomy":"product_cat","embeddable":true,"href":"https:\/\/fincasolmark.com\/sv\/wp-json\/wp\/v2\/product_cat?post=271389"},{"taxonomy":"product_tag","embeddable":true,"href":"https:\/\/fincasolmark.com\/sv\/wp-json\/wp\/v2\/product_tag?post=271389"}],"curies":[{"name":"wp","href":"https:\/\/api.w.org\/{rel}","templated":true}]}}