{"id":268832,"date":"2021-12-08T18:40:19","date_gmt":"2021-12-08T17:40:19","guid":{"rendered":"http:\/\/fincasolmark.com\/?post_type=product&#038;p=268832"},"modified":"2026-04-01T00:03:07","modified_gmt":"2026-03-31T22:03:07","slug":"fincans-flytande-honungskalas","status":"publish","type":"product","link":"https:\/\/fincasolmark.com\/sv\/producto\/fincans-flytande-honungskalas\/","title":{"rendered":"Fincans Flytande Honungskalas"},"content":{"rendered":"<p><strong>Fincans Flytande Honungskalas<\/strong><\/p>\n<p>Prova p\u00e5 ALLA Fincans sorters honung i denna fina l\u00e5da. Varje burk inneh\u00e5ller 300gram flytande honung \u2013 totalt 2,4kg av v\u00e5ra allra finaste honungar!<\/p>\n<ul>\n<li>Honung Apelsinblommor 300g<\/li>\n<li>Honung Avokadoblommor 300g<\/li>\n<li>Honung Bergsblommor 300g<\/li>\n<li>Honung Eukalyptusblommor 300g<\/li>\n<li>Honung Kastanjblommor 300g<\/li>\n<li>Honung Rosmarinblommor 300g<\/li>\n<li>Honung Timjanblommor 300g<\/li>\n<li>Honung Vildblommor 300g<\/li>\n<\/ul>\n<p><strong>Honung Apelsinblommor 300g<\/strong><br \/>\nV\u00e5r flytande Apelsinblommehonung kommer fr\u00e4mst fr\u00e5n alla de apelsintr\u00e4d och till viss del andra citrustr\u00e4d som omger oss.<\/p>\n<p>Doften \u00e4r mjuk och aromatisk, liksom en del druvor och m\u00e5nga andra citrusv\u00e4xter s\u00e5 kommer den karakteristiska aromen ifr\u00e5n blommans inneh\u00e5ll av metylantranilat, en ester med s\u00e4regen arom som \u00e4ven \u00e5terfinns i m\u00e5nga andra produkter (inkl drycker, parfymer och godis).<\/p>\n<p>Som all v\u00e5r honung \u00e4r den oprocessad och givetvis 100% naturlig. Apelsinblommehonungen har en h\u00e4rlig gyllene f\u00e4rg.<\/p>\n<p>Apelsinblommehonungen \u00e4r god till olika infusioner, yoghurt och f\u00e4rskost, olika typer av vitt k\u00f6tt, glass och olika typer av varma s\u00f6tsaker (pannkakor, kakor mm).<\/p>\n<p><strong>Honung Avokadoblommor 300g<\/strong><br \/>\nV\u00e5r flytande Avokadohonung g\u00f6r vi under en kort period d\u00e5 tr\u00e4den blommar p\u00e5 v\u00e5ren och varje bikupa producerar en mycket begr\u00e4nsad m\u00e4ngd honung under den tiden.<\/p>\n<p>Bina hj\u00e4lper till att pollinera tr\u00e4den och ger oss en fantastisk och lite udda honung.<\/p>\n<p>Doften \u00e4r svagt blommig och fruktig och smaken \u00e4r svagt s\u00f6t med l\u00e4tt till medelstark syrlighet och \u00e4ven salta toner.<\/p>\n<p>Som all v\u00e5r honung \u00e4r den oprocessad och givetvis 100% naturlig. Avokadohonungen har en m\u00f6rk och djup f\u00e4rg.<\/p>\n<p>Vi gillar att \u00e4ta den till rej\u00e4la k\u00f6ttbitar, g\u00e4rna lamm med olika typer av f\u00e4rska \u00f6rter, goda ostar, glassr\u00e4tter, syrliga frukter s\u00e5som \u00e4pplen eller i m\u00fcslin till exempel.<\/p>\n<p><strong>Honung Bergsblommor 300g<\/strong><br \/>\nV\u00e5r flytande Bergsblommehonung kommer fr\u00e5n alla de fantastiska omr\u00e5den med blommor som v\u00e4xer p\u00e5 berget ovanf\u00f6r g\u00e5rden \u2013 rosmarin, timjan, mandel, citrus, ladunumcistros, enb\u00e4r, ek och mycket annat.<\/p>\n<p>Doften \u00e4r mjuk och blommig, medan smaken \u00e4r s\u00f6t och ibland med n\u00e5got svagt syrligt inslag fr\u00e5n citrusblommorna.<\/p>\n<p>Som all v\u00e5r honung \u00e4r den oprocessad och givetvis 100% naturlig. Bergsblommehonungen har en h\u00e4rligt gyllenm\u00f6rk f\u00e4rg.<\/p>\n<p>Bergsblommehonungen \u00e4r god till det mesta \u2013 kalla och varma drycker (vi gillar att ha den i kaffet), till frukostgr\u00f6t, m\u00fcsli, yoghurt, olika typer av k\u00f6tt, glass, frukt och i princip allt annat \u00e4tbart som m\u00e5r bra av lite s\u00f6thet.<\/p>\n<p><strong>Honung Eukalyptusblommor 300g<\/strong><br \/>\nV\u00e5r flytande Eukalyptushonung kommer fr\u00e5n omr\u00e5den med stora m\u00e4ngder Eukalyptustr\u00e4d i n\u00e4rheten av g\u00e5rden. Eukalyptus b\u00f6rjade planteras i Europa p\u00e5 1800-talet f\u00f6r att torka ut deltan och flodomr\u00e5den och \u00e4r vanligt f\u00f6rekommande i omr\u00e5den runt M\u00e1laga.<\/p>\n<p>Den har en mycket speciell arom av bl\u00f6tt tr\u00e4, mycket intensiv och karakteristisk, kanske den honung med starkast arom som finns (i alla fall av de \u00e5tta sorter som vi g\u00f6r). Smaken \u00e4r s\u00f6t med svagt syrliga toner och ofta en n\u00e5got svag salt ton.<\/p>\n<p>Som all v\u00e5r honung \u00e4r den oprocessad och givetvis 100% naturlig. Eukalyptushonungen har en m\u00f6rk och ibland gr\u00f6naktig f\u00e4rg.<\/p>\n<p>Eukalyptushonungen \u00e4r god till andra smak- och doftrika matr\u00e4tter, och kan ocks\u00e5 fungera bra som motpol (i mindre m\u00e4ngd) till mat som inte \u00e4r s\u00e5 smakrik \u2013 f\u00e4rskost, yoghurt osv.<\/p>\n<p><strong>Honung Kastanjblommor 300g<\/strong><br \/>\nV\u00e5r flytande Kastanjhonung kommer fr\u00e5n omr\u00e5den med stora m\u00e4ngder kastanj i n\u00e4rheten av M\u00e1laga, inte l\u00e5ngt fr\u00e5n g\u00e5rden.<\/p>\n<p>Den har en speciell arom av torrt tr\u00e4 mot en blommig bas. Smaken \u00e4r \u00e5t det syrliga h\u00e5llet med ett s\u00f6tt och ibland salt inslag, lite beroende p\u00e5 om den ibland inneh\u00e5ller lite av blommor fr\u00e5n n\u00e4rliggande sn\u00e5riga buskar som t ex bj\u00f6rnb\u00e4r.<\/p>\n<p>Som all v\u00e5r honung \u00e4r den oprocessad och givetvis 100% naturlig. Kastanjhonungen har en m\u00f6rk och ibland brun-gr\u00f6naktig f\u00e4rg.<\/p>\n<p>Kastanjhonungen \u00e4r god till viltk\u00f6tt och saker s\u00e5som glass, n\u00f6tter mm samt till bakverk.<\/p>\n<p><strong>Honung Rosmarinblommor 300g<\/strong><br \/>\nV\u00e5r flytande Rosmarinhonung kommer fr\u00e5n de enorma m\u00e4ngder rosmarin som finns p\u00e5 berget ovanf\u00f6r g\u00e5rden.<\/p>\n<p>Doften \u00e4r svagt blommig och kan ibland g\u00e5 \u00e5t det lite fruktiga h\u00e5llet eftersom det finns en del mandeltr\u00e4d i omr\u00e5det. Smaken \u00e4r s\u00f6t och ibland lite l\u00e4tt syrlig.<\/p>\n<p>Som all v\u00e5r honung \u00e4r den oprocessad och givetvis 100% naturlig. Rosmarinhonungen har en h\u00e4rlig gyllene f\u00e4rg.<\/p>\n<p>Rosmarinhonungen \u00e4r s\u00f6t utan att vara sliskig p\u00e5 n\u00e5got s\u00e4tt och \u00e4r god till all typ av mat d\u00e4r du vill addera lite s\u00f6tma och god arom. Den \u00e4r perfekt att sp\u00e4da ut med lite vatten och tills\u00e4tta i dressingar till sallader, \u00e4ven s\u00e5 som komplement till fiskr\u00e4tter d\u00e4r den med f\u00f6rdel tills\u00e4tts strax innan servering, och i \u00f6vrigt till m\u00e5nga olika typer av k\u00f6ttr\u00e4tter, efterr\u00e4tter, frukter, sallader, infusioner och uppfriskande drycker.<\/p>\n<p><strong>Honung Timjanblommor 300g<\/strong><br \/>\nV\u00e5r flytande Timjanhonung kommer fr\u00e5n omr\u00e5den med stora m\u00e4ngder timjan som finns p\u00e5 berget ovanf\u00f6r g\u00e5rden.<\/p>\n<p>Den har en karakteristisk arom, med en blommig bas som sedan \u00e4r mycket intensiv och best\u00e5ende. Smaken \u00e4r s\u00f6t, klart syrlig och ibland med n\u00e5got salt ton.<\/p>\n<p>Som all v\u00e5r honung \u00e4r den oprocessad och givetvis 100% naturlig. Timjanhonungen har en m\u00f6rkt r\u00f6daktig f\u00e4rg.<\/p>\n<p>Timjanhonungen \u00e4r god till olika infusioner, lagrade ostar, k\u00f6ttgrytor och andra typer av k\u00f6tt som f\u00f6rberetts i ugnen.<\/p>\n<p><strong>Honung Vildblommor 300g<\/strong><br \/>\nV\u00e5r flytande Vildblommehonung kommer fr\u00e5n alla de m\u00e4ngder av blommor som v\u00e4xer i omr\u00e5dena runt g\u00e5rden \u2013 beroende p\u00e5 \u00e5rstid som den h\u00e4mtas in s\u00e5 skiftar det och kan inneh\u00e5lla mandel, citrus, oxalis och mycket mycket annat.<\/p>\n<p>Doften \u00e4r blommig, ganska intensiv medan smaken \u00e4r s\u00f6t och ibland intensivare syrligt med inslag fr\u00e5n olika typer av citrus mm.<\/p>\n<p>Som all v\u00e5r honung \u00e4r den oprocessad och givetvis 100% naturlig. Vildblommehonungen har en h\u00e4rligt gyllene f\u00e4rg.<\/p>\n<p>Vildblommehonungen \u00e4r god till mycket saker \u2013 kalla och varma drycker (vi gillar att g\u00f6ra citronvatten och ha i lite av denna honung), till t\u00e9, gr\u00f6t, m\u00fcsli, yoghurt, olika typer av fisk, glass, frukt (\u00e4pple, ananas, apelsin, banan, jordgubbar mm)<\/p>\n","protected":false},"excerpt":{"rendered":"<p>Prova p\u00e5 ALLA Fincans sorters honung i denna fina l\u00e5da. Varje burk inneh\u00e5ller 300gram flytande honung \u2013 totalt 2,4kg av v\u00e5ra allra finaste honungar!<\/p>\n","protected":false},"featured_media":268833,"comment_status":"open","ping_status":"closed","template":"","meta":{"_et_pb_use_builder":"off","_et_pb_old_content":"<strong>Fincans Flytande Honungskalas<\/strong>\r\n\r\nProva p\u00e5 ALLA Fincans sorters honung i denna fina l\u00e5da. Varje burk inneh\u00e5ller 300gram flytande honung \u2013 totalt 2,4kg av v\u00e5ra allra finaste honungar!\r\n<ul>\r\n \t<li>Honung Apelsinblommor 300g<\/li>\r\n \t<li>Honung Avokado 300g<\/li>\r\n \t<li>Honung Bergsblommor 300g<\/li>\r\n \t<li>Honung Eukalyptus 300g<\/li>\r\n \t<li>Honung Kastanj 300g<\/li>\r\n \t<li>Honung Rosmarin 300g<\/li>\r\n \t<li>Honung Timjan 300g<\/li>\r\n \t<li>Honung Vildblommor 300g<\/li>\r\n<\/ul>","_et_gb_content_width":""},"product_brand":[],"product_cat":[124],"product_tag":[],"class_list":{"0":"post-268832","1":"product","2":"type-product","3":"status-publish","4":"has-post-thumbnail","6":"product_cat-honung","8":"first","9":"outofstock","10":"taxable","11":"shipping-taxable","12":"purchasable","13":"product-type-simple"},"_links":{"self":[{"href":"https:\/\/fincasolmark.com\/sv\/wp-json\/wp\/v2\/product\/268832","targetHints":{"allow":["GET"]}}],"collection":[{"href":"https:\/\/fincasolmark.com\/sv\/wp-json\/wp\/v2\/product"}],"about":[{"href":"https:\/\/fincasolmark.com\/sv\/wp-json\/wp\/v2\/types\/product"}],"replies":[{"embeddable":true,"href":"https:\/\/fincasolmark.com\/sv\/wp-json\/wp\/v2\/comments?post=268832"}],"wp:featuredmedia":[{"embeddable":true,"href":"https:\/\/fincasolmark.com\/sv\/wp-json\/wp\/v2\/media\/268833"}],"wp:attachment":[{"href":"https:\/\/fincasolmark.com\/sv\/wp-json\/wp\/v2\/media?parent=268832"}],"wp:term":[{"taxonomy":"product_brand","embeddable":true,"href":"https:\/\/fincasolmark.com\/sv\/wp-json\/wp\/v2\/product_brand?post=268832"},{"taxonomy":"product_cat","embeddable":true,"href":"https:\/\/fincasolmark.com\/sv\/wp-json\/wp\/v2\/product_cat?post=268832"},{"taxonomy":"product_tag","embeddable":true,"href":"https:\/\/fincasolmark.com\/sv\/wp-json\/wp\/v2\/product_tag?post=268832"}],"curies":[{"name":"wp","href":"https:\/\/api.w.org\/{rel}","templated":true}]}}