{"id":268077,"date":"2021-11-30T14:09:17","date_gmt":"2021-11-30T13:09:17","guid":{"rendered":"http:\/\/fincasolmark.com\/?post_type=product&#038;p=268077"},"modified":"2026-03-31T23:36:58","modified_gmt":"2026-03-31T21:36:58","slug":"sotpotatis-eko","status":"publish","type":"product","link":"https:\/\/fincasolmark.com\/sv\/producto\/sotpotatis-eko\/","title":{"rendered":"S\u00f6tpotatis 4kg EKO"},"content":{"rendered":"<p><strong>S\u00f6tpotatis 4kg EKO<\/strong><\/p>\n<p>I Andalusien odlas det gott om s\u00f6tpotatis, eller boniato som man s\u00e4ger p\u00e5 spanska. De vanligaste sorterna \u00e4r California och Beauregard. En av v\u00e5ra grannar odlar Beauregard i mindre skala, en s\u00f6tpotatis som man enkelt k\u00e4nner igen tack vare dess f\u00e4rg \u2013 den \u00e4r v\u00e4ldigt orange inv\u00e4ndigt.<\/p>\n<p>Nuf\u00f6rtiden har man till och med p\u00e5 ber\u00f6mda snabbmatsrestauranger b\u00f6rjat servera friterad s\u00f6tpotatis som ett alternativ till pommer frites. Den \u00e4r rik p\u00e5 olika vitaminer och st\u00e4rkelse. Dessutom inneh\u00e5ller inte s\u00f6tpotatis solanin (vilket vanlig potatis g\u00f6r, liksom paprika, aubergine etc).<\/p>\n<p>Vi s\u00e4ljer dem i l\u00e5dor om 4 kilo.<\/p>\n<p>S\u00f6tpotatis f\u00f6rvaras likadant som potatis \u2013 svalt (6-10c), torrt och m\u00f6rkt.<\/p>\n","protected":false},"excerpt":{"rendered":"<p>L\u00e5da med s\u00f6tpotatis 4kg EKO<\/p>\n","protected":false},"featured_media":268080,"comment_status":"open","ping_status":"closed","template":"","meta":{"_et_pb_use_builder":"off","_et_pb_old_content":"<strong>S\u00f6tpotatis 2kg\/5kg EKO<\/strong>\r\n\r\nI Andalusien odlas det gott om s\u00f6tpotatis, eller boniato som man s\u00e4ger p\u00e5 spanska. De vanligaste sorterna \u00e4r California och Beauregard. En av v\u00e5ra grannar odlar Beauregard i mindre skala, en s\u00f6tpotatis som man enkelt k\u00e4nner igen tack vare dess f\u00e4rg \u2013 den \u00e4r v\u00e4ldigt orange inv\u00e4ndigt.\r\n\r\nNuf\u00f6rtiden har man till och med p\u00e5 ber\u00f6mda snabbmatsrestauranger b\u00f6rjat servera friterad s\u00f6tpotatis som ett alternativ till pommer frites. Den \u00e4r rik p\u00e5 olika vitaminer och st\u00e4rkelse.\r\n\r\nDen kan odlas i v\u00e4xthus i Sverige och vi tog mest med ett mindre antal kilon hem f\u00f6r att hj\u00e4lpa en eko-granne att kunna s\u00e4lja sina varor. Vi s\u00e4ljer dem i l\u00e5dor om 2\/5 kilo.\r\n\r\nFrukten f\u00f6rvaras likadant som potatis \u2013 svalt (6-10c), torrt och m\u00f6rkt.","_et_gb_content_width":""},"product_brand":[],"product_cat":[156],"product_tag":[],"class_list":{"0":"post-268077","1":"product","2":"type-product","3":"status-publish","4":"has-post-thumbnail","6":"product_cat-sotpotatis","8":"first","9":"instock","10":"taxable","11":"shipping-taxable","12":"purchasable","13":"product-type-variable","14":"has-default-attributes"},"_links":{"self":[{"href":"https:\/\/fincasolmark.com\/sv\/wp-json\/wp\/v2\/product\/268077","targetHints":{"allow":["GET"]}}],"collection":[{"href":"https:\/\/fincasolmark.com\/sv\/wp-json\/wp\/v2\/product"}],"about":[{"href":"https:\/\/fincasolmark.com\/sv\/wp-json\/wp\/v2\/types\/product"}],"replies":[{"embeddable":true,"href":"https:\/\/fincasolmark.com\/sv\/wp-json\/wp\/v2\/comments?post=268077"}],"wp:featuredmedia":[{"embeddable":true,"href":"https:\/\/fincasolmark.com\/sv\/wp-json\/wp\/v2\/media\/268080"}],"wp:attachment":[{"href":"https:\/\/fincasolmark.com\/sv\/wp-json\/wp\/v2\/media?parent=268077"}],"wp:term":[{"taxonomy":"product_brand","embeddable":true,"href":"https:\/\/fincasolmark.com\/sv\/wp-json\/wp\/v2\/product_brand?post=268077"},{"taxonomy":"product_cat","embeddable":true,"href":"https:\/\/fincasolmark.com\/sv\/wp-json\/wp\/v2\/product_cat?post=268077"},{"taxonomy":"product_tag","embeddable":true,"href":"https:\/\/fincasolmark.com\/sv\/wp-json\/wp\/v2\/product_tag?post=268077"}],"curies":[{"name":"wp","href":"https:\/\/api.w.org\/{rel}","templated":true}]}}