{"id":267787,"date":"2021-11-25T21:30:22","date_gmt":"2021-11-25T20:30:22","guid":{"rendered":"http:\/\/fincasolmark.com\/?post_type=product&#038;p=267787"},"modified":"2026-04-01T00:05:07","modified_gmt":"2026-03-31T22:05:07","slug":"honung-vildblommor","status":"publish","type":"product","link":"https:\/\/fincasolmark.com\/sv\/producto\/honung-vildblommor\/","title":{"rendered":"Honung Vildblommor"},"content":{"rendered":"<p><strong>Honung Vildblommor<\/strong><\/p>\n<p>V\u00e5r flytande Vildblommehonung kommer fr\u00e5n alla de m\u00e4ngder av blommor som v\u00e4xer i omr\u00e5dena runt g\u00e5rden \u2013 beroende p\u00e5 \u00e5rstid som den h\u00e4mtas in s\u00e5 skiftar det och kan inneh\u00e5lla mandel, citrus, oxalis och mycket mycket annat.<\/p>\n<p>Doften \u00e4r blommig, ganska intensiv medan smaken \u00e4r s\u00f6t och ibland intensivare syrligt med inslag fr\u00e5n olika typer av citrus mm.<\/p>\n<p>Som all v\u00e5r honung \u00e4r den oprocessad och givetvis 100% naturlig. Vildblommehonungen har en h\u00e4rligt gyllene f\u00e4rg.<\/p>\n<p>Vildblommehonungen \u00e4r god till mycket saker \u2013 kalla och varma drycker (vi gillar att g\u00f6ra citronvatten och ha i lite av denna honung), till t\u00e9, gr\u00f6t, m\u00fcsli, yoghurt, olika typer av fisk, glass, frukt (\u00e4pple, ananas, apelsin, banan, jordgubbar mm)<\/p>\n","protected":false},"excerpt":{"rendered":"<p>Denna honung \u00e4r perfekt till smak- och doftrika matr\u00e4tter.<\/p>\n","protected":false},"featured_media":268828,"comment_status":"open","ping_status":"closed","template":"","meta":{"_et_pb_use_builder":"off","_et_pb_old_content":"<strong>Honung Vildblommor 300g\/500g\/1kg<\/strong>\r\n\r\nV\u00e5r flytande Vildblommehonung kommer fr\u00e5n alla de m\u00e4ngder av blommor som v\u00e4xer i omr\u00e5dena runt g\u00e5rden \u2013 beroende p\u00e5 \u00e5rstid som den h\u00e4mtas in s\u00e5 skiftar det och kan inneh\u00e5lla mandel, citrus, oxalis och mycket mycket annat.\r\n\r\nDoften \u00e4r blommig, ganska intensiv medan smaken \u00e4r s\u00f6t och ibland intensivare syrligt med inslag fr\u00e5n olika typer av citrus mm.\r\n\r\nSom all v\u00e5r honung \u00e4r den oprocessad och givetvis 100% naturlig. Vildblommehonungen har en h\u00e4rligt gyllene f\u00e4rg.\r\n\r\nVildblommehonungen \u00e4r god till mycket saker \u2013 kalla och varma drycker (vi gillar att g\u00f6ra citronvatten och ha i lite av denna honung), till t\u00e9, gr\u00f6t, m\u00fcsli, yoghurt, olika typer av fisk, glass, frukt (\u00e4pple, ananas, apelsin, banan, jordgubbar mm)","_et_gb_content_width":""},"product_brand":[],"product_cat":[124],"product_tag":[],"class_list":{"0":"post-267787","1":"product","2":"type-product","3":"status-publish","4":"has-post-thumbnail","6":"product_cat-honung","8":"first","9":"instock","10":"sale","11":"taxable","12":"shipping-taxable","13":"purchasable","14":"product-type-variable","15":"has-default-attributes"},"_links":{"self":[{"href":"https:\/\/fincasolmark.com\/sv\/wp-json\/wp\/v2\/product\/267787","targetHints":{"allow":["GET"]}}],"collection":[{"href":"https:\/\/fincasolmark.com\/sv\/wp-json\/wp\/v2\/product"}],"about":[{"href":"https:\/\/fincasolmark.com\/sv\/wp-json\/wp\/v2\/types\/product"}],"replies":[{"embeddable":true,"href":"https:\/\/fincasolmark.com\/sv\/wp-json\/wp\/v2\/comments?post=267787"}],"wp:featuredmedia":[{"embeddable":true,"href":"https:\/\/fincasolmark.com\/sv\/wp-json\/wp\/v2\/media\/268828"}],"wp:attachment":[{"href":"https:\/\/fincasolmark.com\/sv\/wp-json\/wp\/v2\/media?parent=267787"}],"wp:term":[{"taxonomy":"product_brand","embeddable":true,"href":"https:\/\/fincasolmark.com\/sv\/wp-json\/wp\/v2\/product_brand?post=267787"},{"taxonomy":"product_cat","embeddable":true,"href":"https:\/\/fincasolmark.com\/sv\/wp-json\/wp\/v2\/product_cat?post=267787"},{"taxonomy":"product_tag","embeddable":true,"href":"https:\/\/fincasolmark.com\/sv\/wp-json\/wp\/v2\/product_tag?post=267787"}],"curies":[{"name":"wp","href":"https:\/\/api.w.org\/{rel}","templated":true}]}}