{"id":266034,"date":"2021-11-07T18:43:15","date_gmt":"2021-11-07T17:43:15","guid":{"rendered":"http:\/\/fincasolmark.com\/?post_type=product&#038;p=266034"},"modified":"2025-11-29T11:13:44","modified_gmt":"2025-11-29T10:13:44","slug":"citrus-extreme-eko","status":"publish","type":"product","link":"https:\/\/fincasolmark.com\/sv\/producto\/citrus-extreme-eko\/","title":{"rendered":"Citrus Extreme EKO"},"content":{"rendered":"<p><strong>Ekologisk citrusfrukt fr\u00e5n M\u00e1laga<\/strong> Jag \u00e4lskar Medelhavet \u2013 livsfilosofin, r\u00e5varorna och maten. F\u00f6r n\u00e5gra \u00e5r sedan best\u00e4mde jag mig f\u00f6r flytta ner till Spanien f\u00f6r att g\u00f6ra h\u00e4lsosam och ekologisk olivolja p\u00e5 min alldeles egna g\u00e5rd, eller finca som det heter p\u00e5 spanska. Det var inte ett sv\u00e5rt beslut att \u00e4ven b\u00f6rja odla avokado och en hel del annat. Faktum \u00e4r att vi har \u00f6ver 200 olika sorters frukttr\u00e4d, m\u00e5nga i rent experimentsyfte, f\u00f6rutom den st\u00f6rre m\u00e4ngd avokado (5 olika sorter) mandel och citrus som vi odlar. Det \u00e4r d\u00e4rf\u00f6r ett stort n\u00f6je att kunna erbjuda en l\u00e5da med h\u00f6sts\u00e4songens st\u00f6rsta blandning av citrusfrukt!! L\u00e5dan inneh\u00e5ller 4kg blandad citrus av absolut h\u00f6gsta kvalit\u00e9. Detta \u00e4r ett ungef\u00e4rligt inneh\u00e5ll (eftersom frukten v\u00e4ger lite olika s\u00e5 kan det skilja n\u00e5got p\u00e5 antal men totalvikten \u00e4r 4kg):<\/p>\n<table style=\"font-weight: 400;\" width=\"343\">\n<tbody>\n<tr>\n<td width=\"162\">Finger Lime<\/td>\n<td width=\"181\">5-6 st<\/td>\n<\/tr>\n<tr>\n<td width=\"162\">Mano Buddha<\/td>\n<td width=\"181\">1 st<\/td>\n<\/tr>\n<tr>\n<td width=\"162\">Citron<\/td>\n<td width=\"181\">3-4 st<\/td>\n<\/tr>\n<tr>\n<td width=\"162\">Clementiner<\/td>\n<td width=\"181\">5-7 st<\/td>\n<\/tr>\n<tr>\n<td width=\"162\">Lime Gr\u00f6n<\/td>\n<td width=\"181\">3-4 st<\/td>\n<\/tr>\n<tr>\n<td width=\"162\">Grapefrukt<\/td>\n<td width=\"181\">2-3 st<\/td>\n<\/tr>\n<tr>\n<td width=\"162\">Apelsiner<\/td>\n<td width=\"181\">5-6 st<\/td>\n<\/tr>\n<\/tbody>\n<\/table>\n<p>V\u00e5r ekologiska frukt \u00e4r <strong>ekologisk p\u00e5 riktigt!<\/strong> Inga konstgjorda etylenbehandlingar f\u00f6r att snabba p\u00e5 mognaden av frukten p\u00e5 artificiell v\u00e4g (\u201dgodk\u00e4nt\u201d inom ekologisk odling, men inget vi sysslar med). V\u00e5r frukt mognar p\u00e5 tr\u00e4den och plockas s\u00e5 n\u00e4ra sin perfekta mognadsgrad som m\u00f6jligt. Sen tar det ungef\u00e4r en vecka hem till ditt k\u00f6ksbord. Bra va?! Eftersom vi gillar att g\u00f6ra saker lite extra bra s\u00e5 har vi valt att utveckla en variant av den gamla klassiska banankartongen, en riktigt rej\u00e4l l\u00e5da som fraktar frukten varsamt och utan st\u00f6tar som l\u00e4tt sker i enklare f\u00f6rpackningar. Vi f\u00f6rpackar frukten i rej\u00e4lt med tr\u00e4ull och allting sker helt f\u00f6r hand. Kartongen kan sedan med f\u00f6rdel \u00e5teranv\u00e4ndas f\u00f6r att f\u00f6rvara saker i, eller varf\u00f6r inte som en l\u00e5da f\u00f6r katten? Givetvis <strong>levererar<\/strong> vi till <strong>HELA Sverige<\/strong>. \u00c4ven du som bor l\u00e5ngt ute p\u00e5 landsbygden har ju r\u00e4tt att njuta av god frukt. Jag hoppas verkligen att det m\u00e4rks, och att du uppskattar kvalit\u00e9n p\u00e5 v\u00e5r frukt. Vi l\u00e4gger stor omsorg och mycket engagemang i v\u00e5r produkt \u2013 f\u00f6r att kunna tillfredsst\u00e4lla \u00e4ven den mest kr\u00e4sne gastronomen. <strong>Jag ser verkligen fram emot att h\u00f6ra vad du tycker \u2013 skriv g\u00e4rna en rad eller sl\u00e5 en signal, kontaktuppgifterna finns h\u00f6gst upp p\u00e5 sidan!<\/strong> Namnet, Finca Solmark, \u00e4r en hyllning till det \u00f6stg\u00f6tska lilla kvarteret Solmark i Vikingstad, d\u00e4r jag v\u00e4xte upp. Har du v\u00e4garna f\u00f6rbi s\u00f6dra Spanien \u00e4r du varmt v\u00e4lkommen att bes\u00f6ka oss p\u00e5 g\u00e5rden och smaka p\u00e5 finca-livet, i en kombination av det b\u00e4sta ur svensk och spansk filosofi.<\/p>\n","protected":false},"excerpt":{"rendered":"<p>L\u00e5da med citrus extreme<\/p>\n<p>Finger Lime 5-6 st<br \/>\nMano Buddha 1 st<br \/>\nCitron 3-4 st<br \/>\nClementiner 5-7 st<br \/>\nLime Gr\u00f6n 3-4 st<br \/>\nGrapefrukt 2-3 st<br \/>\nApelsiner 5-6 st<\/p>\n","protected":false},"featured_media":266038,"comment_status":"open","ping_status":"closed","template":"","meta":{"_et_pb_use_builder":"off","_et_pb_old_content":"<strong>Ekologisk citrusfrukt fr\u00e5n M\u00e1laga<\/strong>\r\n\r\nJag \u00e4lskar Medelhavet \u2013 livsfilosofin, r\u00e5varorna och maten. F\u00f6r n\u00e5gra \u00e5r sedan best\u00e4mde jag mig f\u00f6r flytta ner till Spanien f\u00f6r att g\u00f6ra h\u00e4lsosam och ekologisk olivolja p\u00e5 min alldeles egna g\u00e5rd, eller finca som det heter p\u00e5 spanska.\r\n\r\nDet var inte ett sv\u00e5rt beslut att \u00e4ven b\u00f6rja odla avokado och en hel del annat. Faktum \u00e4r att vi har \u00f6ver 200 olika sorters frukttr\u00e4d, m\u00e5nga i rent experimentsyfte, f\u00f6rutom den st\u00f6rre m\u00e4ngd avokado (5 olika sorter) mandel och citrus som vi odlar.\r\n\r\nDet \u00e4r d\u00e4rf\u00f6r ett stort n\u00f6je att kunna erbjuda en l\u00e5da med h\u00f6sts\u00e4songens st\u00f6rsta blandning av citrusfrukt!! L\u00e5dan inneh\u00e5ller 4kg blandad citrus av absolut h\u00f6gsta kvalit\u00e9.\r\n\r\nDetta \u00e4r ett ungef\u00e4rligt inneh\u00e5ll (eftersom frukten v\u00e4ger lite olika s\u00e5 kan det skilja n\u00e5got p\u00e5 antal men totalvikten \u00e4r 4kg):\r\n<table style=\"font-weight: 400\" width=\"343\">\r\n<tbody>\r\n<tr>\r\n<td width=\"162\">Finger Lime<\/td>\r\n<td width=\"181\">5-6 st<\/td>\r\n<\/tr>\r\n<tr>\r\n<td width=\"162\">Mano Buddha<\/td>\r\n<td width=\"181\">1 st<\/td>\r\n<\/tr>\r\n<tr>\r\n<td width=\"162\">Citron<\/td>\r\n<td width=\"181\">3-4 st<\/td>\r\n<\/tr>\r\n<tr>\r\n<td width=\"162\">Clementiner<\/td>\r\n<td width=\"181\">5-7 st<\/td>\r\n<\/tr>\r\n<tr>\r\n<td width=\"162\">Lime Gr\u00f6n<\/td>\r\n<td width=\"181\">3-4 st<\/td>\r\n<\/tr>\r\n<tr>\r\n<td width=\"162\">Grapefrukt<\/td>\r\n<td width=\"181\">2-3 st<\/td>\r\n<\/tr>\r\n<tr>\r\n<td width=\"162\">Apelsiner<\/td>\r\n<td width=\"181\">5-6 st<\/td>\r\n<\/tr>\r\n<\/tbody>\r\n<\/table>\r\n\u00a0\r\n\r\nV\u00e5r ekologiska frukt \u00e4r <strong>ekologisk p\u00e5 riktigt!<\/strong> Inga konstgjorda etylenbehandlingar f\u00f6r att snabba p\u00e5 mognaden av frukten p\u00e5 artificiell v\u00e4g (\u201dgodk\u00e4nt\u201d inom ekologisk odling, men inget vi sysslar med). V\u00e5r frukt mognar p\u00e5 tr\u00e4den och plockas s\u00e5 n\u00e4ra sin perfekta mognadsgrad som m\u00f6jligt. Sen tar det ungef\u00e4r en vecka hem till ditt k\u00f6ksbord. Bra va?!\r\n\r\nEftersom vi gillar att g\u00f6ra saker lite extra bra s\u00e5 har vi valt att utveckla en variant av den gamla klassiska banankartongen, en riktigt rej\u00e4l l\u00e5da som fraktar frukten varsamt och utan st\u00f6tar som l\u00e4tt sker i enklare f\u00f6rpackningar. Vi f\u00f6rpackar frukten i rej\u00e4lt med tr\u00e4ull och allting sker helt f\u00f6r hand. Kartongen kan sedan med f\u00f6rdel \u00e5teranv\u00e4ndas f\u00f6r att f\u00f6rvara saker i, eller varf\u00f6r inte som en l\u00e5da f\u00f6r katten?\r\n\r\nGivetvis <strong>levererar<\/strong> vi till <strong>HELA Sverige<\/strong>. \u00c4ven du som bor l\u00e5ngt ute p\u00e5 landsbygden har ju r\u00e4tt att njuta av god frukt.\r\n\r\nJag hoppas verkligen att det m\u00e4rks, och att du uppskattar kvalit\u00e9n p\u00e5 v\u00e5r frukt. Vi l\u00e4gger stor omsorg och mycket engagemang i v\u00e5r produkt \u2013 f\u00f6r att kunna tillfredsst\u00e4lla \u00e4ven den mest kr\u00e4sne gastronomen. <strong>Jag ser verkligen fram emot att h\u00f6ra vad du tycker \u2013 skriv g\u00e4rna en rad eller sl\u00e5 en signal, kontaktuppgifterna finns h\u00f6gst upp p\u00e5 sidan!<\/strong>\r\n\r\nNamnet, Finca Solmark, \u00e4r en hyllning till det \u00f6stg\u00f6tska lilla kvarteret Solmark i Vikingstad, d\u00e4r jag v\u00e4xte upp. Har du v\u00e4garna f\u00f6rbi s\u00f6dra Spanien \u00e4r du varmt v\u00e4lkommen att bes\u00f6ka oss p\u00e5 g\u00e5rden och smaka p\u00e5 finca-livet, i en kombination av det b\u00e4sta ur svensk och spansk filosofi.","_et_gb_content_width":""},"product_brand":[],"product_cat":[265],"product_tag":[],"class_list":{"0":"post-266034","1":"product","2":"type-product","3":"status-publish","4":"has-post-thumbnail","6":"product_cat-fruktlador","8":"first","9":"outofstock","10":"taxable","11":"shipping-taxable","12":"purchasable","13":"product-type-simple"},"_links":{"self":[{"href":"https:\/\/fincasolmark.com\/sv\/wp-json\/wp\/v2\/product\/266034","targetHints":{"allow":["GET"]}}],"collection":[{"href":"https:\/\/fincasolmark.com\/sv\/wp-json\/wp\/v2\/product"}],"about":[{"href":"https:\/\/fincasolmark.com\/sv\/wp-json\/wp\/v2\/types\/product"}],"replies":[{"embeddable":true,"href":"https:\/\/fincasolmark.com\/sv\/wp-json\/wp\/v2\/comments?post=266034"}],"wp:featuredmedia":[{"embeddable":true,"href":"https:\/\/fincasolmark.com\/sv\/wp-json\/wp\/v2\/media\/266038"}],"wp:attachment":[{"href":"https:\/\/fincasolmark.com\/sv\/wp-json\/wp\/v2\/media?parent=266034"}],"wp:term":[{"taxonomy":"product_brand","embeddable":true,"href":"https:\/\/fincasolmark.com\/sv\/wp-json\/wp\/v2\/product_brand?post=266034"},{"taxonomy":"product_cat","embeddable":true,"href":"https:\/\/fincasolmark.com\/sv\/wp-json\/wp\/v2\/product_cat?post=266034"},{"taxonomy":"product_tag","embeddable":true,"href":"https:\/\/fincasolmark.com\/sv\/wp-json\/wp\/v2\/product_tag?post=266034"}],"curies":[{"name":"wp","href":"https:\/\/api.w.org\/{rel}","templated":true}]}}