{"id":264250,"date":"2021-10-14T16:14:49","date_gmt":"2021-10-14T14:14:49","guid":{"rendered":"http:\/\/fincasolmark.com\/?post_type=product&#038;p=264250"},"modified":"2026-04-08T22:27:19","modified_gmt":"2026-04-08T20:27:19","slug":"tropiska-ladan","status":"publish","type":"product","link":"https:\/\/fincasolmark.com\/sv\/producto\/tropiska-ladan\/","title":{"rendered":"Tropiska L\u00e5dan EKO 4kg"},"content":{"rendered":"<p style=\"font-weight: 400;\"><strong>Ekologisk tropisk fruktl\u00e5da<\/strong><\/p>\n<p style=\"font-weight: 400;\">Jag \u00e4r glad att kunna blanda en l\u00e5da med v\u00e5r b\u00e4sta ekologiska frukt just nu \u2013\u00a0<b>Avokado, Blodapelsiner, Kiwi\u00a0<\/b>och <b>Citron<\/b>.<\/p>\n<p style=\"font-weight: 400;\">Beroende p\u00e5 olika storlekar s\u00e5 \u00e4r det inte m\u00f6jligt att ge en exakt vikt per fruktsort, men det h\u00e4r \u00e4r ungef\u00e4r vad l\u00e5dan inneh\u00e5ller:<\/p>\n<p style=\"font-weight: 400;\">Avokado 2kg<br \/>\nBlodapelsin 1kg<br \/>\nKiwi 500g<br \/>\nCitron 500g<\/p>\n<p style=\"font-weight: 400;\">Totalt fyller vi l\u00e5dan med ungef\u00e4r 4kg godsaker som alla mognar nu. Det \u00e4r lite begr\u00e4nsade m\u00e4ngder, s\u00e5 v\u00e4nta inte f\u00f6r l\u00e4nge med att best\u00e4lla din l\u00e5da.<\/p>\n<p style=\"font-weight: 400;\">V\u00e5r ekologiska frukt \u00e4r ekologisk p\u00e5 riktigt! Inga konstgjorda etylenbehandlingar f\u00f6r att snabba p\u00e5 mognaden av frukten p\u00e5 artificiell v\u00e4g (\u201dgodk\u00e4nt\u201d inom ekologisk odling, men inget vi sysslar med). V\u00e5r frukt mognar p\u00e5 tr\u00e4den och plockas s\u00e5 n\u00e4ra sin perfekta mognadsgrad som m\u00f6jligt. Sen tar det ungef\u00e4r en vecka hem till ditt k\u00f6ksbord. Bra va?!<\/p>\n<p style=\"font-weight: 400;\">Eftersom vi gillar att g\u00f6ra saker lite extra bra s\u00e5 har vi valt att utveckla en variant av den gamla klassiska banankartongen, en riktigt rej\u00e4l l\u00e5da som fraktar frukten varsamt och utan st\u00f6tar som l\u00e4tt sker i enklare f\u00f6rpackningar. Kartongen kan sedan med f\u00f6rdel \u00e5teranv\u00e4ndas f\u00f6r att f\u00f6rvara saker i, eller varf\u00f6r inte som en l\u00e5da f\u00f6r katten?<\/p>\n","protected":false},"excerpt":{"rendered":"<p>L\u00e5da med 4kg av v\u00e5ra finaste tropiska ekologiska frukter<\/p>\n<div dir=\"ltr\">\n<p style=\"font-weight: 400;\">Jag \u00e4r glad att kunna blanda en l\u00e5da med v\u00e5r b\u00e4sta ekologiska frukt just nu \u2013\u00a0<strong>Avokado, Blodpelsin, Clementiner <\/strong>och\u00a0<strong>Citroner<\/strong>.<\/p>\n<p style=\"font-weight: 400;\">Beroende p\u00e5 olika storlekar s\u00e5 \u00e4r det inte m\u00f6jligt att ge en exakt vikt per fruktsort, men det h\u00e4r \u00e4r ungef\u00e4r vad l\u00e5dan inneh\u00e5ller:<\/p>\n<p style=\"font-weight: 400;\">Avokado 2kg<br \/>\nApelsin 1kg<br \/>\nClementin 500g<br \/>\nCitron 500g<\/p>\n<p style=\"font-weight: 400;\">** Just nu f\u00e5r du ocks\u00e5 en stycken KIWANO utan extra kostnad med denna l\u00e5da (v\u00e4rde 99kr) \u2013 g\u00e4ller tillsvidare**<\/p>\n<\/div>\n<p>*Antalen\/vikt kan variera litegrann beroende p\u00e5 storlek, men den totala vikten \u00e4r alltid minst 4kg. Vi kan tyv\u00e4rr inte g\u00f6ra specialare med eller utan fler\/f\u00e4rre saker.<\/p>\n","protected":false},"featured_media":370712,"comment_status":"open","ping_status":"closed","template":"","meta":{"_et_pb_use_builder":"off","_et_pb_old_content":"<strong><span lang=\"SV\">Ekologisk tropisk fruktl\u00e5da<\/span><\/strong><u><\/u><u><\/u>\r\n\r\nL\u00e5dan inneh\u00e5ller 4kg ekologisk tropisk frukt av absolut h\u00f6gsta kvalit\u00e9.\r\n\r\nJag \u00e4r glad att kunna blanda en l\u00e5da med v\u00e5r b\u00e4sta ekologiska frukt just nu \u2013 <strong>Passionsfrukt<\/strong>, <strong>Mango<\/strong> och <strong>Litchi<\/strong>. Beroende p\u00e5 olika storlekar s\u00e5 \u00e4r det inte m\u00f6jligt att ge en exakt vikt per fruktsort, men det h\u00e4r \u00e4r ungef\u00e4r vad l\u00e5dan inneh\u00e5ller:\r\n\r\nPassionsfrukt 1kg (ca 16-22st frukter)\r\nMango 1,5kg (mellan 3-6 frukter)\r\nPithaya R\u00f6d 1kg (3-4 frukter)\r\nLitchi 500gram\r\n\r\nTotalt fyller vi l\u00e5dan med 4kg godsaker som alla mognar nu. Det \u00e4r lite begr\u00e4nsade m\u00e4ngder, s\u00e5 v\u00e4nta inte f\u00f6r l\u00e4nge med att best\u00e4lla din l\u00e5da. Ibland kan det h\u00e4nda att vi l\u00e4gger med en liten \u00f6verraskningsfrukt ocks\u00e5, lite beroende p\u00e5 vad som mognar.\r\n\r\nV\u00e5r ekologiska frukt \u00e4r ekologisk p\u00e5 riktigt! Inga konstgjorda etylenbehandlingar f\u00f6r att snabba p\u00e5 mognaden av frukten p\u00e5 artificiell v\u00e4g (\u201dgodk\u00e4nt\u201d inom ekologisk odling, men inget vi sysslar med). V\u00e5r frukt mognar p\u00e5 tr\u00e4den och plockas s\u00e5 n\u00e4ra sin perfekta mognadsgrad som m\u00f6jligt. Sen tar det ungef\u00e4r en vecka hem till ditt k\u00f6ksbord. Bra va?!\r\n\r\nEftersom vi gillar att g\u00f6ra saker lite extra bra s\u00e5 har vi valt att utveckla en variant av den gamla klassiska banankartongen, en riktigt rej\u00e4l l\u00e5da som fraktar frukten varsamt och utan st\u00f6tar som l\u00e4tt sker i enklare f\u00f6rpackningar. Vi f\u00f6rpackar frukten i rej\u00e4lt med tr\u00e4ull och allting sker helt f\u00f6r hand. Kartongen kan sedan med f\u00f6rdel \u00e5teranv\u00e4ndas f\u00f6r att f\u00f6rvara saker i, eller varf\u00f6r inte som en l\u00e5da f\u00f6r katten?\r\n\r\nGivetvis levererar vi till HELA Sverige. \u00c4ven du som bor l\u00e5ngt ute p\u00e5 landsbygden har ju r\u00e4tt att njuta av god frukt.","_et_gb_content_width":""},"product_brand":[],"product_cat":[265],"product_tag":[],"class_list":{"0":"post-264250","1":"product","2":"type-product","3":"status-publish","4":"has-post-thumbnail","6":"product_cat-fruktlador","8":"first","9":"outofstock","10":"sale","11":"taxable","12":"shipping-taxable","13":"purchasable","14":"product-type-simple"},"_links":{"self":[{"href":"https:\/\/fincasolmark.com\/sv\/wp-json\/wp\/v2\/product\/264250","targetHints":{"allow":["GET"]}}],"collection":[{"href":"https:\/\/fincasolmark.com\/sv\/wp-json\/wp\/v2\/product"}],"about":[{"href":"https:\/\/fincasolmark.com\/sv\/wp-json\/wp\/v2\/types\/product"}],"replies":[{"embeddable":true,"href":"https:\/\/fincasolmark.com\/sv\/wp-json\/wp\/v2\/comments?post=264250"}],"wp:featuredmedia":[{"embeddable":true,"href":"https:\/\/fincasolmark.com\/sv\/wp-json\/wp\/v2\/media\/370712"}],"wp:attachment":[{"href":"https:\/\/fincasolmark.com\/sv\/wp-json\/wp\/v2\/media?parent=264250"}],"wp:term":[{"taxonomy":"product_brand","embeddable":true,"href":"https:\/\/fincasolmark.com\/sv\/wp-json\/wp\/v2\/product_brand?post=264250"},{"taxonomy":"product_cat","embeddable":true,"href":"https:\/\/fincasolmark.com\/sv\/wp-json\/wp\/v2\/product_cat?post=264250"},{"taxonomy":"product_tag","embeddable":true,"href":"https:\/\/fincasolmark.com\/sv\/wp-json\/wp\/v2\/product_tag?post=264250"}],"curies":[{"name":"wp","href":"https:\/\/api.w.org\/{rel}","templated":true}]}}