{"id":262942,"date":"2021-09-29T09:26:57","date_gmt":"2021-09-29T07:26:57","guid":{"rendered":"http:\/\/fincasolmark.com\/?post_type=product&#038;p=262942"},"modified":"2025-12-21T13:15:32","modified_gmt":"2025-12-21T12:15:32","slug":"granatapple-4kg-eko","status":"publish","type":"product","link":"https:\/\/fincasolmark.com\/sv\/producto\/granatapple-4kg-eko\/","title":{"rendered":"Granat\u00e4pple EKO &#8211; 4KG"},"content":{"rendered":"<p><strong>Ekologiska granat\u00e4pplen fr\u00e5n M\u00e1laga<\/strong><\/p>\n<p>L\u00e5dan inneh\u00e5ller 4kg ekologiska granat\u00e4pplen av absolut h\u00f6gsta kvalit\u00e9. De f\u00f6rsta f\u00f6r s\u00e4songen \u00e4r Acco, en ganska s\u00f6t sort med tunt skal och ursprung i Israel, medelstora frukter i mer eller mindre samma storlek r\u00e4tt \u00f6ver.<br \/>\nSedan f\u00f6ljer Mollar de Elche, de \u00e4r gula\/rosa\/r\u00f6da med tunt eller medeltjockt skal f\u00f6r att sedan g\u00e5 \u00f6ver till sorten Wonderful runt ny\u00e5r (Wonderful \u00e4r betydligt r\u00f6dare i f\u00e4rgen och lite syrligare i smaken).<\/p>\n<p>Acco och Mollar de Elche har en fin balans mellan syrlighet och s\u00f6tma medan Wonderful \u00e4r syrligare och med intensivt rosa\/r\u00f6da frukter (som de flesta ursprungliga citrusfrukter s\u00e5 kommer den r\u00f6da f\u00e4rgen fr\u00e5n fruktens inneh\u00e5ll av flavonoiden anticyanin).<\/p>\n<p>Granat\u00e4pplen kan v\u00e4ga mellan 200 och 600 gram och \u00e4r spr\u00e4ngfylld med antioxidanter och vitaminer (B, C och E) samt mineraler s\u00e5som zink, magnesium, j\u00e4rn och koppar.<\/p>\n","protected":false},"excerpt":{"rendered":"<p>L\u00e5da med 4kg kilo ekologiska granat\u00e4pplen<\/p>\n","protected":false},"featured_media":295995,"comment_status":"open","ping_status":"closed","template":"","meta":{"_et_pb_use_builder":"off","_et_pb_old_content":"<strong>Ekologiska granat\u00e4pplen fr\u00e5n M\u00e1laga<\/strong>\r\n\r\nL\u00e5dan inneh\u00e5ller 4kg ekologiska granat\u00e4pplen av absolut h\u00f6gsta kvalit\u00e9.\r\n\r\nVarje frukt v\u00e4ger mellan 200 och 600 gram och \u00e4r spr\u00e4ngfylld med antioxidanter och vitaminer (B, C och E) samt mineraler s\u00e5som zink, magnesium, j\u00e4rn och koppar.\r\n\r\nV\u00e5r ekologiska frukt \u00e4r ekologisk p\u00e5 riktigt! Inga konstgjorda etylenbehandlingar f\u00f6r att snabba p\u00e5 mognaden av frukten p\u00e5 artificiell v\u00e4g (\u201dgodk\u00e4nt\u201d inom ekologisk odling, men inget vi sysslar med). V\u00e5r frukt mognar p\u00e5 tr\u00e4den och plockas s\u00e5 n\u00e4ra sin perfekta mognadsgrad som m\u00f6jligt. Sen tar det ungef\u00e4r en vecka hem till ditt k\u00f6ksbord. Bra va?!\r\n\r\nEftersom vi gillar att g\u00f6ra saker lite extra bra s\u00e5 har vi valt att utveckla en variant av den gamla klassiska banankartongen, en riktigt rej\u00e4l l\u00e5da som fraktar frukten varsamt och utan st\u00f6tar som l\u00e4tt sker i enklare f\u00f6rpackningar. Vi f\u00f6rpackar frukten i rej\u00e4lt med tr\u00e4ull och allting sker helt f\u00f6r hand. Kartongen kan sedan med f\u00f6rdel \u00e5teranv\u00e4ndas f\u00f6r att f\u00f6rvara saker i, eller varf\u00f6r inte som en l\u00e5da f\u00f6r katten?\r\n\r\nGivetvis levererar vi till HELA Sverige. \u00c4ven du som bor l\u00e5ngt ute p\u00e5 landsbygden har ju r\u00e4tt att njuta av god frukt.\r\n\r\nJag hoppas verkligen att det m\u00e4rks, och att du uppskattar kvalit\u00e9n p\u00e5 v\u00e5r frukt. Vi l\u00e4gger stor omsorg och mycket engagemang i v\u00e5r produkt \u2013 f\u00f6r att kunna tillfredsst\u00e4lla \u00e4ven den mest kr\u00e4sne gastronomen. Jag ser verkligen fram emot att h\u00f6ra vad du tycker \u2013 skriv g\u00e4rna en rad eller sl\u00e5 en signal, kontaktuppgifterna finns h\u00f6gst upp p\u00e5 sidan!\r\n\r\nNamnet, Finca Solmark, \u00e4r en hyllning till det \u00f6stg\u00f6tska lilla kvarteret Solmark i Vikingstad, d\u00e4r jag v\u00e4xte upp. Har du v\u00e4garna f\u00f6rbi s\u00f6dra Spanien \u00e4r du varmt v\u00e4lkommen att bes\u00f6ka oss p\u00e5 g\u00e5rden och smaka p\u00e5 finca-livet, i en kombination av det b\u00e4sta ur svensk och spansk filosofi.","_et_gb_content_width":""},"product_brand":[],"product_cat":[151],"product_tag":[],"class_list":{"0":"post-262942","1":"product","2":"type-product","3":"status-publish","4":"has-post-thumbnail","6":"product_cat-granatapple","8":"first","9":"outofstock","10":"taxable","11":"shipping-taxable","12":"purchasable","13":"product-type-simple"},"_links":{"self":[{"href":"https:\/\/fincasolmark.com\/sv\/wp-json\/wp\/v2\/product\/262942","targetHints":{"allow":["GET"]}}],"collection":[{"href":"https:\/\/fincasolmark.com\/sv\/wp-json\/wp\/v2\/product"}],"about":[{"href":"https:\/\/fincasolmark.com\/sv\/wp-json\/wp\/v2\/types\/product"}],"replies":[{"embeddable":true,"href":"https:\/\/fincasolmark.com\/sv\/wp-json\/wp\/v2\/comments?post=262942"}],"wp:featuredmedia":[{"embeddable":true,"href":"https:\/\/fincasolmark.com\/sv\/wp-json\/wp\/v2\/media\/295995"}],"wp:attachment":[{"href":"https:\/\/fincasolmark.com\/sv\/wp-json\/wp\/v2\/media?parent=262942"}],"wp:term":[{"taxonomy":"product_brand","embeddable":true,"href":"https:\/\/fincasolmark.com\/sv\/wp-json\/wp\/v2\/product_brand?post=262942"},{"taxonomy":"product_cat","embeddable":true,"href":"https:\/\/fincasolmark.com\/sv\/wp-json\/wp\/v2\/product_cat?post=262942"},{"taxonomy":"product_tag","embeddable":true,"href":"https:\/\/fincasolmark.com\/sv\/wp-json\/wp\/v2\/product_tag?post=262942"}],"curies":[{"name":"wp","href":"https:\/\/api.w.org\/{rel}","templated":true}]}}