{"id":259747,"date":"2021-06-04T09:45:12","date_gmt":"2021-06-04T07:45:12","guid":{"rendered":"http:\/\/fincasolmark.com\/?post_type=product&#038;p=259747"},"modified":"2026-04-11T17:35:10","modified_gmt":"2026-04-11T15:35:10","slug":"extra-virgen-olivolja-selected","status":"publish","type":"product","link":"https:\/\/fincasolmark.com\/sv\/producto\/extra-virgen-olivolja-selected\/","title":{"rendered":"Extra Virgen Olivolja Finca Solmark SELECTED 500 ml"},"content":{"rendered":"<p style=\"font-weight: 400;\">\u00c5rets\u00a0ekologiska\u00a0olivolja\u00a0fr\u00e5n Finca Solmark, juicen fr\u00e5n oliverna som plockats fr\u00e5n v\u00e5ra tr\u00e4d i Carratraca, M\u00e1laga.<\/p>\n<p style=\"font-weight: 400;\">Oliverna \u00e4r noggrant plockade och oljan sedan kallpressad (max 27c) med stor omsorg s\u00e5 att egenskaperna beh\u00e5lls f\u00f6r att erh\u00e5lla en h\u00e4lsosam olja med len smak och h\u00f6g kvalitet f\u00f6r v\u00e5ra kunder.<\/p>\n<p style=\"font-weight: 400;\">Flaskan har vi givetvis gjort i en m\u00f6rk flaska och med ett vackert serigrafitryck. Den skall f\u00f6rvaras torrt, m\u00f6rkt och svalt f\u00f6r att h\u00e5lla kvar de goda egenskaperna s\u00e5 l\u00e4nge som m\u00f6jligt.<\/p>\n<p style=\"font-weight: 400;\">Det \u00e4r en alldeles utm\u00e4rkt g\u00e5va till n\u00e5gon du tycker om och vill ge n\u00e5got nyttigt.<\/p>\n<p style=\"font-weight: 400;\">Att ta en sked olivolja till frukosten \u00e4r inget ovanligt i Spanien. Det ger dig en massa nyttigheter och \u00e4r dessutom riktigt gott. Olivolja av god kvalit\u00e9 fungerar dessutom bra utv\u00e4rtes till torr hy osv.<\/p>\n<p style=\"font-weight: 400;\">Finns att k\u00f6pa som 1 l\u00f6s flaska (500ml) eller i paket om 6 flaskor a 500ml.<\/p>\n","protected":false},"excerpt":{"rendered":"<p><strong>Extra Jungfru Olivolja SELECTED Finca Solmark<\/strong><\/p>\n","protected":false},"featured_media":260402,"comment_status":"open","ping_status":"closed","template":"","meta":{"_et_pb_use_builder":"off","_et_pb_old_content":"V\u00e5r ekologiska extra virgen olivolja framst\u00e4lls av oliver med en mjuk och len smak och den \u00e4r perfekt att anv\u00e4nda i matlagningen p\u00e5 alla m\u00f6jliga s\u00e4tt. Du kan ringla den \u00f6ver en sallad, steka i den, anv\u00e4nda den till br\u00f6d eller varf\u00f6r inte att baka med. Med sin mjuka smak \u00e4r den extra god att anv\u00e4nda till prim\u00f6rer, fisk och gr\u00f6nsaker i stekpannan.\r\n\r\nJag l\u00e4gger stor omsorg och mycket engagemang i produkterna \u2013 f\u00f6r att kunna tillfredsst\u00e4lla \u00e4ven den mest kr\u00e4sne gastronomen.\r\n\r\nJag kallar den f\u00f6r SELECTED och jag hoppas verkligen att du uppskattar olivoljans arom och goda smak.\r\n\r\nOljan finns i f\u00f6rpackning om 6 glasflaskor a\u00b4 500ml eller 1 flaska a\u00b4500ml. Den kan ocks\u00e5 k\u00f6pas i flera olika kombinationsl\u00e5dor med t ex honung.","_et_gb_content_width":""},"product_brand":[],"product_cat":[57],"product_tag":[],"class_list":{"0":"post-259747","1":"product","2":"type-product","3":"status-publish","4":"has-post-thumbnail","6":"product_cat-olivolja","8":"first","9":"instock","10":"taxable","11":"shipping-taxable","12":"purchasable","13":"product-type-simple"},"_links":{"self":[{"href":"https:\/\/fincasolmark.com\/sv\/wp-json\/wp\/v2\/product\/259747","targetHints":{"allow":["GET"]}}],"collection":[{"href":"https:\/\/fincasolmark.com\/sv\/wp-json\/wp\/v2\/product"}],"about":[{"href":"https:\/\/fincasolmark.com\/sv\/wp-json\/wp\/v2\/types\/product"}],"replies":[{"embeddable":true,"href":"https:\/\/fincasolmark.com\/sv\/wp-json\/wp\/v2\/comments?post=259747"}],"wp:featuredmedia":[{"embeddable":true,"href":"https:\/\/fincasolmark.com\/sv\/wp-json\/wp\/v2\/media\/260402"}],"wp:attachment":[{"href":"https:\/\/fincasolmark.com\/sv\/wp-json\/wp\/v2\/media?parent=259747"}],"wp:term":[{"taxonomy":"product_brand","embeddable":true,"href":"https:\/\/fincasolmark.com\/sv\/wp-json\/wp\/v2\/product_brand?post=259747"},{"taxonomy":"product_cat","embeddable":true,"href":"https:\/\/fincasolmark.com\/sv\/wp-json\/wp\/v2\/product_cat?post=259747"},{"taxonomy":"product_tag","embeddable":true,"href":"https:\/\/fincasolmark.com\/sv\/wp-json\/wp\/v2\/product_tag?post=259747"}],"curies":[{"name":"wp","href":"https:\/\/api.w.org\/{rel}","templated":true}]}}