{"id":255899,"date":"2024-03-07T07:54:05","date_gmt":"2024-03-07T06:54:05","guid":{"rendered":"http:\/\/fincasolmark.com\/?post_type=product&#038;p=255899"},"modified":"2026-04-01T00:05:07","modified_gmt":"2026-03-31T22:05:07","slug":"honung-eukalyptus-1kg","status":"publish","type":"product","link":"https:\/\/fincasolmark.com\/sv\/producto\/honung-eukalyptus-1kg\/","title":{"rendered":"Honung Eukalyptusblommor"},"content":{"rendered":"<p><strong>Honung Eukalyptusblommor<\/strong><\/p>\n<p>V\u00e5r flytande Eukalyptushonung kommer fr\u00e5n omr\u00e5den med stora m\u00e4ngder Eukalyptustr\u00e4d i n\u00e4rheten av g\u00e5rden. Eukalyptus b\u00f6rjade planteras i Europa p\u00e5 1800-talet f\u00f6r att torka ut deltan och flodomr\u00e5den och \u00e4r vanligt f\u00f6rekommande i omr\u00e5den runt M\u00e1laga.<\/p>\n<p>Den har en mycket speciell arom av bl\u00f6tt tr\u00e4, mycket intensiv och karakteristisk, kanske den honung med starkast arom som finns (i alla fall av de \u00e5tta sorter som vi g\u00f6r). Smaken \u00e4r s\u00f6t med svagt syrliga toner och ofta en n\u00e5got svag salt ton.<\/p>\n<p>Som all v\u00e5r honung \u00e4r den oprocessad och givetvis 100% naturlig. Eukalyptushonungen har en m\u00f6rk och ibland gr\u00f6naktig f\u00e4rg.<\/p>\n<p>Eukalyptushonungen \u00e4r god till andra smak- och doftrika matr\u00e4tter, och kan ocks\u00e5 fungera bra som motpol (i mindre m\u00e4ngd) till mat som inte \u00e4r s\u00e5 smakrik \u2013 f\u00e4rskost, yoghurt osv.<\/p>\n","protected":false},"excerpt":{"rendered":"<p>Denna honung \u00e4r perfekt till smak- och doftrika matr\u00e4tter.<\/p>\n","protected":false},"featured_media":268813,"comment_status":"open","ping_status":"closed","template":"","meta":{"_et_pb_use_builder":"off","_et_pb_old_content":"<strong>Honung Eukalyptus 300g\/500g\/1kg<\/strong>\r\n\r\nV\u00e5r flytande Eukalyptushonung kommer fr\u00e5n omr\u00e5den med stora m\u00e4ngder Eukalyptustr\u00e4d i n\u00e4rheten av g\u00e5rden. Eukalyptus b\u00f6rjade planteras i Europa p\u00e5 1800-talet f\u00f6r att torka ut deltan och flodomr\u00e5den och \u00e4r vanligt f\u00f6rekommande i omr\u00e5den runt M\u00e1laga.\r\n\r\nDen har en mycket speciell arom av bl\u00f6tt tr\u00e4, mycket intensiv och karakteristisk, kanske den honung med starkast arom som finns (i alla fall av de sju sorter som vi g\u00f6r). Smaken \u00e4r s\u00f6t med svagt syrliga toner och ofta en n\u00e5got svag salt ton.\r\n\r\nSom all v\u00e5r honung \u00e4r den oprocessad och givetvis 100% naturlig. Eukalyptushonungen har en m\u00f6rk och ibland gr\u00f6naktig f\u00e4rg.\r\n\r\nEukalyptushonungen \u00e4r god till andra smak- och doftrika matr\u00e4tter, och kan ocks\u00e5 fungera bra som motpol (i mindre m\u00e4ngd) till mat som inte \u00e4r s\u00e5 smakrik \u2013 f\u00e4rskost, yoghurt osv.","_et_gb_content_width":""},"product_brand":[],"product_cat":[124],"product_tag":[],"class_list":{"0":"post-255899","1":"product","2":"type-product","3":"status-publish","4":"has-post-thumbnail","6":"product_cat-honung","8":"first","9":"instock","10":"sale","11":"taxable","12":"shipping-taxable","13":"purchasable","14":"product-type-variable","15":"has-default-attributes"},"_links":{"self":[{"href":"https:\/\/fincasolmark.com\/sv\/wp-json\/wp\/v2\/product\/255899","targetHints":{"allow":["GET"]}}],"collection":[{"href":"https:\/\/fincasolmark.com\/sv\/wp-json\/wp\/v2\/product"}],"about":[{"href":"https:\/\/fincasolmark.com\/sv\/wp-json\/wp\/v2\/types\/product"}],"replies":[{"embeddable":true,"href":"https:\/\/fincasolmark.com\/sv\/wp-json\/wp\/v2\/comments?post=255899"}],"wp:featuredmedia":[{"embeddable":true,"href":"https:\/\/fincasolmark.com\/sv\/wp-json\/wp\/v2\/media\/268813"}],"wp:attachment":[{"href":"https:\/\/fincasolmark.com\/sv\/wp-json\/wp\/v2\/media?parent=255899"}],"wp:term":[{"taxonomy":"product_brand","embeddable":true,"href":"https:\/\/fincasolmark.com\/sv\/wp-json\/wp\/v2\/product_brand?post=255899"},{"taxonomy":"product_cat","embeddable":true,"href":"https:\/\/fincasolmark.com\/sv\/wp-json\/wp\/v2\/product_cat?post=255899"},{"taxonomy":"product_tag","embeddable":true,"href":"https:\/\/fincasolmark.com\/sv\/wp-json\/wp\/v2\/product_tag?post=255899"}],"curies":[{"name":"wp","href":"https:\/\/api.w.org\/{rel}","templated":true}]}}