{"id":255897,"date":"2024-03-07T07:54:06","date_gmt":"2024-03-07T06:54:06","guid":{"rendered":"http:\/\/fincasolmark.com\/?post_type=product&#038;p=255897"},"modified":"2026-04-01T00:05:07","modified_gmt":"2026-03-31T22:05:07","slug":"honung-kastanj-1kg","status":"publish","type":"product","link":"https:\/\/fincasolmark.com\/sv\/producto\/honung-kastanj-1kg\/","title":{"rendered":"Honung Kastanjblommor"},"content":{"rendered":"<p><strong>Honung Kastanjblommor<\/strong><\/p>\n<p>V\u00e5r flytande Kastanjhonung kommer fr\u00e5n omr\u00e5den med stora m\u00e4ngder kastanj i n\u00e4rheten av M\u00e1laga, inte l\u00e5ngt fr\u00e5n g\u00e5rden.<\/p>\n<p>Den har en speciell arom av torrt tr\u00e4 mot en blommig bas. Smaken \u00e4r \u00e5t det syrliga h\u00e5llet med ett s\u00f6tt och ibland salt inslag, lite beroende p\u00e5 om den ibland inneh\u00e5ller lite av blommor fr\u00e5n n\u00e4rliggande sn\u00e5riga buskar som t ex bj\u00f6rnb\u00e4r.<\/p>\n<p>Som all v\u00e5r honung \u00e4r den oprocessad och givetvis 100% naturlig. Kastanjhonungen har en m\u00f6rk och ibland brun-gr\u00f6naktig f\u00e4rg.<\/p>\n<p>Kastanjhonungen \u00e4r god till viltk\u00f6tt och saker s\u00e5som glass, n\u00f6tter mm samt till bakverk.<\/p>\n","protected":false},"excerpt":{"rendered":"<p>Denna m\u00f6rka honung \u00e4r god till viltk\u00f6tt, glass, n\u00f6tter och bakverk.<\/p>\n","protected":false},"featured_media":268817,"comment_status":"open","ping_status":"closed","template":"","meta":{"_et_pb_use_builder":"off","_et_pb_old_content":"<strong>Honung Kastanj 300g\/500g\/1kg<\/strong>\r\n\r\nV\u00e5r flytande Kastanjhonung kommer fr\u00e5n omr\u00e5den med stora m\u00e4ngder kastanj i n\u00e4rheten av M\u00e1laga, inte l\u00e5ngt fr\u00e5n g\u00e5rden.\r\n\r\nDen har en speciell arom av torrt tr\u00e4 mot en blommig bas. Smaken \u00e4r \u00e5t det syrliga h\u00e5llet med ett s\u00f6tt och ibland salt inslag, lite beroende p\u00e5 om den ibland inneh\u00e5ller lite av blommor fr\u00e5n n\u00e4rliggande sn\u00e5riga buskar som t ex bj\u00f6rnb\u00e4r.\r\n\r\nSom all v\u00e5r honung \u00e4r den oprocessad och givetvis 100% naturlig. Kastanjhonungen har en m\u00f6rk och ibland brun-gr\u00f6naktig f\u00e4rg.\r\n\r\nKastanjhonungen \u00e4r god till viltk\u00f6tt och saker s\u00e5som glass, n\u00f6tter mm samt till bakverk.","_et_gb_content_width":""},"product_brand":[],"product_cat":[124],"product_tag":[],"class_list":{"0":"post-255897","1":"product","2":"type-product","3":"status-publish","4":"has-post-thumbnail","6":"product_cat-honung","8":"first","9":"instock","10":"sale","11":"taxable","12":"shipping-taxable","13":"purchasable","14":"product-type-variable","15":"has-default-attributes"},"_links":{"self":[{"href":"https:\/\/fincasolmark.com\/sv\/wp-json\/wp\/v2\/product\/255897","targetHints":{"allow":["GET"]}}],"collection":[{"href":"https:\/\/fincasolmark.com\/sv\/wp-json\/wp\/v2\/product"}],"about":[{"href":"https:\/\/fincasolmark.com\/sv\/wp-json\/wp\/v2\/types\/product"}],"replies":[{"embeddable":true,"href":"https:\/\/fincasolmark.com\/sv\/wp-json\/wp\/v2\/comments?post=255897"}],"wp:featuredmedia":[{"embeddable":true,"href":"https:\/\/fincasolmark.com\/sv\/wp-json\/wp\/v2\/media\/268817"}],"wp:attachment":[{"href":"https:\/\/fincasolmark.com\/sv\/wp-json\/wp\/v2\/media?parent=255897"}],"wp:term":[{"taxonomy":"product_brand","embeddable":true,"href":"https:\/\/fincasolmark.com\/sv\/wp-json\/wp\/v2\/product_brand?post=255897"},{"taxonomy":"product_cat","embeddable":true,"href":"https:\/\/fincasolmark.com\/sv\/wp-json\/wp\/v2\/product_cat?post=255897"},{"taxonomy":"product_tag","embeddable":true,"href":"https:\/\/fincasolmark.com\/sv\/wp-json\/wp\/v2\/product_tag?post=255897"}],"curies":[{"name":"wp","href":"https:\/\/api.w.org\/{rel}","templated":true}]}}