{"id":255896,"date":"2024-03-07T07:54:07","date_gmt":"2024-03-07T06:54:07","guid":{"rendered":"http:\/\/fincasolmark.com\/?post_type=product&#038;p=255896"},"modified":"2026-05-13T10:57:56","modified_gmt":"2026-05-13T08:57:56","slug":"honung-rosmarin-1kg","status":"publish","type":"product","link":"https:\/\/fincasolmark.com\/sv\/producto\/honung-rosmarin-1kg\/","title":{"rendered":"Honung Rosmarinblommor"},"content":{"rendered":"<p><strong>Honung Rosmarinblommor<\/strong><\/p>\n<p>V\u00e5r flytande Rosmarinhonung kommer fr\u00e5n de enorma m\u00e4ngder rosmarin som finns p\u00e5 berget ovanf\u00f6r g\u00e5rden.<\/p>\n<p>Doften \u00e4r svagt blommig och kan ibland g\u00e5 \u00e5t det lite fruktiga h\u00e5llet eftersom det finns en del mandeltr\u00e4d i omr\u00e5det. Smaken \u00e4r s\u00f6t och ibland lite l\u00e4tt syrlig.<\/p>\n<p>Som all v\u00e5r honung \u00e4r den oprocessad och givetvis 100% naturlig. Rosmarinhonungen har en h\u00e4rlig gyllene f\u00e4rg.<\/p>\n<p>Rosmarinhonungen \u00e4r s\u00f6t utan att vara sliskig p\u00e5 n\u00e5got s\u00e4tt och \u00e4r god till all typ av mat d\u00e4r du vill addera lite s\u00f6tma och god arom. Den \u00e4r perfekt att sp\u00e4da ut med lite vatten och tills\u00e4tta i dressingar till sallader, \u00e4ven s\u00e5 som komplement till fiskr\u00e4tter d\u00e4r den med f\u00f6rdel tills\u00e4tts strax innan servering, och i \u00f6vrigt till m\u00e5nga olika typer av k\u00f6ttr\u00e4tter, efterr\u00e4tter, frukter, sallader, infusioner och uppfriskande drycker.<\/p>\n","protected":false},"excerpt":{"rendered":"<p>V\u00e5r rosmarinhonung \u00e4r utm\u00e4rkt till salladsdressingar, fisk, k\u00f6tt och mycket annat.<\/p>\n","protected":false},"featured_media":268822,"comment_status":"open","ping_status":"closed","template":"","meta":{"_et_pb_use_builder":"off","_et_pb_old_content":"<strong>Honung Rosmarin 300g\/500g\/1kg<\/strong>\r\n\r\nV\u00e5r flytande Rosmarinhonung kommer fr\u00e5n de enorma m\u00e4ngder rosmarin som finns p\u00e5 berget ovanf\u00f6r g\u00e5rden.\r\n\r\nDoften \u00e4r svagt blommig och kan ibland g\u00e5 \u00e5t det lite fruktiga h\u00e5llet eftersom det finns en del mandeltr\u00e4d i omr\u00e5det. Smaken \u00e4r s\u00f6t och ibland lite l\u00e4tt syrlig.\r\n\r\nSom all v\u00e5r honung \u00e4r den oprocessad och givetvis 100% naturlig. Rosmarinhonungen har en h\u00e4rlig gyllene f\u00e4rg.\r\n\r\nRosmarinhonungen \u00e4r s\u00f6t utan att vara sliskig p\u00e5 n\u00e5got s\u00e4tt och \u00e4r god till all typ av mat d\u00e4r du vill addera lite s\u00f6tma och god arom. Den \u00e4r perfekt att sp\u00e4da ut med lite vatten och tills\u00e4tta i dressingar till sallader, \u00e4ven s\u00e5 som komplement till fiskr\u00e4tter d\u00e4r den med f\u00f6rdel tills\u00e4tts strax innan servering, och i \u00f6vrigt till m\u00e5nga olika typer av k\u00f6ttr\u00e4tter, efterr\u00e4tter, frukter, sallader, infusioner och uppfriskande drycker.","_et_gb_content_width":""},"product_brand":[],"product_cat":[124],"product_tag":[],"class_list":{"0":"post-255896","1":"product","2":"type-product","3":"status-publish","4":"has-post-thumbnail","6":"product_cat-honung","8":"first","9":"instock","10":"sale","11":"taxable","12":"shipping-taxable","13":"purchasable","14":"product-type-variable","15":"has-default-attributes"},"_links":{"self":[{"href":"https:\/\/fincasolmark.com\/sv\/wp-json\/wp\/v2\/product\/255896","targetHints":{"allow":["GET"]}}],"collection":[{"href":"https:\/\/fincasolmark.com\/sv\/wp-json\/wp\/v2\/product"}],"about":[{"href":"https:\/\/fincasolmark.com\/sv\/wp-json\/wp\/v2\/types\/product"}],"replies":[{"embeddable":true,"href":"https:\/\/fincasolmark.com\/sv\/wp-json\/wp\/v2\/comments?post=255896"}],"wp:featuredmedia":[{"embeddable":true,"href":"https:\/\/fincasolmark.com\/sv\/wp-json\/wp\/v2\/media\/268822"}],"wp:attachment":[{"href":"https:\/\/fincasolmark.com\/sv\/wp-json\/wp\/v2\/media?parent=255896"}],"wp:term":[{"taxonomy":"product_brand","embeddable":true,"href":"https:\/\/fincasolmark.com\/sv\/wp-json\/wp\/v2\/product_brand?post=255896"},{"taxonomy":"product_cat","embeddable":true,"href":"https:\/\/fincasolmark.com\/sv\/wp-json\/wp\/v2\/product_cat?post=255896"},{"taxonomy":"product_tag","embeddable":true,"href":"https:\/\/fincasolmark.com\/sv\/wp-json\/wp\/v2\/product_tag?post=255896"}],"curies":[{"name":"wp","href":"https:\/\/api.w.org\/{rel}","templated":true}]}}